{"id":11,"date":"2013-08-28T15:25:40","date_gmt":"2013-08-28T12:25:40","guid":{"rendered":"http:\/\/inglitiib.eu\/harkujarve-kiriku-taastamise-selts\/?page_id=11-old"},"modified":"2023-11-03T22:12:26","modified_gmt":"2023-11-03T20:12:26","slug":"kontakt","status":"publish","type":"page","link":"https:\/\/inglitiib.eu\/harkujarve-kirik-ja-kogukonnakeskus\/kontakt\/","title":{"rendered":"<!--:et-->Kontakt<!--:-->"},"content":{"rendered":"<p><!--:et-->Koguduse \u00f5petaja: <strong>Avo \u00dcprus<br \/>\n<\/strong>e- post: avo@estodiac.eu<br \/>\nTel: 502 0857<\/p>\n<p>e- post: info@inglitiib.eu<\/p>\n<p><strong>Jumalateenistused toimuvad igal p\u00fchap\u00e4eval algusega kell 17:00<\/strong><\/p>\n<p>Aadress:<br \/>\n<strong>Harkuj\u00e4rve k\u00fcla,<\/strong><br \/>\n<strong>Kiriku tee 2, Harku vald, 76912<\/strong><\/p>\n<p>Tallinna \u00fchistranspordi liin nr.<strong>27<\/strong> s\u00f5iduplaan:<br \/>\nsuunal Laagri alevik &#8211; Harkuj\u00e4rve Kirik <a href=\"http:\/\/soiduplaan.tallinn.ee\/#bus\/27\/b-a\/04501-1\">http:\/\/soiduplaan.tallinn.ee\/#bus\/27\/b-a\/04501-1<\/a><br \/>\nsuunal Harkuj\u00e4rve Kirik &#8211; Laagri Alevik <a href=\"http:\/\/soiduplaan.tallinn.ee\/#bus\/27\/a-b\/47007-1\">http:\/\/soiduplaan.tallinn.ee\/#bus\/27\/a-b\/47007-1<\/a><\/p>\n<p><iframe loading=\"lazy\" src=\"https:\/\/maps.google.com\/maps?q=Harju+County,+Kiriku+tee+2,+Harkuj%C3%A4rve,+Harku+Parish,+Estonia&amp;layer=c&amp;sll=59.416169,24.601479&amp;cbp=11,328.27,,0,-3.57&amp;cbll=59.415886,24.602149&amp;hl=en&amp;ie=UTF8&amp;hq=&amp;hnear=Kiriku+tee+2,+Harkuj%C3%A4rve,+76912,+Estonia&amp;t=m&amp;panoid=lat5Kmn0AvSNpj9qkAKBtQ&amp;source=embed&amp;ll=59.407399,24.611177&amp;spn=0.026209,0.077248&amp;z=14&amp;output=svembed\" width=\"900\" height=\"600\" frameborder=\"0\" marginwidth=\"0\" marginheight=\"0\" scrolling=\"no\"><\/iframe><br \/>\n<small><a style=\"color: #0000ff; text-align: left;\" href=\"https:\/\/maps.google.com\/maps?q=Harju+County,+Kiriku+tee+2,+Harkuj%C3%A4rve,+Harku+Parish,+Estonia&amp;layer=c&amp;sll=59.416169,24.601479&amp;cbp=11,328.27,,0,-3.57&amp;cbll=59.415886,24.602149&amp;hl=en&amp;ie=UTF8&amp;hq=&amp;hnear=Kiriku+tee+2,+Harkuj%C3%A4rve,+76912,+Estonia&amp;t=m&amp;panoid=lat5Kmn0AvSNpj9qkAKBtQ&amp;source=embed&amp;ll=59.407399,24.611177&amp;spn=0.026209,0.077248&amp;z=14\">Vaata suuremat kaarti<\/a><\/small><!--:--><\/p>\n","protected":false},"excerpt":{"rendered":"<p>Koguduse \u00f5petaja: Avo \u00dcprus e- post: avo@estodiac.eu Tel: 502 0857 e- post: info@inglitiib.eu Jumalateenistused toimuvad igal p\u00fchap\u00e4eval algusega kell 17:00 Aadress: Harkuj\u00e4rve k\u00fcla, Kiriku tee 2, Harku vald, 76912 Tallinna \u00fchistranspordi liin nr.27 s\u00f5iduplaan: suunal Laagri alevik &#8211; Harkuj\u00e4rve Kirik http:\/\/soiduplaan.tallinn.ee\/#bus\/27\/b-a\/04501-1 suunal Harkuj\u00e4rve Kirik &#8211; Laagri Alevik http:\/\/soiduplaan.tallinn.ee\/#bus\/27\/a-b\/47007-1 Vaata suuremat kaarti<\/p>\n","protected":false},"author":1,"featured_media":0,"parent":0,"menu_order":14,"comment_status":"closed","ping_status":"closed","template":"","meta":{"cybocfi_hide_featured_image":"","footnotes":""},"class_list":["post-11","page","type-page","status-publish","hentry"],"_links":{"self":[{"href":"https:\/\/inglitiib.eu\/harkujarve-kirik-ja-kogukonnakeskus\/wp-json\/wp\/v2\/pages\/11","targetHints":{"allow":["GET"]}}],"collection":[{"href":"https:\/\/inglitiib.eu\/harkujarve-kirik-ja-kogukonnakeskus\/wp-json\/wp\/v2\/pages"}],"about":[{"href":"https:\/\/inglitiib.eu\/harkujarve-kirik-ja-kogukonnakeskus\/wp-json\/wp\/v2\/types\/page"}],"author":[{"embeddable":true,"href":"https:\/\/inglitiib.eu\/harkujarve-kirik-ja-kogukonnakeskus\/wp-json\/wp\/v2\/users\/1"}],"replies":[{"embeddable":true,"href":"https:\/\/inglitiib.eu\/harkujarve-kirik-ja-kogukonnakeskus\/wp-json\/wp\/v2\/comments?post=11"}],"version-history":[{"count":2,"href":"https:\/\/inglitiib.eu\/harkujarve-kirik-ja-kogukonnakeskus\/wp-json\/wp\/v2\/pages\/11\/revisions"}],"predecessor-version":[{"id":2225,"href":"https:\/\/inglitiib.eu\/harkujarve-kirik-ja-kogukonnakeskus\/wp-json\/wp\/v2\/pages\/11\/revisions\/2225"}],"wp:attachment":[{"href":"https:\/\/inglitiib.eu\/harkujarve-kirik-ja-kogukonnakeskus\/wp-json\/wp\/v2\/media?parent=11"}],"curies":[{"name":"wp","href":"https:\/\/api.w.org\/{rel}","templated":true}]}}