{"id":1205,"date":"2016-03-08T16:12:31","date_gmt":"2016-03-08T14:12:31","guid":{"rendered":"http:\/\/inglitiib.eu\/harkujarve-kiriku-taastamise-selts\/?page_id=1205-old"},"modified":"2024-11-08T12:12:04","modified_gmt":"2024-11-08T10:12:04","slug":"leerikool-3","status":"publish","type":"page","link":"https:\/\/inglitiib.eu\/harkujarve-kirik-ja-kogukonnakeskus\/leerikool-3\/","title":{"rendered":"Leerikool"},"content":{"rendered":"<div  data-id=\"initial-content-section\" data-export-id=\"initial-content-section\" data-label=\"Initial Content\" id=\"initial-content-section\" class=\"content-section content-section-spacing\">\r\n   <div  class=\"gridContainer\">\r\n     <div  class=\"row\">\r\n\r\n        <div  class=\"col-xs-12 col-sm-12\">                <p ><\/p>\r\n<p >Kaks korda aastas, kevadel ja s\u00fcgisel, toimub Harkuj\u00e4rve kirikus leerikool. Huvilistel palume kirjutada<\/p>\r\n<p ><\/p>\r\n<p ><\/p>\r\n<p >info@inglitiib.eu v\u00f5i helistada numbril 50 20 857<\/p>\r\n<p ><\/p>\r\n<p ><\/p>\r\n<p >Inglitiiva all on hea!<\/p>\r\n<p ><\/p>\r\n<p ><\/p>\r\n<div  class=\"wp-block-columns is-layout-flex wp-container-4 wp-block-columns-is-layout-flex\">\r\n<div  class=\"wp-block-column is-layout-flow wp-block-column-is-layout-flow\" style=\"flex-basis: 100%;\"><p ><\/p>\r\n<figure  class=\"wp-block-gallery has-nested-images columns-default is-cropped wp-block-gallery-1 is-layout-flex wp-block-gallery-is-layout-flex fbx-instance\">\r\n<figure  class=\"wp-block-image size-full\"><a  href=\"https:\/\/inglitiib.eu\/harkujarve-kirik-ja-kogukonnakeskus\/wp-content\/uploads\/2020\/08\/mobiilne-e1598106419558.jpg\" class=\"fbx-link\"><img decoding=\"async\" fetchpriority=\"high\" width=\"386\" height=\"522\"  src=\"https:\/\/inglitiib.eu\/harkujarve-kirik-ja-kogukonnakeskus\/wp-content\/uploads\/2020\/08\/mobiilne-e1707832233913.jpg\" alt=\"\" class=\"wp-image-1493\"><\/a><\/figure>\r\n<p ><\/p>\r\n<p ><\/p>\r\n<figure  class=\"wp-block-image size-mesmerize-full-hd\"><img loading=\"lazy\" decoding=\"async\" width=\"810\" height=\"1080\"  src=\"https:\/\/inglitiib.eu\/harkujarve-kirik-ja-kogukonnakeskus\/wp-content\/uploads\/2023\/11\/20230705_171442-810x1080.jpg\" alt=\"\" class=\"wp-image-2097\"><\/figure>\r\n<p ><\/p><\/figure>\r\n<p ><\/p><\/div>\r\n<p ><\/p><\/div>\r\n<p ><\/p>\r\n<p ><\/p>\r\n<p ><\/p>\r\n<p ><\/p>\r\n<p ><\/p>\r\n<p >Avo \u00dcprus<br >EELK Harkuj\u00e4rve koguduse \u00f5petaja<\/p>\r\n<p ><\/p>\r\n<p ><\/p>\r\n<p ><\/p>\r\n\r\n          <\/div>\r\n      <\/div>\r\n  <\/div>\r\n<\/div>","protected":false},"excerpt":{"rendered":"<p>Kaks korda aastas, kevadel ja s\u00fcgisel, toimub Harkuj\u00e4rve kirikus leerikool. Huvilistel palume kirjutada info@inglitiib.eu v\u00f5i helistada numbril 50 20 857 Inglitiiva all on hea! Avo \u00dcprusEELK Harkuj\u00e4rve koguduse \u00f5petaja<\/p>\n","protected":false},"author":5,"featured_media":0,"parent":0,"menu_order":0,"comment_status":"closed","ping_status":"closed","template":"pro\/page-templates\/full-width-page.php","meta":{"cybocfi_hide_featured_image":"","footnotes":""},"class_list":["post-1205","page","type-page","status-publish","hentry"],"_links":{"self":[{"href":"https:\/\/inglitiib.eu\/harkujarve-kirik-ja-kogukonnakeskus\/wp-json\/wp\/v2\/pages\/1205","targetHints":{"allow":["GET"]}}],"collection":[{"href":"https:\/\/inglitiib.eu\/harkujarve-kirik-ja-kogukonnakeskus\/wp-json\/wp\/v2\/pages"}],"about":[{"href":"https:\/\/inglitiib.eu\/harkujarve-kirik-ja-kogukonnakeskus\/wp-json\/wp\/v2\/types\/page"}],"author":[{"embeddable":true,"href":"https:\/\/inglitiib.eu\/harkujarve-kirik-ja-kogukonnakeskus\/wp-json\/wp\/v2\/users\/5"}],"replies":[{"embeddable":true,"href":"https:\/\/inglitiib.eu\/harkujarve-kirik-ja-kogukonnakeskus\/wp-json\/wp\/v2\/comments?post=1205"}],"version-history":[{"count":17,"href":"https:\/\/inglitiib.eu\/harkujarve-kirik-ja-kogukonnakeskus\/wp-json\/wp\/v2\/pages\/1205\/revisions"}],"predecessor-version":[{"id":2405,"href":"https:\/\/inglitiib.eu\/harkujarve-kirik-ja-kogukonnakeskus\/wp-json\/wp\/v2\/pages\/1205\/revisions\/2405"}],"wp:attachment":[{"href":"https:\/\/inglitiib.eu\/harkujarve-kirik-ja-kogukonnakeskus\/wp-json\/wp\/v2\/media?parent=1205"}],"curies":[{"name":"wp","href":"https:\/\/api.w.org\/{rel}","templated":true}]}}