{"id":15,"date":"2013-08-28T15:30:33","date_gmt":"2013-08-28T12:30:33","guid":{"rendered":"http:\/\/inglitiib.eu\/harkujarve-kiriku-taastamise-selts\/?page_id=15-old"},"modified":"2024-11-08T11:53:01","modified_gmt":"2024-11-08T09:53:01","slug":"tere-tulemast-2","status":"publish","type":"page","link":"https:\/\/inglitiib.eu\/harkujarve-kirik-ja-kogukonnakeskus\/tere-tulemast-2\/","title":{"rendered":"Tere tulemast"},"content":{"rendered":"<p><!--:et--><\/p>\n<p style=\"text-align: left;\"><strong>Harkuj\u00e4rve Kiriku Taastamise Seltsi <\/strong><strong>kodulehele<\/strong><\/p>\n<p>Harkuj\u00e4rve Kiriku Taastamise Selts on avalikes huvides tegutsev mittetulundus\u00fching, mis j\u00e4rgib vaba\u00fchenduste <a title=\"Eetikakoodeks\" href=\"http:\/\/inglitiib.eu\/harkujarve-kiriku-taastamise-selts\/eetikakoodeks\/\">eetikakoodeksit<\/a> ja h\u00e4id tavasid. Seltsi missiooniks on taastada Harkuj\u00e4rve kirik kogukonnakeskusena ning j\u00e4\u00e4dvustada sellega Aino J\u00e4rvesoo m\u00e4lestus. Aino J\u00e4rvesoo unistas perede ja laste kirikust. Me t\u00f6\u00f6tame me selle unistuse elluviimiseks koos Harkuj\u00e4rve peredega.<\/p>\n<p><strong>1. Mis on perekirik?<\/strong><br \/>\nPerekirik on ruum, kus lapsed ja pered on pearollis. Tegevused ja teenistused on planeeritud l\u00e4htudes laste vajadustest. Perekirikus saavad kokku erinevad p\u00f5lvkonnad \u00f5ppides \u00fcksteise k\u00e4est elu ja kasvades kokku Jumala perekonnaks. Perekiriku m\u00e4rks\u00f5naseks on osadus, avatus ja aktiivsus.\u00a0Perekirikus on lubatud naerda, nutta, imetleda ja imestada, k\u00fcsida k\u00fcsimusi ja nautida vaikuse hetki. Kiriku hoonesse on oodatud pered mitte ainult traditsiooniliste teenistuste juurde, vaid igasugustesse kogukonna huvitegevustesse, lastehoidu, peren\u00f5ustamisele ja kultuuris\u00fcndmustele. Kogukond vajab oma keskust, kus uksed oleks avatud k\u00f5igile: eelk\u00f5ige lastele ja noortele, aga ka v\u00e4hekindlustatud peredele, otsijatele, ettev\u00f5tjatele ja aktiviteetide korraldajatele. K\u00f5ige parem asi selle projekti juures on, et seda tehakse koos, l\u00e4htudes Harkuj\u00e4rve kirikut \u00fcmbritseva kogukonna vajadustest. Harkuj\u00e4rve perekiriku s\u00fcda tuksub oma kogukonna r\u00fctmis!<\/p>\n<p><a href=\"http:\/\/inglitiib.eu\/harkujarve-kiriku-taastamise-selts\/wp-content\/uploads\/2013\/08\/Pia.jpg\"><img loading=\"lazy\" decoding=\"async\" class=\"alignleft wp-image-860\" title=\"Pia Ruotsala\" src=\"http:\/\/inglitiib.eu\/harkujarve-kiriku-taastamise-selts\/wp-content\/uploads\/2013\/08\/Pia.jpg\" alt=\"\" width=\"100\" height=\"159\" \/><\/a>Pia Ruotsala<br \/>\nEELK peret\u00f6\u00f6<br \/>\nkoordinaator<\/p>\n<p><strong>2. Koolirahva vaatenurgast.<\/strong><br \/>\nHarkuj\u00e4rve kool on aastaid kasutanud kirikut kontserdisaalina, sest endal hea akustikaga saal puudub. Lapsevanemad olid harjunud, et j\u00f5ulude eel toimus kirikus s\u00fcdamlik j\u00f5ulukontsert. M\u00f5ni aasta tagasi see traditsioon aga katkes. P\u00f5hjusi oli tookord mitmeid, \u00fcks t\u00e4htsamaid neist ruumide ebapiisav k\u00fctmine. Kui k\u00fcttes\u00fcsteemi korda saaks, oleks kool kindlasti valmis kord &#8211; paar aastas kogukonnale kontserdi andma. Kuid kool oleks valmis seal ka muid kogukonnale suunatud \u00fcritusi korraldama!<br \/>\nOn kurb t\u00f5deda, et Harkuj\u00e4rvel pole praegu mingit keskust, kus lapsed ja noored saaksid kokku tulla ja \u00fchiselt midagi ette v\u00f5tta. Toetan igati algatust rajada kirikusse kogukonnakeskus, kus oleks koht ka noortekeskusel. Siis oleks ka Harkuj\u00e4rve piirkonna lastel ja noortel koht, kus m\u00f5nusalt ja sisukalt aega veeta. Tegutsemishimulisi k\u00fclastajaid j\u00e4tkuks kindlasti igaks \u00f5htuks!<\/p>\n<p><a href=\"http:\/\/inglitiib.eu\/harkujarve-kiriku-taastamise-selts\/wp-content\/uploads\/2013\/08\/K\u00fclli-e1390735160501.jpg\"><img loading=\"lazy\" decoding=\"async\" class=\"alignleft wp-image-166\" title=\"K\u00fclli Riistop\" src=\"http:\/\/inglitiib.eu\/harkujarve-kiriku-taastamise-selts\/wp-content\/uploads\/2013\/08\/K\u00fclli-260x300.jpg\" alt=\"K\u00fclli Riistop\" width=\"113\" height=\"130\" \/><\/a><\/p>\n<p>Ootuste t\u00e4itumise lootuses<br \/>\nK\u00fclli Riistop<br \/>\nHarkuj\u00e4rve p\u00f5hikooli<br \/>\ndirektor<\/p>\n<p><strong>3. Kultuurist<\/strong>.<\/p>\n<p>Kiriku ehituse rahastaja Aino J\u00e4rvesoo on Eesti rahva kestvuse jaoks teinud erakordselt palju ja oleks vastutustundetu lasta tema rajatud kirikul laguneda. T\u00e4idame Aino oootused ja saagu Harkuj\u00e4rve kirikust \u00fchine ruum, kus k\u00f5neletakse, lauldakse, tantsitakse ja maalitakse Jumala kiituseks. Pakume lastele ja peredele v\u00f5imalusi sisukaks ja m\u00f5testatud tegevuseks.<\/p>\n<p>Aitame \u00fcheskoos unistused ellu!<\/p>\n<p><a href=\"http:\/\/inglitiib.eu\/harkujarve-kiriku-taastamise-selts\/wp-content\/uploads\/2013\/08\/mams.jpg\" rel=\"attachment wp-att-1227\"><img loading=\"lazy\" decoding=\"async\" class=\"alignnone wp-image-1227\" src=\"http:\/\/inglitiib.eu\/harkujarve-kiriku-taastamise-selts\/wp-content\/uploads\/2013\/08\/mams.jpg\" alt=\"mams\" width=\"114\" height=\"180\" srcset=\"https:\/\/inglitiib.eu\/harkujarve-kirik-ja-kogukonnakeskus\/wp-content\/uploads\/2013\/08\/mams.jpg 318w, https:\/\/inglitiib.eu\/harkujarve-kirik-ja-kogukonnakeskus\/wp-content\/uploads\/2013\/08\/mams-190x300.jpg 190w\" sizes=\"auto, (max-width: 114px) 100vw, 114px\" \/><\/a><\/p>\n<p>Fea \u00dcprus<br \/>\nKogukonnakeskuse kultuurijuht<br \/>\nDraamastuudio ja tants<!--:--><!--:en--><\/p>\n<p>Meie huviringid:<\/p>\n<div><strong>Shindo.<\/strong> Juhendaja Hillar Pliiats<\/div>\n<div>Teisip\u00e4eviti kell 18.30<\/div>\n<div><\/div>\n<div>\n<div><strong>Loovuslabori saviring.\u00a0<\/strong> Juhendaja Evelina Bart\u015bke<\/div>\n<div>\u00fcle n\u00e4dala teisip\u00e4eviti kell 14.15<\/div>\n<\/div>\n<div><\/div>\n<div><strong>Flamenkotants<\/strong>.\u00a0 Juhendaja Lehti Kostabi<\/div>\n<div>kolmap\u00e4eviti kell 18<\/div>\n<div><\/div>\n<div><strong>Mustlastants<\/strong>.\u00a0 Juhendaja Lehti Kostabi<\/div>\n<div>kolmap\u00e4eviti kell 19<\/div>\n<div><\/div>\n<div><strong>Draamastuudio<\/strong> <strong>lastele<\/strong>. Juhendaja Fea \u00dcprus<\/div>\n<div>kolmap\u00e4eviti kell 14.30<\/div>\n<div><\/div>\n<div><strong>Draamastuudio<\/strong> <strong>t\u00e4iskasvanutele<\/strong>.\u00a0 Juhendaja Fea \u00dcprus<\/div>\n<div>kolmap\u00e4eviti\u00a0 kell 16.30<\/div>\n<div><\/div>\n<div><strong>TRE teraapia<\/strong>.\u00a0 Juhendaja Iren Laidma<\/div>\n<div>reedeti\u00a0kell 18<\/div>\n<div><\/div>\n<div>\n<div><strong>Vaba tants. Viis sammu.<\/strong> Juhendab Meelis Voolma.<\/div>\n<div>laup\u00e4eviti kell 18<\/div>\n<\/div>\n<div><\/div>\n<div><strong>Ilup\u00e4ev<\/strong>.<\/div>\n<div>Kord kuus laup\u00e4eviti.<\/div>\n<div><\/div>\n<div><strong>Ukraina perede p\u00e4ev.<\/strong><\/div>\n<div>Kord kuus laup\u00e4eviti.<\/div>\n<div><\/div>\n<div>\n<div><strong>Raamatulaenutus.<\/strong><\/div>\n<div>E-R 13.16.30<\/div>\n<\/div>\n<div><\/div>\n<div><\/div>\n<div><\/div>\n<p><!--:--><\/p>\n","protected":false},"excerpt":{"rendered":"<p>Harkuj\u00e4rve Kiriku Taastamise Seltsi kodulehele Harkuj\u00e4rve Kiriku Taastamise Selts on avalikes huvides tegutsev mittetulundus\u00fching, mis j\u00e4rgib vaba\u00fchenduste eetikakoodeksit ja h\u00e4id tavasid. Seltsi missiooniks on taastada Harkuj\u00e4rve kirik kogukonnakeskusena ning j\u00e4\u00e4dvustada sellega Aino J\u00e4rvesoo m\u00e4lestus. Aino J\u00e4rvesoo unistas perede ja laste kirikust. Me t\u00f6\u00f6tame me selle unistuse elluviimiseks koos Harkuj\u00e4rve peredega. 1. Mis on perekirik? Perekirik&hellip; <br \/> <a class=\"read-more\" href=\"https:\/\/inglitiib.eu\/harkujarve-kirik-ja-kogukonnakeskus\/tere-tulemast-2\/\">Read more<\/a><\/p>\n","protected":false},"author":1,"featured_media":0,"parent":0,"menu_order":0,"comment_status":"closed","ping_status":"closed","template":"","meta":{"cybocfi_hide_featured_image":"","footnotes":""},"class_list":["post-15","page","type-page","status-publish","hentry"],"_links":{"self":[{"href":"https:\/\/inglitiib.eu\/harkujarve-kirik-ja-kogukonnakeskus\/wp-json\/wp\/v2\/pages\/15","targetHints":{"allow":["GET"]}}],"collection":[{"href":"https:\/\/inglitiib.eu\/harkujarve-kirik-ja-kogukonnakeskus\/wp-json\/wp\/v2\/pages"}],"about":[{"href":"https:\/\/inglitiib.eu\/harkujarve-kirik-ja-kogukonnakeskus\/wp-json\/wp\/v2\/types\/page"}],"author":[{"embeddable":true,"href":"https:\/\/inglitiib.eu\/harkujarve-kirik-ja-kogukonnakeskus\/wp-json\/wp\/v2\/users\/1"}],"replies":[{"embeddable":true,"href":"https:\/\/inglitiib.eu\/harkujarve-kirik-ja-kogukonnakeskus\/wp-json\/wp\/v2\/comments?post=15"}],"version-history":[{"count":5,"href":"https:\/\/inglitiib.eu\/harkujarve-kirik-ja-kogukonnakeskus\/wp-json\/wp\/v2\/pages\/15\/revisions"}],"predecessor-version":[{"id":2389,"href":"https:\/\/inglitiib.eu\/harkujarve-kirik-ja-kogukonnakeskus\/wp-json\/wp\/v2\/pages\/15\/revisions\/2389"}],"wp:attachment":[{"href":"https:\/\/inglitiib.eu\/harkujarve-kirik-ja-kogukonnakeskus\/wp-json\/wp\/v2\/media?parent=15"}],"curies":[{"name":"wp","href":"https:\/\/api.w.org\/{rel}","templated":true}]}}