{"id":2444,"date":"2026-01-15T18:23:39","date_gmt":"2026-01-15T16:23:39","guid":{"rendered":"https:\/\/inglitiib.eu\/harkujarve-kirik-ja-kogukonnakeskus\/?page_id=2444"},"modified":"2026-01-15T18:23:59","modified_gmt":"2026-01-15T16:23:59","slug":"malering","status":"publish","type":"page","link":"https:\/\/inglitiib.eu\/harkujarve-kirik-ja-kogukonnakeskus\/malering\/","title":{"rendered":"Malering"},"content":{"rendered":"\n<p>Pakume Harkuj\u00e4rve Kogukonnakeskuses maletunde lastele, noortele ja t\u00e4iskasvanutele. Eratunde on v\u00f5imalik v\u00f5tta vene v\u00f5i ukraina keeles.<\/p>\n\n\n\n<p><a><\/a>Soovi korral v\u00f5imalik ka koduk\u00fclastus.<\/p>\n\n\n\n<p>Huvi korral kirjuta!<br><br><\/p>\n\n\n\n<figure class=\"wp-block-image size-full is-resized\"><a href=\"https:\/\/inglitiib.eu\/harkujarve-kirik-ja-kogukonnakeskus\/wp-content\/uploads\/2026\/01\/Malering-2.png\"><img loading=\"lazy\" decoding=\"async\" width=\"940\" height=\"788\" src=\"https:\/\/inglitiib.eu\/harkujarve-kirik-ja-kogukonnakeskus\/wp-content\/uploads\/2026\/01\/Malering-2.png\" alt=\"\" class=\"wp-image-2445\" style=\"width:589px;height:auto\" srcset=\"https:\/\/inglitiib.eu\/harkujarve-kirik-ja-kogukonnakeskus\/wp-content\/uploads\/2026\/01\/Malering-2.png 940w, https:\/\/inglitiib.eu\/harkujarve-kirik-ja-kogukonnakeskus\/wp-content\/uploads\/2026\/01\/Malering-2-300x251.png 300w, https:\/\/inglitiib.eu\/harkujarve-kirik-ja-kogukonnakeskus\/wp-content\/uploads\/2026\/01\/Malering-2-768x644.png 768w\" sizes=\"auto, (max-width: 940px) 100vw, 940px\" \/><\/a><\/figure>\n","protected":false},"excerpt":{"rendered":"<p>Pakume Harkuj\u00e4rve Kogukonnakeskuses maletunde lastele, noortele ja t\u00e4iskasvanutele. Eratunde on v\u00f5imalik v\u00f5tta vene v\u00f5i ukraina keeles. Soovi korral v\u00f5imalik ka koduk\u00fclastus. Huvi korral kirjuta!<\/p>\n","protected":false},"author":7,"featured_media":2445,"parent":0,"menu_order":0,"comment_status":"closed","ping_status":"closed","template":"","meta":{"cybocfi_hide_featured_image":"","footnotes":""},"class_list":["post-2444","page","type-page","status-publish","has-post-thumbnail","hentry"],"_links":{"self":[{"href":"https:\/\/inglitiib.eu\/harkujarve-kirik-ja-kogukonnakeskus\/wp-json\/wp\/v2\/pages\/2444","targetHints":{"allow":["GET"]}}],"collection":[{"href":"https:\/\/inglitiib.eu\/harkujarve-kirik-ja-kogukonnakeskus\/wp-json\/wp\/v2\/pages"}],"about":[{"href":"https:\/\/inglitiib.eu\/harkujarve-kirik-ja-kogukonnakeskus\/wp-json\/wp\/v2\/types\/page"}],"author":[{"embeddable":true,"href":"https:\/\/inglitiib.eu\/harkujarve-kirik-ja-kogukonnakeskus\/wp-json\/wp\/v2\/users\/7"}],"replies":[{"embeddable":true,"href":"https:\/\/inglitiib.eu\/harkujarve-kirik-ja-kogukonnakeskus\/wp-json\/wp\/v2\/comments?post=2444"}],"version-history":[{"count":2,"href":"https:\/\/inglitiib.eu\/harkujarve-kirik-ja-kogukonnakeskus\/wp-json\/wp\/v2\/pages\/2444\/revisions"}],"predecessor-version":[{"id":2447,"href":"https:\/\/inglitiib.eu\/harkujarve-kirik-ja-kogukonnakeskus\/wp-json\/wp\/v2\/pages\/2444\/revisions\/2447"}],"wp:featuredmedia":[{"embeddable":true,"href":"https:\/\/inglitiib.eu\/harkujarve-kirik-ja-kogukonnakeskus\/wp-json\/wp\/v2\/media\/2445"}],"wp:attachment":[{"href":"https:\/\/inglitiib.eu\/harkujarve-kirik-ja-kogukonnakeskus\/wp-json\/wp\/v2\/media?parent=2444"}],"curies":[{"name":"wp","href":"https:\/\/api.w.org\/{rel}","templated":true}]}}