{"id":34,"date":"2013-08-28T15:53:28","date_gmt":"2013-08-28T12:53:28","guid":{"rendered":"http:\/\/inglitiib.eu\/harkujarve-kiriku-taastamise-selts\/?page_id=34-old"},"modified":"2023-11-09T15:39:28","modified_gmt":"2023-11-09T13:39:28","slug":"kogukonnakeskus","status":"publish","type":"page","link":"https:\/\/inglitiib.eu\/harkujarve-kirik-ja-kogukonnakeskus\/kogukonnakeskus\/","title":{"rendered":"<!--:et-->Harkuj\u00e4rve Kogukonnakeskus<!--:-->"},"content":{"rendered":"<p><!--:et-->Harkuj\u00e4rve Kiriku Taastamise Selts projekti \u201eLaste p\u00e4evakeskuse k\u00e4ivitamine Harkuj\u00e4rve kogukonnakirikus\u201c (VYF-SP14-07) projekti rahastas <a href=\"http:\/\/www.kysk.ee\/vyf\" target=\"_blank\" rel=\"noopener\">Eesti-\u0160veitsi koost\u00f6\u00f6programmi Vaba\u00fchenduste Fond ja Kodaniku\u00fchiskonna Sihtkapital. <\/a><\/p>\n<p><a href=\"http:\/\/inglitiib.eu\/harkujarve-kiriku-taastamise-selts\/wp-content\/uploads\/2014\/11\/k\u00fcsk-v\u00fcf.jpg\"><img loading=\"lazy\" decoding=\"async\" class=\"alignnone size-large wp-image-784\" src=\"http:\/\/inglitiib.eu\/harkujarve-kiriku-taastamise-selts\/wp-content\/uploads\/2014\/11\/k\u00fcsk-v\u00fcf-1024x555.jpg\" alt=\"k\u00fcsk v\u00fcf\" width=\"474\" height=\"257\" srcset=\"https:\/\/inglitiib.eu\/harkujarve-kirik-ja-kogukonnakeskus\/wp-content\/uploads\/2014\/11\/k\u00fcsk-v\u00fcf-1024x555.jpg 1024w, https:\/\/inglitiib.eu\/harkujarve-kirik-ja-kogukonnakeskus\/wp-content\/uploads\/2014\/11\/k\u00fcsk-v\u00fcf-300x162.jpg 300w, https:\/\/inglitiib.eu\/harkujarve-kirik-ja-kogukonnakeskus\/wp-content\/uploads\/2014\/11\/k\u00fcsk-v\u00fcf-500x271.jpg 500w, https:\/\/inglitiib.eu\/harkujarve-kirik-ja-kogukonnakeskus\/wp-content\/uploads\/2014\/11\/k\u00fcsk-v\u00fcf.jpg 1680w\" sizes=\"auto, (max-width: 474px) 100vw, 474px\" \/><\/a><\/p>\n<p style=\"text-align: left;\">\n<p style=\"text-align: left;\">\n<p style=\"text-align: left;\">Kogukonna teenusekeskus rajatakse koost\u00f6\u00f6s Harku vallavalitsuse, Haabersti<br \/>\nLinnaosavalitsuse, EELK diakooniatalituse, kohaliku koguduse ja seltsidega.<\/p>\n<p style=\"text-align: left;\">Vajadustest l\u00e4htuvalt pakume esmalt j\u00e4rgmisi teenuseid: lapsehoiuteenus; peren\u00f5ustamine (vanemlikud oskused, paarisuhe, raseduskriis, hingehoid);<br \/>\nEdaspidi laste ja noorte vaba aja veetmise teenus ehk p\u00e4evakeskus (\u00f5piabi, laua- ja muud m\u00e4ngud, teatri- ja tantsuringid, tegelus- ja loovteraapia, \u00a0toiduabi, toimetuleku\u00f5pe).<\/p>\n<p>Pakume ruume kontsertide korraldamiseks t\u00e4htp\u00e4evade t\u00e4histamiseks ja \u00fcrituste (aktused) l\u00e4biviimiseks. Korraldame arutelusid, m\u00f5ttetalgusid, k\u00e4rajaid. Pakume v\u00f5imalust kiriklike talituste (ristimine, laulatus, h\u00f5be- ja kuldpulm, matus jt) l\u00e4biviimiseks. T\u00e4histame ja tutvustame kiriku- ja rahvakalendri t\u00e4htp\u00e4evi ja kombestikku. Korraldame laste p\u00e4evalaagreid, talgusid ja heategevuslikke laatasid.<\/p>\n<p>Septembris esitas Harkuj\u00e4rve Kiriku Taastamise selts \u00e4riplaani koostamiseks rahastamistaotluse Kodaniku\u00fchiskonna Sihtkapitalile. \u00c4riplaani esimeses<br \/>\netapis on vaja leida keldri viimistlemiseks ja saali renoveerimiseks vajalikud<br \/>\nvahendid. J\u00e4rgmisena on vaja uuendada k\u00fcttes\u00fcsteem ning\u00a0otsustada teise korruse ehitus. Pikemas perspektiivis ehitada v\u00e4lja ka majutus- v\u00f5i eluruumid.<!--:--><\/p>\n","protected":false},"excerpt":{"rendered":"<p>Harkuj\u00e4rve Kiriku Taastamise Selts projekti \u201eLaste p\u00e4evakeskuse k\u00e4ivitamine Harkuj\u00e4rve kogukonnakirikus\u201c (VYF-SP14-07) projekti rahastas Eesti-\u0160veitsi koost\u00f6\u00f6programmi Vaba\u00fchenduste Fond ja Kodaniku\u00fchiskonna Sihtkapital. Kogukonna teenusekeskus rajatakse koost\u00f6\u00f6s Harku vallavalitsuse, Haabersti Linnaosavalitsuse, EELK diakooniatalituse, kohaliku koguduse ja seltsidega. Vajadustest l\u00e4htuvalt pakume esmalt j\u00e4rgmisi teenuseid: lapsehoiuteenus; peren\u00f5ustamine (vanemlikud oskused, paarisuhe, raseduskriis, hingehoid); Edaspidi laste ja noorte vaba aja veetmise teenus&hellip; <br \/> <a class=\"read-more\" href=\"https:\/\/inglitiib.eu\/harkujarve-kirik-ja-kogukonnakeskus\/kogukonnakeskus\/\">Read more<\/a><\/p>\n","protected":false},"author":1,"featured_media":0,"parent":0,"menu_order":4,"comment_status":"closed","ping_status":"closed","template":"","meta":{"cybocfi_hide_featured_image":"","footnotes":""},"class_list":["post-34","page","type-page","status-publish","hentry"],"_links":{"self":[{"href":"https:\/\/inglitiib.eu\/harkujarve-kirik-ja-kogukonnakeskus\/wp-json\/wp\/v2\/pages\/34","targetHints":{"allow":["GET"]}}],"collection":[{"href":"https:\/\/inglitiib.eu\/harkujarve-kirik-ja-kogukonnakeskus\/wp-json\/wp\/v2\/pages"}],"about":[{"href":"https:\/\/inglitiib.eu\/harkujarve-kirik-ja-kogukonnakeskus\/wp-json\/wp\/v2\/types\/page"}],"author":[{"embeddable":true,"href":"https:\/\/inglitiib.eu\/harkujarve-kirik-ja-kogukonnakeskus\/wp-json\/wp\/v2\/users\/1"}],"replies":[{"embeddable":true,"href":"https:\/\/inglitiib.eu\/harkujarve-kirik-ja-kogukonnakeskus\/wp-json\/wp\/v2\/comments?post=34"}],"version-history":[{"count":3,"href":"https:\/\/inglitiib.eu\/harkujarve-kirik-ja-kogukonnakeskus\/wp-json\/wp\/v2\/pages\/34\/revisions"}],"predecessor-version":[{"id":2246,"href":"https:\/\/inglitiib.eu\/harkujarve-kirik-ja-kogukonnakeskus\/wp-json\/wp\/v2\/pages\/34\/revisions\/2246"}],"wp:attachment":[{"href":"https:\/\/inglitiib.eu\/harkujarve-kirik-ja-kogukonnakeskus\/wp-json\/wp\/v2\/media?parent=34"}],"curies":[{"name":"wp","href":"https:\/\/api.w.org\/{rel}","templated":true}]}}