{"id":381,"date":"2014-08-07T21:12:35","date_gmt":"2014-08-07T18:12:35","guid":{"rendered":"http:\/\/inglitiib.eu\/harkujarve-kiriku-taastamise-selts\/?page_id=381-old"},"modified":"2024-11-08T12:03:21","modified_gmt":"2024-11-08T10:03:21","slug":"koostoopartnerid","status":"publish","type":"page","link":"https:\/\/inglitiib.eu\/harkujarve-kirik-ja-kogukonnakeskus\/koostoopartnerid\/","title":{"rendered":"Koost\u00f6\u00f6partnerid"},"content":{"rendered":"<p><!--:et-->Harkuj\u00e4rve kogukonnakiriku p\u00e4evakeskuse v\u00e4ljaehitamiseks on oluline olnud nii \u00fcksikisikute, perekondade, kui koguduste, vaba\u00fchenduste ja ettev\u00f5tete toetus.<\/p>\n<p>T\u00e4name lahkeid annetajaid ja abilisi!<\/p>\n<table>\n<tbody>\n<tr>\n<td><a href=\"http:\/\/inglitiib.eu\/harkujarve-kiriku-taastamise-selts\/wp-content\/uploads\/2014\/11\/k\u00fcsk-v\u00fcf.jpg\"><img loading=\"lazy\" decoding=\"async\" class=\"alignnone \u00a0wp-image-784\" src=\"http:\/\/inglitiib.eu\/harkujarve-kiriku-taastamise-selts\/wp-content\/uploads\/2014\/11\/k\u00fcsk-v\u00fcf-1024x555.jpg\" alt=\"k\u00fcsk v\u00fcf\" width=\"197\" height=\"107\" srcset=\"https:\/\/inglitiib.eu\/harkujarve-kirik-ja-kogukonnakeskus\/wp-content\/uploads\/2014\/11\/k\u00fcsk-v\u00fcf-1024x555.jpg 1024w, https:\/\/inglitiib.eu\/harkujarve-kirik-ja-kogukonnakeskus\/wp-content\/uploads\/2014\/11\/k\u00fcsk-v\u00fcf-300x162.jpg 300w, https:\/\/inglitiib.eu\/harkujarve-kirik-ja-kogukonnakeskus\/wp-content\/uploads\/2014\/11\/k\u00fcsk-v\u00fcf-500x271.jpg 500w, https:\/\/inglitiib.eu\/harkujarve-kirik-ja-kogukonnakeskus\/wp-content\/uploads\/2014\/11\/k\u00fcsk-v\u00fcf.jpg 1680w\" sizes=\"auto, (max-width: 197px) 100vw, 197px\" \/><\/a><\/td>\n<td style=\"text-align: left;\"><strong>\u0160veitsi Vaba\u00fchenduste Fond ja Kodaniku\u00fchiskonna Sihtkapital<\/strong><\/td>\n<\/tr>\n<tr>\n<td><img loading=\"lazy\" decoding=\"async\" src=\"http:\/\/inglitiib.eu\/harkujarve-kiriku-taastamise-selts\/wp-content\/uploads\/2014\/08\/harku-249x300.jpg\" alt=\"Harku vald\" width=\"82\" height=\"78\"><\/td>\n<td><strong>HARKU VALD<\/strong><\/td>\n<\/tr>\n<tr>\n<td><a href=\"http:\/\/inglitiib.eu\/harkujarve-kiriku-taastamise-selts\/wp-content\/uploads\/2014\/08\/EELK_vaike_vapp_tekstiga-e1407438118253.jpg\"><img loading=\"lazy\" decoding=\"async\" src=\"http:\/\/inglitiib.eu\/harkujarve-kiriku-taastamise-selts\/wp-content\/uploads\/2014\/08\/EELK_vaike_vapp_tekstiga-e1407438118253.jpg\" alt=\"EELK_vaike_vapp_tekstiga\" width=\"139\" height=\"85\"><\/a><\/td>\n<td><strong>Eesti Evangeelne Luterlik Kirik<\/strong><\/td>\n<\/tr>\n<tr>\n<td><img loading=\"lazy\" decoding=\"async\" src=\"http:\/\/inglitiib.eu\/harkujarve-kiriku-taastamise-selts\/wp-content\/uploads\/2014\/08\/kultuurimin_3lovi_est-300x120.jpg\" alt=\"kultuurimin_3lovi_est\" width=\"168\" height=\"67\"><\/td>\n<td><strong>Kultuuriministeerium<\/strong><\/td>\n<\/tr>\n<tr>\n<td><a href=\"http:\/\/inglitiib.eu\/harkujarve-kiriku-taastamise-selts\/wp-content\/uploads\/2014\/08\/sisemin_3lovi_est-e1407440180185.jpg\"><img loading=\"lazy\" decoding=\"async\" src=\"http:\/\/inglitiib.eu\/harkujarve-kiriku-taastamise-selts\/wp-content\/uploads\/2014\/08\/sisemin_3lovi_est-300x120.jpg\" alt=\"sisemin_3lovi_est\" width=\"176\" height=\"71\"><\/a><\/td>\n<td><strong>Siseministeerium<br \/>\n<\/strong><\/td>\n<\/tr>\n<tr>\n<td><a href=\"http:\/\/inglitiib.eu\/harkujarve-kiriku-taastamise-selts\/wp-content\/uploads\/2014\/08\/Suomen-L\u00e4hettysseura-e1410180638719.jpg\"><img loading=\"lazy\" decoding=\"async\" src=\"http:\/\/inglitiib.eu\/harkujarve-kiriku-taastamise-selts\/wp-content\/uploads\/2014\/08\/Suomen-L\u00e4hettysseura-300x36.jpg\" alt=\"Logo_vaaka_suomi_mv_neg.FH10\" width=\"300\" height=\"36\"><\/a><\/td>\n<td><strong>Soome Evangeelne Luterlik Mission<\/strong><\/td>\n<\/tr>\n<tr>\n<td><a href=\"http:\/\/inglitiib.eu\/harkujarve-kiriku-taastamise-selts\/wp-content\/uploads\/2014\/08\/SLEF-Rootsi.jpg\"><img loading=\"lazy\" decoding=\"async\" src=\"http:\/\/inglitiib.eu\/harkujarve-kiriku-taastamise-selts\/wp-content\/uploads\/2014\/08\/SLEF-Rootsi.jpg\" alt=\"SLEF- Rootsi\" width=\"80\" height=\"107\"><\/a><\/td>\n<td><strong>Rootsi Evangeelne Luterlik Assotsiatsioon Soomes<\/strong><\/td>\n<\/tr>\n<tr>\n<td><a href=\"http:\/\/inglitiib.eu\/harkujarve-kiriku-taastamise-selts\/wp-content\/uploads\/2014\/08\/mira-e1407441408855.jpg\"><img loading=\"lazy\" decoding=\"async\" src=\"http:\/\/inglitiib.eu\/harkujarve-kiriku-taastamise-selts\/wp-content\/uploads\/2014\/08\/mira-e1407441408855.jpg\" alt=\"mira\" width=\"71\" height=\"100\"><\/a><\/td>\n<td><strong>MIRA Ehitusmaterjalid O\/\u00dc<\/strong><\/td>\n<\/tr>\n<tr>\n<td><\/td>\n<td><strong>EELK Viljandi Jaani kogudus<\/strong><\/td>\n<\/tr>\n<tr>\n<td><\/td>\n<td><strong>EELK Tallinna Peeteli kogudus<\/strong><\/td>\n<\/tr>\n<tr>\n<td><\/td>\n<td><strong>EELK Rannam\u00f5isa kogudus<\/strong><\/td>\n<\/tr>\n<tr>\n<td><\/td>\n<td><strong>EELK Usuteaduse Instituut<\/strong><\/td>\n<\/tr>\n<tr>\n<td><\/td>\n<td><strong>O\u00dc Okei Partner<\/strong><\/td>\n<\/tr>\n<\/tbody>\n<\/table>\n<p><!--:--><\/p>\n","protected":false},"excerpt":{"rendered":"<p>Harkuj\u00e4rve kogukonnakiriku p\u00e4evakeskuse v\u00e4ljaehitamiseks on oluline olnud nii \u00fcksikisikute, perekondade, kui koguduste, vaba\u00fchenduste ja ettev\u00f5tete toetus. T\u00e4name lahkeid annetajaid ja abilisi! \u0160veitsi Vaba\u00fchenduste Fond ja Kodaniku\u00fchiskonna Sihtkapital HARKU VALD Eesti Evangeelne Luterlik Kirik Kultuuriministeerium Siseministeerium Soome Evangeelne Luterlik Mission Rootsi Evangeelne Luterlik Assotsiatsioon Soomes MIRA Ehitusmaterjalid O\/\u00dc EELK Viljandi Jaani kogudus EELK Tallinna Peeteli kogudus&hellip; <br \/> <a class=\"read-more\" href=\"https:\/\/inglitiib.eu\/harkujarve-kirik-ja-kogukonnakeskus\/koostoopartnerid\/\">Read more<\/a><\/p>\n","protected":false},"author":4,"featured_media":0,"parent":0,"menu_order":0,"comment_status":"closed","ping_status":"closed","template":"","meta":{"cybocfi_hide_featured_image":"","footnotes":""},"class_list":["post-381","page","type-page","status-publish","hentry"],"_links":{"self":[{"href":"https:\/\/inglitiib.eu\/harkujarve-kirik-ja-kogukonnakeskus\/wp-json\/wp\/v2\/pages\/381","targetHints":{"allow":["GET"]}}],"collection":[{"href":"https:\/\/inglitiib.eu\/harkujarve-kirik-ja-kogukonnakeskus\/wp-json\/wp\/v2\/pages"}],"about":[{"href":"https:\/\/inglitiib.eu\/harkujarve-kirik-ja-kogukonnakeskus\/wp-json\/wp\/v2\/types\/page"}],"author":[{"embeddable":true,"href":"https:\/\/inglitiib.eu\/harkujarve-kirik-ja-kogukonnakeskus\/wp-json\/wp\/v2\/users\/4"}],"replies":[{"embeddable":true,"href":"https:\/\/inglitiib.eu\/harkujarve-kirik-ja-kogukonnakeskus\/wp-json\/wp\/v2\/comments?post=381"}],"version-history":[{"count":3,"href":"https:\/\/inglitiib.eu\/harkujarve-kirik-ja-kogukonnakeskus\/wp-json\/wp\/v2\/pages\/381\/revisions"}],"predecessor-version":[{"id":2397,"href":"https:\/\/inglitiib.eu\/harkujarve-kirik-ja-kogukonnakeskus\/wp-json\/wp\/v2\/pages\/381\/revisions\/2397"}],"wp:attachment":[{"href":"https:\/\/inglitiib.eu\/harkujarve-kirik-ja-kogukonnakeskus\/wp-json\/wp\/v2\/media?parent=381"}],"curies":[{"name":"wp","href":"https:\/\/api.w.org\/{rel}","templated":true}]}}