{"id":416,"date":"2014-08-21T12:06:11","date_gmt":"2014-08-21T09:06:11","guid":{"rendered":"http:\/\/inglitiib.eu\/harkujarve-kiriku-taastamise-selts\/?page_id=416-old"},"modified":"2024-11-08T12:06:20","modified_gmt":"2024-11-08T10:06:20","slug":"toetajad","status":"publish","type":"page","link":"https:\/\/inglitiib.eu\/harkujarve-kirik-ja-kogukonnakeskus\/toetajad\/","title":{"rendered":"Toetajad"},"content":{"rendered":"<p><!--:et--><\/p>\n<p style=\"text-align: center;\">Harkuj\u00e4rve Kogukonnakirikut ei saa olla ilma teieta.<br \/>Suur t\u00e4nu, et olete meie jaoks olemas.<br \/>Meiegi oleme teie jaoks.<\/p>\n<p style=\"text-align: center;\"><strong>T\u00e4name lahkeid annetajaid, head inglid seadku te samme.<\/strong><\/p>\n<pre style=\"text-align: left;\"><a href=\"http:\/\/inglitiib.eu\/harkujarve-kiriku-taastamise-selts\/wp-content\/uploads\/2014\/08\/HAK-200.png\"><img loading=\"lazy\" decoding=\"async\" class=\"wp-image-581 aligncenter\" src=\"http:\/\/inglitiib.eu\/harkujarve-kiriku-taastamise-selts\/wp-content\/uploads\/2014\/08\/HAK-200.png\" alt=\"HAK-200\" width=\"116\" height=\"116\" srcset=\"https:\/\/inglitiib.eu\/harkujarve-kirik-ja-kogukonnakeskus\/wp-content\/uploads\/2014\/08\/HAK-200.png 200w, https:\/\/inglitiib.eu\/harkujarve-kirik-ja-kogukonnakeskus\/wp-content\/uploads\/2014\/08\/HAK-200-150x150.png 150w\" sizes=\"auto, (max-width: 116px) 100vw, 116px\" \/><\/a><\/pre>\n<p>Anu V\u00e4liaho<br \/>Andrew Philip Paul Macks<br \/>Virve-Ines Laidm\u00e4e<br \/>Eveli Kaljas<br \/>Ester Liinak<br \/>Agnes Dreifeldt<br \/>Oliver Raidma<br \/>Marek V\u00e4li<br \/>Elise Parts<br \/>Kristjan Lepik<br \/>Aljona &#8211; Inga Eensalu<br \/>Margus Vetsa<br \/>Sirje Jaanisoo<br \/>\u00dclo Jaanisoo<br \/>Eha Abel<br \/>Johann &#8211; Dieter Heitmann<br \/>Eigo Tilk<br \/>K\u00e4tlin Merilain<br \/>Briti Klimberg<br \/>Maria Kuusemets<br \/>Kerli Kutan<br \/>Tiina Raal<br \/>Ervin Lillepea<br \/>Kai V\u00e4lbe<br \/>Sulev Kuuskm\u00e4e<br \/>Kalev Kersen<br \/>Pille Vain<br \/>Urve Aulis<br \/>Fea \u00dcprus<br \/>Eva \u00dcprus<br \/>Agnus-Dei \u00dcprus<br \/>Kristiina Saul<br \/>Rena Sillari<br \/>Margita Tuulik<br \/>Anne Burghardt<br \/>Malle Virves<br \/>Remet Rander<br \/>Keili Kollamaa-Rander<br \/>Karin Pikk<br \/>Linda N\u00f5u<br \/>Merle Allikvee<br \/>Annika Metsala<br \/>Elma Paju<br \/>Aleksandr Timarov<br \/>Eha Urbanik<br \/>Katrin P\u00f6\u00f6ra<br \/>Kaido K\u00e4gu<br \/>Nils Hollberg<br \/>Dr. Ulf Hollberg<br \/>J\u00f6rn Schneider<br \/>Annely Mitt<br \/>Kaido Kruusoja<br \/>Enn Jaanisoo<br \/>Avo \u00dcprus<br \/>Ann Kaasik-Aaslav<br \/>Kadri Kesk\u00fcla<br \/>Janek M\u00e4ggi<br \/>Erik Sandla<br \/>Tarmo Kruusim\u00e4e<br \/>Urmas Reinsalu<br \/>Vladimir Otroshko<br \/>Anne Schotter<br \/>Solveig Bergsland<br \/>Toomas Andres<br \/>Varje-Riin Tuulik Leisi<br \/>Kerstin Kask<br \/>Kaire Kastor<br \/>Anne Arold<br \/>Anne Hallik<br \/>Andrus Hmelnitski<br \/>Heino Tabio<br \/>Riina Solman<br \/>Sakari Seppala<br \/>Jani Tenho<br \/>Olavi Valaranta<br \/>Liliann Keskinen<br \/>Tiiu Aasm\u00e4e<br \/>Aare Luup<br \/>Priit Sild<br \/>Sanne Sild<br \/>Marika Lekarkin<br \/>Sirje Semm<br \/>Kai Idarand<br \/>Vahur Jegorov<br \/>Arvo Rodi<br \/>Rena Sillari<br \/>Aare Kimmel<br \/>Liia Kenraali<br \/>Ilse Tudre<br \/>Priit Humal<br \/>Janno Preesalu<br \/>Pille-Riin Pregel<br \/>Mati Sinisaar<br \/>Maret Puu<br \/>Vello Salo<br \/>Hannu Juhani Nykanen<br \/>Olli ja Aino Lehtipuu<br \/>Ile Niininen<br \/>E. P\u00e4ll<br \/>Risto Itametsa<br \/>Aili T\u00f5niste<br \/>Elisabet Itametsa<br \/>Neeme Lall<br \/>Mira Elisabeth Salmelainen<br \/>K\u00e4di Lepp<br \/>Galina Kaupmees<br \/>Lehti Kostabi<br \/>Eve Ester<br \/>Katrin Kala<br \/>Gerli Kaljuste<br \/>Aigi Bremse<br \/>Kai Valbe<br \/>Alla Sbitneva<br \/>Marina Liinar<br \/><!--:--><\/p>\n<hr \/>\n<p>\u00a0<\/p>\n<p>Harku vald<br \/>Akzo Nobel Baltics AS<br \/>Estlandhilfe<br \/>Bennur O\u00dc<br \/>P\u00f5lev P\u00f5\u00f5sas MT\u00dc<br \/>Diakonie Mitteldeutschland<br \/>Tallinna Praostkond<br \/>Her\u00e4tt\u00e4j\u00e4-Yhdistys RY<br \/>Helsinki Alppila kogudus<br \/>MT\u00dc Oppidan<br \/>Saeteenused O\u00dc<br \/>EELK Viljandi Jaani kogudus<br \/>Rootsi Evangeelne Luterlik Assotsiatsioon Soomes<br \/>Hammerhead O\u00dc<br \/>EELK Peeteli kogudus<br \/>Tampere Harju kogudus<br \/>EELK Usuteaduste Instituut<\/p>\n\n\n<p><\/p>\n","protected":false},"excerpt":{"rendered":"<p>Harkuj\u00e4rve Kogukonnakirikut ei saa olla ilma teieta.Suur t\u00e4nu, et olete meie jaoks olemas.Meiegi oleme teie jaoks. T\u00e4name lahkeid annetajaid, head inglid seadku te samme. Anu V\u00e4liahoAndrew Philip Paul MacksVirve-Ines Laidm\u00e4eEveli KaljasEster LiinakAgnes DreifeldtOliver RaidmaMarek V\u00e4liElise PartsKristjan LepikAljona &#8211; Inga EensaluMargus VetsaSirje Jaanisoo\u00dclo JaanisooEha AbelJohann &#8211; Dieter HeitmannEigo TilkK\u00e4tlin MerilainBriti KlimbergMaria KuusemetsKerli KutanTiina RaalErvin LillepeaKai V\u00e4lbeSulev&hellip; <br \/> <a class=\"read-more\" href=\"https:\/\/inglitiib.eu\/harkujarve-kirik-ja-kogukonnakeskus\/toetajad\/\">Read more<\/a><\/p>\n","protected":false},"author":1,"featured_media":0,"parent":0,"menu_order":13,"comment_status":"closed","ping_status":"closed","template":"","meta":{"cybocfi_hide_featured_image":"","footnotes":""},"class_list":["post-416","page","type-page","status-publish","hentry"],"_links":{"self":[{"href":"https:\/\/inglitiib.eu\/harkujarve-kirik-ja-kogukonnakeskus\/wp-json\/wp\/v2\/pages\/416","targetHints":{"allow":["GET"]}}],"collection":[{"href":"https:\/\/inglitiib.eu\/harkujarve-kirik-ja-kogukonnakeskus\/wp-json\/wp\/v2\/pages"}],"about":[{"href":"https:\/\/inglitiib.eu\/harkujarve-kirik-ja-kogukonnakeskus\/wp-json\/wp\/v2\/types\/page"}],"author":[{"embeddable":true,"href":"https:\/\/inglitiib.eu\/harkujarve-kirik-ja-kogukonnakeskus\/wp-json\/wp\/v2\/users\/1"}],"replies":[{"embeddable":true,"href":"https:\/\/inglitiib.eu\/harkujarve-kirik-ja-kogukonnakeskus\/wp-json\/wp\/v2\/comments?post=416"}],"version-history":[{"count":3,"href":"https:\/\/inglitiib.eu\/harkujarve-kirik-ja-kogukonnakeskus\/wp-json\/wp\/v2\/pages\/416\/revisions"}],"predecessor-version":[{"id":2400,"href":"https:\/\/inglitiib.eu\/harkujarve-kirik-ja-kogukonnakeskus\/wp-json\/wp\/v2\/pages\/416\/revisions\/2400"}],"wp:attachment":[{"href":"https:\/\/inglitiib.eu\/harkujarve-kirik-ja-kogukonnakeskus\/wp-json\/wp\/v2\/media?parent=416"}],"curies":[{"name":"wp","href":"https:\/\/api.w.org\/{rel}","templated":true}]}}