{"id":42,"date":"2013-09-02T21:12:46","date_gmt":"2013-09-02T18:12:46","guid":{"rendered":"http:\/\/inglitiib.eu\/harkujarve-kiriku-taastamise-selts\/?page_id=42-old"},"modified":"2024-11-08T12:02:45","modified_gmt":"2024-11-08T10:02:45","slug":"eetikakoodeks","status":"publish","type":"page","link":"https:\/\/inglitiib.eu\/harkujarve-kirik-ja-kogukonnakeskus\/eetikakoodeks\/","title":{"rendered":"Eetikakoodeks"},"content":{"rendered":"<p><!--:et--><a href=\"http:\/\/inglitiib.eu\/harkujarve-kiriku-taastamise-selts\/wp-content\/uploads\/2013\/09\/VABAUHENDUSTE_TEGEVUSE_EETILISED_POHIMOTTED.pdf\">Vaba\u00fchenduste tegevuse eetilised p\u00f5him\u00f5tted<\/a> (PDF)<br \/>\n<a href=\"http:\/\/inglitiib.eu\/harkujarve-kiriku-taastamise-selts\/wp-content\/uploads\/2013\/09\/sotsiaaltoo_eetikakoodeks.pdf\">Sotsiaalt\u00f6\u00f6 eetikakoodeks<\/a> (PDF)<!--:--><\/p>\n","protected":false},"excerpt":{"rendered":"<p>Vaba\u00fchenduste tegevuse eetilised p\u00f5him\u00f5tted (PDF) Sotsiaalt\u00f6\u00f6 eetikakoodeks (PDF)<\/p>\n","protected":false},"author":1,"featured_media":0,"parent":0,"menu_order":9,"comment_status":"closed","ping_status":"closed","template":"","meta":{"cybocfi_hide_featured_image":"","footnotes":""},"class_list":["post-42","page","type-page","status-publish","hentry"],"_links":{"self":[{"href":"https:\/\/inglitiib.eu\/harkujarve-kirik-ja-kogukonnakeskus\/wp-json\/wp\/v2\/pages\/42","targetHints":{"allow":["GET"]}}],"collection":[{"href":"https:\/\/inglitiib.eu\/harkujarve-kirik-ja-kogukonnakeskus\/wp-json\/wp\/v2\/pages"}],"about":[{"href":"https:\/\/inglitiib.eu\/harkujarve-kirik-ja-kogukonnakeskus\/wp-json\/wp\/v2\/types\/page"}],"author":[{"embeddable":true,"href":"https:\/\/inglitiib.eu\/harkujarve-kirik-ja-kogukonnakeskus\/wp-json\/wp\/v2\/users\/1"}],"replies":[{"embeddable":true,"href":"https:\/\/inglitiib.eu\/harkujarve-kirik-ja-kogukonnakeskus\/wp-json\/wp\/v2\/comments?post=42"}],"version-history":[{"count":3,"href":"https:\/\/inglitiib.eu\/harkujarve-kirik-ja-kogukonnakeskus\/wp-json\/wp\/v2\/pages\/42\/revisions"}],"predecessor-version":[{"id":2396,"href":"https:\/\/inglitiib.eu\/harkujarve-kirik-ja-kogukonnakeskus\/wp-json\/wp\/v2\/pages\/42\/revisions\/2396"}],"wp:attachment":[{"href":"https:\/\/inglitiib.eu\/harkujarve-kirik-ja-kogukonnakeskus\/wp-json\/wp\/v2\/media?parent=42"}],"curies":[{"name":"wp","href":"https:\/\/api.w.org\/{rel}","templated":true}]}}