{"id":55,"date":"2013-09-02T21:35:09","date_gmt":"2013-09-02T18:35:09","guid":{"rendered":"http:\/\/inglitiib.eu\/harkujarve-kiriku-taastamise-selts\/?page_id=55-old"},"modified":"2024-11-08T12:03:54","modified_gmt":"2024-11-08T10:03:54","slug":"projektid","status":"publish","type":"page","link":"https:\/\/inglitiib.eu\/harkujarve-kirik-ja-kogukonnakeskus\/projektid\/","title":{"rendered":"Projektid"},"content":{"rendered":"<p><!--:et--><\/p>\n<p style=\"text-align: left;\">\n<p><a href=\"http:\/\/inglitiib.eu\/harkujarve-kiriku-taastamise-selts\/wp-content\/uploads\/2014\/11\/k\u00fcsk-v\u00fcf.jpg\"><img loading=\"lazy\" decoding=\"async\" class=\"alignnone size-large wp-image-784\" src=\"http:\/\/inglitiib.eu\/harkujarve-kiriku-taastamise-selts\/wp-content\/uploads\/2014\/11\/k\u00fcsk-v\u00fcf-1024x555.jpg\" alt=\"k\u00fcsk v\u00fcf\" width=\"474\" height=\"257\" srcset=\"https:\/\/inglitiib.eu\/harkujarve-kirik-ja-kogukonnakeskus\/wp-content\/uploads\/2014\/11\/k\u00fcsk-v\u00fcf-1024x555.jpg 1024w, https:\/\/inglitiib.eu\/harkujarve-kirik-ja-kogukonnakeskus\/wp-content\/uploads\/2014\/11\/k\u00fcsk-v\u00fcf-300x162.jpg 300w, https:\/\/inglitiib.eu\/harkujarve-kirik-ja-kogukonnakeskus\/wp-content\/uploads\/2014\/11\/k\u00fcsk-v\u00fcf-500x271.jpg 500w, https:\/\/inglitiib.eu\/harkujarve-kirik-ja-kogukonnakeskus\/wp-content\/uploads\/2014\/11\/k\u00fcsk-v\u00fcf.jpg 1680w\" sizes=\"auto, (max-width: 474px) 100vw, 474px\" \/><\/a><\/p>\n<p style=\"text-align: left;\">\u00c4sja l\u00f5ppes Harkuj\u00e4rve Kiriku Taastamise Selts-i projekti \u201eLaste p\u00e4evakeskuse k\u00e4ivitamine Harkuj\u00e4rve kogukonnakirikus\u201c (VYF-SP14-07)\u00a0Projekti rahastas Eesti- \u0160veitsi koost\u00f6\u00f6programmi Vaba\u00fchenduste Fond ja Kodaniku\u00fchiskonna Sihtkapital.<\/p>\n<p style=\"text-align: left;\">V\u00f5ime julgelt \u00f6elda, et projekt t\u00e4itis lapsevanemate ootused ja saavutas oma eesm\u00e4rgi. P\u00e4evakeskuses alustasid s\u00fcgisperioodil t\u00f6\u00f6d 8 ringi, sh tantsu- ja v\u00f5imlemistreeningud.<\/p>\n<p style=\"text-align: left;\">K\u00dcSK toest kogudustele v\u00f5ite lugeda lisatud lingilt<a href=\"http:\/\/l.facebook.com\/l.php?u=http%3A%2F%2Fwww.eestikirik.ee%2Fkogudused-osana-uhiskonnast&amp;h=MAQHn2f8CAQFS99R5VZKY2eP_KVB02IY6y8HG3dDybtc66w&amp;enc=AZPXEr-zYXDfodGzJEn4ADT95KWAEhXxih4f87DBKxVby6CWKDlFCwzqrlJeMkJPGU7UcjFktYC37VxaPvqpCq0_IblJOhCWU94lJOUyPv532DbRsrkUHh12pk6ge6NVTcAvPv5mOMGmdY5JMYXJ1_c7WGalvLfu5y7GPEpPmSFZq74eGmXEDSakk6-1HzE-adRP1lnU-DiD5g_PnxNwDxaU&amp;s=1\" target=\"_blank\" rel=\"nofollow noopener\">http:\/\/www.eestikirik.ee\/kogudused-osana-uhiskonnast<\/a><\/p>\n<p style=\"text-align: left;\">\n<p style=\"text-align: left;\">\n<p style=\"text-align: left;\">\n<p style=\"text-align: left;\">\n<p style=\"text-align: left;\"><strong>Kodaniku\u00fchiskonna Sihtkapital rahastab projekti \u201eHarkuj\u00e4rve kogukonnakeskuse \u00e4riplaani koostamine\u201c summas 2500 \u20ac<br \/>\n<a href=\"http:\/\/inglitiib.eu\/harkujarve-kiriku-taastamise-selts\/wp-content\/uploads\/2013\/09\/logo-e1390585348928.jpg\"><img loading=\"lazy\" decoding=\"async\" class=\" wp-image-132 alignright\" style=\"width: 279px;\" src=\"http:\/\/inglitiib.eu\/harkujarve-kiriku-taastamise-selts\/wp-content\/uploads\/2013\/09\/logo-e1390585348928.jpg\" alt=\"logo\" width=\"258\" height=\"81\" \/><\/a><\/strong><\/p>\n<p>Harku valda, Harkuj\u00e4rve k\u00fclas t\u00fchjana seisvasse kirikuhoonesse rajatakse kogukonnakeskus, mis pakub \u00fcmberkaudsetele elanikele vajalikke erinevaid teenuseid, korraldab k\u00e4rajaid ning kultuuri\u00fcritusi. K\u00e4esoleva projekti raames korraldatakse laste ja noorte p\u00e4evakeskuse \u00e4riplaani koostamine ning paralleelselt kohandatakse renoveerimist vajavad ruumid teenuse osutamiseks. Renoveerimiseks vajalikud vahendid on planeeritud teiste projektidega. P\u00e4evakeskuse pindala on 200 m2 Kogukonnakeskus j\u00e4\u00e4dvustab ja s\u00e4ilitab kiriku ehitamise algatanud ja rahastanud metseen Aino J\u00e4rvesoo m\u00e4lestuse p\u00fcsiekspositsiooniga.<\/p>\n<p>\u00c4riplaani koostamisega m\u00e4\u00e4ratletakse selleks vajalikud kulud ja tulud, leitakse teenuste tasuvuspunkt. Tulu investeeritakse organisatsiooni ja kogukonna arengusse. \u00c4riplaani koostajad t\u00f6\u00f6tavad kiriku soklikorrusel, kuhu p\u00e4evakeskus rajatakse.<\/p>\n<p>Projekti sihtr\u00fchmadeks on p\u00f5hikooli \u00f5pilased ja nende vanemad. Partneriteks on kooli juhtkond ning vallavalitsus.<\/p>\n<p style=\"text-align: left;\"><strong>\u0160veitsi Vaba\u00fchenduste Fond ja Kodaniku\u00fchiskonna Sihtkapitali\u00a0<\/strong><strong>N\u00d5UKOGU OTSUSTAS TOETADA:<br \/>\n<\/strong><\/p>\n<p style=\"text-align: left;\"><a href=\"http:\/\/inglitiib.eu\/harkujarve-kiriku-taastamise-selts\/wp-content\/uploads\/2014\/11\/k\u00fcsk-v\u00fcf.jpg\"><img loading=\"lazy\" decoding=\"async\" class=\"alignnone  wp-image-784\" src=\"http:\/\/inglitiib.eu\/harkujarve-kiriku-taastamise-selts\/wp-content\/uploads\/2014\/11\/k\u00fcsk-v\u00fcf-1024x555.jpg\" alt=\"k\u00fcsk v\u00fcf\" width=\"177\" height=\"96\" srcset=\"https:\/\/inglitiib.eu\/harkujarve-kirik-ja-kogukonnakeskus\/wp-content\/uploads\/2014\/11\/k\u00fcsk-v\u00fcf-1024x555.jpg 1024w, https:\/\/inglitiib.eu\/harkujarve-kirik-ja-kogukonnakeskus\/wp-content\/uploads\/2014\/11\/k\u00fcsk-v\u00fcf-300x162.jpg 300w, https:\/\/inglitiib.eu\/harkujarve-kirik-ja-kogukonnakeskus\/wp-content\/uploads\/2014\/11\/k\u00fcsk-v\u00fcf-500x271.jpg 500w, https:\/\/inglitiib.eu\/harkujarve-kirik-ja-kogukonnakeskus\/wp-content\/uploads\/2014\/11\/k\u00fcsk-v\u00fcf.jpg 1680w\" sizes=\"auto, (max-width: 177px) 100vw, 177px\" \/><\/a>\u00a0Harkuj\u00e4rve Kiriku Taastamise Selts projekti \u201eLaste p\u00e4evakeskuse k\u00e4ivitamine Harkuj\u00e4rve kogukonnakirikus\u201c (VYF-SP14-07) summas 29 996, 30 eurot.<\/p>\n<p>Projekti rahastab Eesti-\u0160veitsi koost\u00f6\u00f6programmi Vaba\u00fchenduste Fond ja Kodaniku\u00fchiskonna Sihtkapital.<\/p>\n<p>Projekti abik\u00f5lblikkuse periood algab 1.08.14 ja l\u00f5peb 31.08.15. Kulud on abik\u00f5lblikud kuni 15.09.15.<\/p>\n<p>K\u00f5ik kodukandi lapsed on teretulnud.<br \/>\nAlustame registreerimist ringidesse.<\/p>\n<ul>\n<li>Tantsutrenn ja n\u00e4itering<\/li>\n<li>Joonistamine ja maalimine<\/li>\n<li>Luuleklubi<\/li>\n<li>K\u00e4eline tegevus.<\/li>\n<\/ul>\n<p>P\u00e4evakeskuses ootab lapsi alates augustist lastet\u00f6\u00f6 kogemustega empaatiline juhendaja Sirli, k\u00e4ttesaadavad on ka lauatennis ja muud m\u00e4ngud.<\/p>\n<p>Plaanime \u00f5ppida ka toiduvalmistamist ja v\u00f5itluskunste. Lapsevanemad saavad harrastada mustlastantse ja flamenkot.<\/p>\n<p>Ruumide renoveerimist on toetanud Harku vallavalitsus ja Kultuuriministeerium.<\/p>\n<p style=\"text-align: left;\"><strong>\u201eLaste p\u00e4evakeskuse k\u00e4ivitamine Harkuj\u00e4rve kogukonnakirikus\u201c<br \/>\nV\u00dcF-SP14-07\u00a0\u00a0\u00a0\u00a0\u00a0\u00a0 <\/strong><\/p>\n<p style=\"text-align: left;\">Projekti rahastab Eesti-\u0160veitsi koost\u00f6\u00f6programmi Vaba\u00fchenduste Fond ja Kodaniku\u00fchiskonna Sihtkapital.<a href=\"http:\/\/inglitiib.eu\/harkujarve-kiriku-taastamise-selts\/wp-content\/uploads\/2014\/11\/k\u00fcsk-v\u00fcf.jpg\"><img loading=\"lazy\" decoding=\"async\" class=\"alignnone  wp-image-784\" src=\"http:\/\/inglitiib.eu\/harkujarve-kiriku-taastamise-selts\/wp-content\/uploads\/2014\/11\/k\u00fcsk-v\u00fcf-1024x555.jpg\" alt=\"k\u00fcsk v\u00fcf\" width=\"194\" height=\"105\" srcset=\"https:\/\/inglitiib.eu\/harkujarve-kirik-ja-kogukonnakeskus\/wp-content\/uploads\/2014\/11\/k\u00fcsk-v\u00fcf-1024x555.jpg 1024w, https:\/\/inglitiib.eu\/harkujarve-kirik-ja-kogukonnakeskus\/wp-content\/uploads\/2014\/11\/k\u00fcsk-v\u00fcf-300x162.jpg 300w, https:\/\/inglitiib.eu\/harkujarve-kirik-ja-kogukonnakeskus\/wp-content\/uploads\/2014\/11\/k\u00fcsk-v\u00fcf-500x271.jpg 500w, https:\/\/inglitiib.eu\/harkujarve-kirik-ja-kogukonnakeskus\/wp-content\/uploads\/2014\/11\/k\u00fcsk-v\u00fcf.jpg 1680w\" sizes=\"auto, (max-width: 194px) 100vw, 194px\" \/><\/a><\/p>\n<p style=\"text-align: left;\">\u0160veitsi Vaba\u00fchenduste Fond ja Kodaniku\u00fchiskonna Sihtkapital andis Harkuj\u00e4rve Kiriku Taastamise Seltsile rahalise toetuse summas<br \/>\n<strong>29 996, 30 eurot<br \/>\n<\/strong>(kaksk\u00fcmmend \u00fcheksa tuhat \u00fcheksasada \u00fcheksak\u00fcmmend kuus eurot ja 30 senti) projekti elluviimiseks.<br \/>\nToetuse saaja kohustus alustama projekti elluviimist 01.08.2014.a ja l\u00f5petama projekti hiljemalt 31.08.2015.a.<\/p>\n<p>T\u00fchjana seisnud kirikuhoonesse rajatakse kogukonnakeskus, mis pakub \u00fcmberkaudsetele noortele peredele vajalikke teenuseid, korraldab k\u00e4rajaid ning kultuuri\u00fcritusi.<br \/>\nProjekti k\u00e4igus avatakse esmaj\u00e4rjekorras laste ja noorte p\u00e4evakeskus, mis on avatud viiel p\u00e4eval n\u00e4dalas kell 13.00-18.00, lastel ning noortel on v\u00f5imalus veeta vaba aega, osaleda ringit\u00f6\u00f6s, saada vajadusel kerget einet, individuaalset \u00f5piabi, juhendamist ja hingeabi.<br \/>\nProjekti elluviimise tulemusel paraneb teenuste k\u00e4ttesaadavus ning kujuneb v\u00e4lja tulemuslik koost\u00f6\u00f6 teiste seltside ja avaliku sektori asutustega.<br \/>\nProjekti sihtgrupiks on Harkuj\u00e4rve piirkonna noored pered ja p\u00f5hikooli lapsed (160). Alasihtgrupiks on puudustkannatavad pered, kellele osutatakse erilist t\u00e4helepanu. Tegevuste fookuses on sihtgruppide vaimne ja f\u00fc\u00fcsiline tervis ning toimetulek.<br \/>\nEdu saavutamiseks s\u00f5lmitakse koost\u00f6\u00f6lepped vallavalitsuse, p\u00f5hikooli ja teiste partneritega, viiakse ellu annetuste kogumise ja avalike suhete strateegia.<br \/>\nKogu Harkuj\u00e4rve kiriku kasutusele v\u00f5tmine kogukonda suunatud teenuste osutamise ja vaba aja veetmise keskusena suurendab sotsiaalset sidusust, toimub mitmes etapis ja on rahastatav erinevatest allikatest (omavalitsuse toetus, kirikuvalitsuse osalus, lapsevanemate osalus, riigieelarve, annetused, ettev\u00f5tjate toetused, projektfinantseerimine ja teenuste m\u00fc\u00fck).<br \/>\nEsimestel etappidel loodud v\u00e4\u00e4rtus ning teostatud tegevused loovad tingimused j\u00e4rgmistele, \u00fcksteist toetavatele tegevustele.<!--:--><\/p>\n","protected":false},"excerpt":{"rendered":"<p>\u00c4sja l\u00f5ppes Harkuj\u00e4rve Kiriku Taastamise Selts-i projekti \u201eLaste p\u00e4evakeskuse k\u00e4ivitamine Harkuj\u00e4rve kogukonnakirikus\u201c (VYF-SP14-07)\u00a0Projekti rahastas Eesti- \u0160veitsi koost\u00f6\u00f6programmi Vaba\u00fchenduste Fond ja Kodaniku\u00fchiskonna Sihtkapital. V\u00f5ime julgelt \u00f6elda, et projekt t\u00e4itis lapsevanemate ootused ja saavutas oma eesm\u00e4rgi. P\u00e4evakeskuses alustasid s\u00fcgisperioodil t\u00f6\u00f6d 8 ringi, sh tantsu- ja v\u00f5imlemistreeningud. K\u00dcSK toest kogudustele v\u00f5ite lugeda lisatud lingilthttp:\/\/www.eestikirik.ee\/kogudused-osana-uhiskonnast Kodaniku\u00fchiskonna Sihtkapital rahastab projekti&hellip; <br \/> <a class=\"read-more\" href=\"https:\/\/inglitiib.eu\/harkujarve-kirik-ja-kogukonnakeskus\/projektid\/\">Read more<\/a><\/p>\n","protected":false},"author":1,"featured_media":0,"parent":0,"menu_order":3,"comment_status":"closed","ping_status":"closed","template":"","meta":{"cybocfi_hide_featured_image":"","footnotes":""},"class_list":["post-55","page","type-page","status-publish","hentry"],"_links":{"self":[{"href":"https:\/\/inglitiib.eu\/harkujarve-kirik-ja-kogukonnakeskus\/wp-json\/wp\/v2\/pages\/55","targetHints":{"allow":["GET"]}}],"collection":[{"href":"https:\/\/inglitiib.eu\/harkujarve-kirik-ja-kogukonnakeskus\/wp-json\/wp\/v2\/pages"}],"about":[{"href":"https:\/\/inglitiib.eu\/harkujarve-kirik-ja-kogukonnakeskus\/wp-json\/wp\/v2\/types\/page"}],"author":[{"embeddable":true,"href":"https:\/\/inglitiib.eu\/harkujarve-kirik-ja-kogukonnakeskus\/wp-json\/wp\/v2\/users\/1"}],"replies":[{"embeddable":true,"href":"https:\/\/inglitiib.eu\/harkujarve-kirik-ja-kogukonnakeskus\/wp-json\/wp\/v2\/comments?post=55"}],"version-history":[{"count":3,"href":"https:\/\/inglitiib.eu\/harkujarve-kirik-ja-kogukonnakeskus\/wp-json\/wp\/v2\/pages\/55\/revisions"}],"predecessor-version":[{"id":2398,"href":"https:\/\/inglitiib.eu\/harkujarve-kirik-ja-kogukonnakeskus\/wp-json\/wp\/v2\/pages\/55\/revisions\/2398"}],"wp:attachment":[{"href":"https:\/\/inglitiib.eu\/harkujarve-kirik-ja-kogukonnakeskus\/wp-json\/wp\/v2\/media?parent=55"}],"curies":[{"name":"wp","href":"https:\/\/api.w.org\/{rel}","templated":true}]}}