{"id":622,"date":"2014-10-05T08:48:11","date_gmt":"2014-10-05T05:48:11","guid":{"rendered":"http:\/\/inglitiib.eu\/harkujarve-kiriku-taastamise-selts\/?page_id=622-old"},"modified":"2024-01-17T14:29:28","modified_gmt":"2024-01-17T12:29:28","slug":"draamastuudio","status":"publish","type":"page","link":"https:\/\/inglitiib.eu\/harkujarve-kirik-ja-kogukonnakeskus\/kogukonnakeskus\/draamastuudio\/","title":{"rendered":"Draamastuudio"},"content":{"rendered":"\n<p class=\"has-text-align-left\"><span style=\"color: #993366;\"><b>Juhendab Fea \u00dcprus<\/b><\/span><\/p>\n\n\n\n<figure class=\"wp-block-image\"><a href=\"http:\/\/inglitiib.eu\/harkujarve-kiriku-taastamise-selts\/wp-content\/uploads\/2014\/10\/Drama.jpg\"><img loading=\"lazy\" decoding=\"async\" width=\"275\" height=\"183\" src=\"http:\/\/inglitiib.eu\/harkujarve-kiriku-taastamise-selts\/wp-content\/uploads\/2014\/10\/Drama.jpg\" alt=\"Drama\" class=\"wp-image-650\"\/><\/a><\/figure>\n\n\n\n<p class=\"has-text-align-right\"><\/p>\n\n\n\n<p>Oled v\u00e4ga oodatud!<\/p>\n\n\n\n<p>Draamaringi eesm\u00e4rgiks on huvi \u00e4ratamine teatritegemise vastu ja enda tundma \u00f5ppimine l\u00e4bi m\u00e4ngu. Lastest, kes on tegelenud enesearendamisega l\u00e4bi teatri, kasvavad loovalt m\u00f5tlevad ja laiema kultuurihuviga inimesed.<\/p>\n\n\n\n<p>Koos k\u00e4iakse kolmap\u00e4eviti kell 14:30- 16:00<\/p>\n\n\n\n<figure class=\"wp-block-gallery has-nested-images columns-default is-cropped wp-block-gallery-1 is-layout-flex wp-block-gallery-is-layout-flex\">\n<figure class=\"wp-block-image size-large\"><a href=\"https:\/\/inglitiib.eu\/harkujarve-kirik-ja-kogukonnakeskus\/wp-content\/uploads\/2023\/11\/F-43-scaled.jpg\"><img loading=\"lazy\" decoding=\"async\" width=\"1024\" height=\"576\" data-id=\"2023\" src=\"https:\/\/inglitiib.eu\/harkujarve-kirik-ja-kogukonnakeskus\/wp-content\/uploads\/2023\/11\/F-43-1024x576.jpg\" alt=\"\" class=\"wp-image-2023\" srcset=\"https:\/\/inglitiib.eu\/harkujarve-kirik-ja-kogukonnakeskus\/wp-content\/uploads\/2023\/11\/F-43-1024x576.jpg 1024w, https:\/\/inglitiib.eu\/harkujarve-kirik-ja-kogukonnakeskus\/wp-content\/uploads\/2023\/11\/F-43-300x169.jpg 300w, https:\/\/inglitiib.eu\/harkujarve-kirik-ja-kogukonnakeskus\/wp-content\/uploads\/2023\/11\/F-43-768x432.jpg 768w, https:\/\/inglitiib.eu\/harkujarve-kirik-ja-kogukonnakeskus\/wp-content\/uploads\/2023\/11\/F-43-1536x864.jpg 1536w, https:\/\/inglitiib.eu\/harkujarve-kirik-ja-kogukonnakeskus\/wp-content\/uploads\/2023\/11\/F-43-2048x1152.jpg 2048w\" sizes=\"auto, (max-width: 1024px) 100vw, 1024px\" \/><\/a><\/figure>\n\n\n\n<figure class=\"wp-block-image size-large\"><a href=\"https:\/\/inglitiib.eu\/harkujarve-kirik-ja-kogukonnakeskus\/wp-content\/uploads\/2023\/11\/F-44-scaled.jpg\"><img loading=\"lazy\" decoding=\"async\" width=\"1024\" height=\"576\" data-id=\"2024\" src=\"https:\/\/inglitiib.eu\/harkujarve-kirik-ja-kogukonnakeskus\/wp-content\/uploads\/2023\/11\/F-44-1024x576.jpg\" alt=\"\" class=\"wp-image-2024\" srcset=\"https:\/\/inglitiib.eu\/harkujarve-kirik-ja-kogukonnakeskus\/wp-content\/uploads\/2023\/11\/F-44-1024x576.jpg 1024w, https:\/\/inglitiib.eu\/harkujarve-kirik-ja-kogukonnakeskus\/wp-content\/uploads\/2023\/11\/F-44-300x169.jpg 300w, https:\/\/inglitiib.eu\/harkujarve-kirik-ja-kogukonnakeskus\/wp-content\/uploads\/2023\/11\/F-44-768x432.jpg 768w, https:\/\/inglitiib.eu\/harkujarve-kirik-ja-kogukonnakeskus\/wp-content\/uploads\/2023\/11\/F-44-1536x864.jpg 1536w, https:\/\/inglitiib.eu\/harkujarve-kirik-ja-kogukonnakeskus\/wp-content\/uploads\/2023\/11\/F-44-2048x1152.jpg 2048w\" sizes=\"auto, (max-width: 1024px) 100vw, 1024px\" \/><\/a><\/figure>\n\n\n\n<figure class=\"wp-block-image size-large\"><a href=\"https:\/\/inglitiib.eu\/harkujarve-kirik-ja-kogukonnakeskus\/wp-content\/uploads\/2023\/11\/F-45-1-scaled.jpg\"><img loading=\"lazy\" decoding=\"async\" width=\"1024\" height=\"576\" data-id=\"2025\" src=\"https:\/\/inglitiib.eu\/harkujarve-kirik-ja-kogukonnakeskus\/wp-content\/uploads\/2023\/11\/F-45-1-1024x576.jpg\" alt=\"\" class=\"wp-image-2025\" srcset=\"https:\/\/inglitiib.eu\/harkujarve-kirik-ja-kogukonnakeskus\/wp-content\/uploads\/2023\/11\/F-45-1-1024x576.jpg 1024w, https:\/\/inglitiib.eu\/harkujarve-kirik-ja-kogukonnakeskus\/wp-content\/uploads\/2023\/11\/F-45-1-300x169.jpg 300w, https:\/\/inglitiib.eu\/harkujarve-kirik-ja-kogukonnakeskus\/wp-content\/uploads\/2023\/11\/F-45-1-768x432.jpg 768w, https:\/\/inglitiib.eu\/harkujarve-kirik-ja-kogukonnakeskus\/wp-content\/uploads\/2023\/11\/F-45-1-1536x864.jpg 1536w, https:\/\/inglitiib.eu\/harkujarve-kirik-ja-kogukonnakeskus\/wp-content\/uploads\/2023\/11\/F-45-1-2048x1152.jpg 2048w\" sizes=\"auto, (max-width: 1024px) 100vw, 1024px\" \/><\/a><\/figure>\n\n\n\n<figure class=\"wp-block-image size-large\"><a href=\"https:\/\/inglitiib.eu\/harkujarve-kirik-ja-kogukonnakeskus\/wp-content\/uploads\/2023\/11\/F-45-scaled.jpg\"><img loading=\"lazy\" decoding=\"async\" width=\"1024\" height=\"576\" data-id=\"2026\" src=\"https:\/\/inglitiib.eu\/harkujarve-kirik-ja-kogukonnakeskus\/wp-content\/uploads\/2023\/11\/F-45-1024x576.jpg\" alt=\"\" class=\"wp-image-2026\" srcset=\"https:\/\/inglitiib.eu\/harkujarve-kirik-ja-kogukonnakeskus\/wp-content\/uploads\/2023\/11\/F-45-1024x576.jpg 1024w, https:\/\/inglitiib.eu\/harkujarve-kirik-ja-kogukonnakeskus\/wp-content\/uploads\/2023\/11\/F-45-300x169.jpg 300w, https:\/\/inglitiib.eu\/harkujarve-kirik-ja-kogukonnakeskus\/wp-content\/uploads\/2023\/11\/F-45-768x432.jpg 768w, https:\/\/inglitiib.eu\/harkujarve-kirik-ja-kogukonnakeskus\/wp-content\/uploads\/2023\/11\/F-45-1536x864.jpg 1536w, https:\/\/inglitiib.eu\/harkujarve-kirik-ja-kogukonnakeskus\/wp-content\/uploads\/2023\/11\/F-45-2048x1152.jpg 2048w\" sizes=\"auto, (max-width: 1024px) 100vw, 1024px\" \/><\/a><\/figure>\n\n\n\n<figure class=\"wp-block-image size-large\"><a href=\"https:\/\/inglitiib.eu\/harkujarve-kirik-ja-kogukonnakeskus\/wp-content\/uploads\/2023\/11\/F-46-1-scaled.jpg\"><img loading=\"lazy\" decoding=\"async\" width=\"1024\" height=\"576\" data-id=\"2027\" src=\"https:\/\/inglitiib.eu\/harkujarve-kirik-ja-kogukonnakeskus\/wp-content\/uploads\/2023\/11\/F-46-1-1024x576.jpg\" alt=\"\" class=\"wp-image-2027\" srcset=\"https:\/\/inglitiib.eu\/harkujarve-kirik-ja-kogukonnakeskus\/wp-content\/uploads\/2023\/11\/F-46-1-1024x576.jpg 1024w, https:\/\/inglitiib.eu\/harkujarve-kirik-ja-kogukonnakeskus\/wp-content\/uploads\/2023\/11\/F-46-1-300x169.jpg 300w, https:\/\/inglitiib.eu\/harkujarve-kirik-ja-kogukonnakeskus\/wp-content\/uploads\/2023\/11\/F-46-1-768x432.jpg 768w, https:\/\/inglitiib.eu\/harkujarve-kirik-ja-kogukonnakeskus\/wp-content\/uploads\/2023\/11\/F-46-1-1536x864.jpg 1536w, https:\/\/inglitiib.eu\/harkujarve-kirik-ja-kogukonnakeskus\/wp-content\/uploads\/2023\/11\/F-46-1-2048x1152.jpg 2048w\" sizes=\"auto, (max-width: 1024px) 100vw, 1024px\" \/><\/a><\/figure>\n<\/figure>\n\n\n\n<p>Etendus J\u00f5ululumi 2023 oktoobris<\/p>\n\n\n\n<p><\/p>\n\n\n\n<p><\/p>\n\n\n\n<p><a href=\"http:\/\/inglitiib.eu\/harkujarve-kiriku-taastamise-selts\/wp-content\/uploads\/2014\/10\/DSC_0750.jpg\"><img loading=\"lazy\" decoding=\"async\" class=\"alignnone size-full wp-image-1271\" src=\"http:\/\/inglitiib.eu\/harkujarve-kiriku-taastamise-selts\/wp-content\/uploads\/2014\/10\/DSC_0750.jpg\" alt=\"\" width=\"800\" height=\"531\" srcset=\"https:\/\/inglitiib.eu\/harkujarve-kirik-ja-kogukonnakeskus\/wp-content\/uploads\/2014\/10\/DSC_0750.jpg 800w, https:\/\/inglitiib.eu\/harkujarve-kirik-ja-kogukonnakeskus\/wp-content\/uploads\/2014\/10\/DSC_0750-300x199.jpg 300w, https:\/\/inglitiib.eu\/harkujarve-kirik-ja-kogukonnakeskus\/wp-content\/uploads\/2014\/10\/DSC_0750-768x510.jpg 768w\" sizes=\"auto, (max-width: 800px) 100vw, 800px\" \/><\/a>Tuhkatriinu etendus<\/p>\n\n\n\n<figure class=\"wp-block-image alignnone\"><a href=\"https:\/\/inglitiib.eu\/harkujarve-kirik-ja-kogukonnakeskus\/wp-content\/uploads\/2023\/09\/DSCF0734.jpg\"><img loading=\"lazy\" decoding=\"async\" width=\"1024\" height=\"682\" src=\"https:\/\/inglitiib.eu\/harkujarve-kirik-ja-kogukonnakeskus\/wp-content\/uploads\/2023\/09\/DSCF0734-1024x682.jpg\" alt=\"\" class=\"wp-image-1975\" srcset=\"https:\/\/inglitiib.eu\/harkujarve-kirik-ja-kogukonnakeskus\/wp-content\/uploads\/2023\/09\/DSCF0734-1024x682.jpg 1024w, https:\/\/inglitiib.eu\/harkujarve-kirik-ja-kogukonnakeskus\/wp-content\/uploads\/2023\/09\/DSCF0734-300x200.jpg 300w, https:\/\/inglitiib.eu\/harkujarve-kirik-ja-kogukonnakeskus\/wp-content\/uploads\/2023\/09\/DSCF0734-768x512.jpg 768w, https:\/\/inglitiib.eu\/harkujarve-kirik-ja-kogukonnakeskus\/wp-content\/uploads\/2023\/09\/DSCF0734-1536x1024.jpg 1536w, https:\/\/inglitiib.eu\/harkujarve-kirik-ja-kogukonnakeskus\/wp-content\/uploads\/2023\/09\/DSCF0734.jpg 2000w\" sizes=\"auto, (max-width: 1024px) 100vw, 1024px\" \/><\/a><figcaption class=\"wp-element-caption\">Meie Draamastuudio esimene etendus t\u00e4iskasvanud n\u00e4itlejatega.<\/figcaption><\/figure>\n\n\n\n<p>Registreerumiseks saada kiri meie e- postile <a href=\"mailto:info@inglitiib.eu\"><span style=\"color: #1b7ae0; font-size: x-large;\">info@inglitiib.eu<\/span><\/a><\/p>\n\n\n\n<p><\/p>\n","protected":false},"excerpt":{"rendered":"<p>Juhendab Fea \u00dcprus Oled v\u00e4ga oodatud! Draamaringi eesm\u00e4rgiks on huvi \u00e4ratamine teatritegemise vastu ja enda tundma \u00f5ppimine l\u00e4bi m\u00e4ngu. Lastest, kes on tegelenud enesearendamisega l\u00e4bi teatri, kasvavad loovalt m\u00f5tlevad ja laiema kultuurihuviga inimesed. Koos k\u00e4iakse kolmap\u00e4eviti kell 14:30- 16:00 Etendus J\u00f5ululumi 2023 oktoobris Tuhkatriinu etendus Registreerumiseks saada kiri meie e- postile info@inglitiib.eu<\/p>\n","protected":false},"author":7,"featured_media":0,"parent":34,"menu_order":2,"comment_status":"closed","ping_status":"closed","template":"","meta":{"cybocfi_hide_featured_image":"","footnotes":""},"class_list":["post-622","page","type-page","status-publish","hentry"],"_links":{"self":[{"href":"https:\/\/inglitiib.eu\/harkujarve-kirik-ja-kogukonnakeskus\/wp-json\/wp\/v2\/pages\/622","targetHints":{"allow":["GET"]}}],"collection":[{"href":"https:\/\/inglitiib.eu\/harkujarve-kirik-ja-kogukonnakeskus\/wp-json\/wp\/v2\/pages"}],"about":[{"href":"https:\/\/inglitiib.eu\/harkujarve-kirik-ja-kogukonnakeskus\/wp-json\/wp\/v2\/types\/page"}],"author":[{"embeddable":true,"href":"https:\/\/inglitiib.eu\/harkujarve-kirik-ja-kogukonnakeskus\/wp-json\/wp\/v2\/users\/7"}],"replies":[{"embeddable":true,"href":"https:\/\/inglitiib.eu\/harkujarve-kirik-ja-kogukonnakeskus\/wp-json\/wp\/v2\/comments?post=622"}],"version-history":[{"count":7,"href":"https:\/\/inglitiib.eu\/harkujarve-kirik-ja-kogukonnakeskus\/wp-json\/wp\/v2\/pages\/622\/revisions"}],"predecessor-version":[{"id":2282,"href":"https:\/\/inglitiib.eu\/harkujarve-kirik-ja-kogukonnakeskus\/wp-json\/wp\/v2\/pages\/622\/revisions\/2282"}],"up":[{"embeddable":true,"href":"https:\/\/inglitiib.eu\/harkujarve-kirik-ja-kogukonnakeskus\/wp-json\/wp\/v2\/pages\/34"}],"wp:attachment":[{"href":"https:\/\/inglitiib.eu\/harkujarve-kirik-ja-kogukonnakeskus\/wp-json\/wp\/v2\/media?parent=622"}],"curies":[{"name":"wp","href":"https:\/\/api.w.org\/{rel}","templated":true}]}}