{"id":625,"date":"2014-10-05T09:03:25","date_gmt":"2014-10-05T06:03:25","guid":{"rendered":"http:\/\/inglitiib.eu\/harkujarve-kiriku-taastamise-selts\/?page_id=625-old"},"modified":"2024-01-17T13:14:00","modified_gmt":"2024-01-17T11:14:00","slug":"mustlastants","status":"publish","type":"page","link":"https:\/\/inglitiib.eu\/harkujarve-kirik-ja-kogukonnakeskus\/kogukonnakeskus\/mustlastants\/","title":{"rendered":"<!--:et-->Mustlastants ja Flamenco <!--:-->"},"content":{"rendered":"<div class=\"wp-block-image\">\n<figure class=\"alignright\"><img loading=\"lazy\" decoding=\"async\" width=\"200\" height=\"300\" src=\"http:\/\/inglitiib.eu\/harkujarve-kiriku-taastamise-selts\/wp-content\/uploads\/2014\/10\/MG_4976-200x300.jpg\" alt=\"_MG_4976\" class=\"wp-image-626\"\/><\/figure><\/div>\n\n\n<p class=\"has-text-align-left\"><span style=\"color: #993366;\"><b>Juhendab Lehti Kostabi<\/b><\/span><\/p>\n\n\n\n<p><span style=\"color: #993366;\">&nbsp;&nbsp;&nbsp;&nbsp;&nbsp;&nbsp;&nbsp;&nbsp;&nbsp;&nbsp;&nbsp;&nbsp;&nbsp;<\/span><\/p>\n\n\n\n<p>Mustlaslaulud ja tantsud v\u00e4ljendavad r\u00f5\u00f5mu ja kurbust, kirge ja vaba tahet. Mustlastantsule on omane tempo kasvamine, finaal on reeglina v\u00e4ga kiire.<\/p>\n\n\n\n<p class=\"has-text-align-center\">Flamenco on muusikakultuur, mis on s\u00fcndinud L\u00f5una-Hispaanias, t\u00e4psemalt Andaluusias. Sageli on just mustlasi selle kunsti loojateks, arendajateks ja elushoidjateks nimetatud.<\/p>\n\n\n\n<p class=\"has-text-align-center\">Koos k\u00e4iakse kolmap\u00e4eviti kell 18:00-20:00<\/p>\n\n\n\n<h2 class=\"wp-block-heading\">Registreerumiseks saada kiri meie e- postile <a href=\"mailto:info@inglitiib.eu\"><span style=\"color: #1b7ae0; font-size: x-large;\">info@inglitiib.eu<\/span><\/a><\/h2>\n\n\n\n<p>Oled v\u00e4ga oodatud!<br><br><\/p>\n\n\n\n<p><span style=\"color: #993366;\">&nbsp;&nbsp;&nbsp;&nbsp;&nbsp;&nbsp;&nbsp;&nbsp;&nbsp;&nbsp;&nbsp;&nbsp;&nbsp;&nbsp;&nbsp;&nbsp;&nbsp;&nbsp;&nbsp;&nbsp;&nbsp;&nbsp;&nbsp;<\/span><!--:--><\/p>\n\n\n\n<figure class=\"wp-block-gallery has-nested-images columns-default is-cropped wp-block-gallery-1 is-layout-flex wp-block-gallery-is-layout-flex\">\n<figure class=\"wp-block-image size-large\"><a href=\"https:\/\/inglitiib.eu\/harkujarve-kirik-ja-kogukonnakeskus\/wp-content\/uploads\/2023\/11\/cropped-20230531_203018-scaled-1.jpg\"><img loading=\"lazy\" decoding=\"async\" width=\"1024\" height=\"682\" data-id=\"2171\" src=\"https:\/\/inglitiib.eu\/harkujarve-kirik-ja-kogukonnakeskus\/wp-content\/uploads\/2023\/11\/cropped-20230531_203018-scaled-1-1024x682.jpg\" alt=\"\" class=\"wp-image-2171\" srcset=\"https:\/\/inglitiib.eu\/harkujarve-kirik-ja-kogukonnakeskus\/wp-content\/uploads\/2023\/11\/cropped-20230531_203018-scaled-1-1024x682.jpg 1024w, https:\/\/inglitiib.eu\/harkujarve-kirik-ja-kogukonnakeskus\/wp-content\/uploads\/2023\/11\/cropped-20230531_203018-scaled-1-300x200.jpg 300w, https:\/\/inglitiib.eu\/harkujarve-kirik-ja-kogukonnakeskus\/wp-content\/uploads\/2023\/11\/cropped-20230531_203018-scaled-1-768x512.jpg 768w, https:\/\/inglitiib.eu\/harkujarve-kirik-ja-kogukonnakeskus\/wp-content\/uploads\/2023\/11\/cropped-20230531_203018-scaled-1-1536x1023.jpg 1536w, https:\/\/inglitiib.eu\/harkujarve-kirik-ja-kogukonnakeskus\/wp-content\/uploads\/2023\/11\/cropped-20230531_203018-scaled-1-2048x1364.jpg 2048w, https:\/\/inglitiib.eu\/harkujarve-kirik-ja-kogukonnakeskus\/wp-content\/uploads\/2023\/11\/cropped-20230531_203018-scaled-1-1621x1080.jpg 1621w\" sizes=\"auto, (max-width: 1024px) 100vw, 1024px\" \/><\/a><\/figure>\n\n\n\n<figure class=\"wp-block-image size-large\"><a href=\"https:\/\/inglitiib.eu\/harkujarve-kirik-ja-kogukonnakeskus\/wp-content\/uploads\/2024\/01\/20190714_201539-2-scaled.jpg\"><img loading=\"lazy\" decoding=\"async\" width=\"1024\" height=\"768\" data-id=\"2278\" src=\"https:\/\/inglitiib.eu\/harkujarve-kirik-ja-kogukonnakeskus\/wp-content\/uploads\/2024\/01\/20190714_201539-2-1024x768.jpg\" alt=\"\" class=\"wp-image-2278\" srcset=\"https:\/\/inglitiib.eu\/harkujarve-kirik-ja-kogukonnakeskus\/wp-content\/uploads\/2024\/01\/20190714_201539-2-1024x768.jpg 1024w, https:\/\/inglitiib.eu\/harkujarve-kirik-ja-kogukonnakeskus\/wp-content\/uploads\/2024\/01\/20190714_201539-2-300x225.jpg 300w, https:\/\/inglitiib.eu\/harkujarve-kirik-ja-kogukonnakeskus\/wp-content\/uploads\/2024\/01\/20190714_201539-2-768x576.jpg 768w, https:\/\/inglitiib.eu\/harkujarve-kirik-ja-kogukonnakeskus\/wp-content\/uploads\/2024\/01\/20190714_201539-2-1536x1152.jpg 1536w, https:\/\/inglitiib.eu\/harkujarve-kirik-ja-kogukonnakeskus\/wp-content\/uploads\/2024\/01\/20190714_201539-2-2048x1536.jpg 2048w, https:\/\/inglitiib.eu\/harkujarve-kirik-ja-kogukonnakeskus\/wp-content\/uploads\/2024\/01\/20190714_201539-2-1440x1080.jpg 1440w\" sizes=\"auto, (max-width: 1024px) 100vw, 1024px\" \/><\/a><\/figure>\n\n\n\n<figure class=\"wp-block-image size-large\"><a href=\"https:\/\/inglitiib.eu\/harkujarve-kirik-ja-kogukonnakeskus\/wp-content\/uploads\/2024\/01\/DSCF0652-2.jpg\"><img loading=\"lazy\" decoding=\"async\" width=\"1024\" height=\"581\" data-id=\"2279\" src=\"https:\/\/inglitiib.eu\/harkujarve-kirik-ja-kogukonnakeskus\/wp-content\/uploads\/2024\/01\/DSCF0652-2-1024x581.jpg\" alt=\"\" class=\"wp-image-2279\" srcset=\"https:\/\/inglitiib.eu\/harkujarve-kirik-ja-kogukonnakeskus\/wp-content\/uploads\/2024\/01\/DSCF0652-2-1024x581.jpg 1024w, https:\/\/inglitiib.eu\/harkujarve-kirik-ja-kogukonnakeskus\/wp-content\/uploads\/2024\/01\/DSCF0652-2-300x170.jpg 300w, https:\/\/inglitiib.eu\/harkujarve-kirik-ja-kogukonnakeskus\/wp-content\/uploads\/2024\/01\/DSCF0652-2-768x436.jpg 768w, https:\/\/inglitiib.eu\/harkujarve-kirik-ja-kogukonnakeskus\/wp-content\/uploads\/2024\/01\/DSCF0652-2-1536x872.jpg 1536w, https:\/\/inglitiib.eu\/harkujarve-kirik-ja-kogukonnakeskus\/wp-content\/uploads\/2024\/01\/DSCF0652-2-1903x1080.jpg 1903w, https:\/\/inglitiib.eu\/harkujarve-kirik-ja-kogukonnakeskus\/wp-content\/uploads\/2024\/01\/DSCF0652-2.jpg 2000w\" sizes=\"auto, (max-width: 1024px) 100vw, 1024px\" \/><\/a><\/figure>\n<\/figure>\n","protected":false},"excerpt":{"rendered":"<p>Juhendab Lehti Kostabi &nbsp;&nbsp;&nbsp;&nbsp;&nbsp;&nbsp;&nbsp;&nbsp;&nbsp;&nbsp;&nbsp;&nbsp;&nbsp; Mustlaslaulud ja tantsud v\u00e4ljendavad r\u00f5\u00f5mu ja kurbust, kirge ja vaba tahet. Mustlastantsule on omane tempo kasvamine, finaal on reeglina v\u00e4ga kiire. Flamenco on muusikakultuur, mis on s\u00fcndinud L\u00f5una-Hispaanias, t\u00e4psemalt Andaluusias. Sageli on just mustlasi selle kunsti loojateks, arendajateks ja elushoidjateks nimetatud. Koos k\u00e4iakse kolmap\u00e4eviti kell 18:00-20:00 Registreerumiseks saada kiri meie e-&hellip; <br \/> <a class=\"read-more\" href=\"https:\/\/inglitiib.eu\/harkujarve-kirik-ja-kogukonnakeskus\/kogukonnakeskus\/mustlastants\/\">Read more<\/a><\/p>\n","protected":false},"author":4,"featured_media":639,"parent":34,"menu_order":3,"comment_status":"closed","ping_status":"closed","template":"","meta":{"cybocfi_hide_featured_image":"","footnotes":""},"class_list":["post-625","page","type-page","status-publish","has-post-thumbnail","hentry"],"_links":{"self":[{"href":"https:\/\/inglitiib.eu\/harkujarve-kirik-ja-kogukonnakeskus\/wp-json\/wp\/v2\/pages\/625","targetHints":{"allow":["GET"]}}],"collection":[{"href":"https:\/\/inglitiib.eu\/harkujarve-kirik-ja-kogukonnakeskus\/wp-json\/wp\/v2\/pages"}],"about":[{"href":"https:\/\/inglitiib.eu\/harkujarve-kirik-ja-kogukonnakeskus\/wp-json\/wp\/v2\/types\/page"}],"author":[{"embeddable":true,"href":"https:\/\/inglitiib.eu\/harkujarve-kirik-ja-kogukonnakeskus\/wp-json\/wp\/v2\/users\/4"}],"replies":[{"embeddable":true,"href":"https:\/\/inglitiib.eu\/harkujarve-kirik-ja-kogukonnakeskus\/wp-json\/wp\/v2\/comments?post=625"}],"version-history":[{"count":4,"href":"https:\/\/inglitiib.eu\/harkujarve-kirik-ja-kogukonnakeskus\/wp-json\/wp\/v2\/pages\/625\/revisions"}],"predecessor-version":[{"id":2280,"href":"https:\/\/inglitiib.eu\/harkujarve-kirik-ja-kogukonnakeskus\/wp-json\/wp\/v2\/pages\/625\/revisions\/2280"}],"up":[{"embeddable":true,"href":"https:\/\/inglitiib.eu\/harkujarve-kirik-ja-kogukonnakeskus\/wp-json\/wp\/v2\/pages\/34"}],"wp:featuredmedia":[{"embeddable":true,"href":"https:\/\/inglitiib.eu\/harkujarve-kirik-ja-kogukonnakeskus\/wp-json\/wp\/v2\/media\/639"}],"wp:attachment":[{"href":"https:\/\/inglitiib.eu\/harkujarve-kirik-ja-kogukonnakeskus\/wp-json\/wp\/v2\/media?parent=625"}],"curies":[{"name":"wp","href":"https:\/\/api.w.org\/{rel}","templated":true}]}}