{"id":878,"date":"2014-11-23T12:32:54","date_gmt":"2014-11-23T10:32:54","guid":{"rendered":"http:\/\/inglitiib.eu\/harkujarve-kiriku-taastamise-selts\/?page_id=878-old"},"modified":"2024-11-08T12:00:40","modified_gmt":"2024-11-08T10:00:40","slug":"visioon","status":"publish","type":"page","link":"https:\/\/inglitiib.eu\/harkujarve-kirik-ja-kogukonnakeskus\/visioon\/","title":{"rendered":"Visioon"},"content":{"rendered":"<p><!--:et-->Harku valda, Harkuj\u00e4rve k\u00fclas t\u00fchjana seisvasse kirikuhoonesse rajatakse<br \/>\nkogukonnakeskus.<br \/>\nAastal 2020 on Harkuj\u00e4rve kirikus toimiv kogukonnakeskus, mis pakub Harkuj\u00e4rve,<br \/>\n\u00d5ism\u00e4e, Laabi ja Tiskre peredele vajalikke sotsiaalteenuseid ning vaba aja<br \/>\nveetmise v\u00f5imalusi. V\u00e4ike, aga aktiivne kogudus on usaldusv\u00e4\u00e4rseks partneriks seltsidele ja omavalitsustele.<\/p>\n<p>Elanikke on Harku vallas (159,7 km2) 12 979 , Harkuj\u00e4rve \u2013 Tiskre kandis (Harkuj\u00e4rve,<br \/>\nLaabi ja Tiskre k\u00fclades) nendest 12 %, Harkuj\u00e4rve k\u00fclas omakorda 652 (1.2. 2013). Alevikud: Tabasalu (elanikke 3364) ja Harku (669)<br \/>\nTeenuse tarbijatena tulevad veel k\u00f5ne alla ka Harku aleviku (669) ja V\u00e4ike \u00d5ism\u00e4e elanikud.<br \/>\nKogukonna teenusekeskus rajatakse koost\u00f6\u00f6s Harku vallavalitsuse, Haabersti Linnaosavalitsuse, EELK diakooniatalituse, kohaliku koguduse ja seltsidega.<br \/>\nHarku ja Haabersti juhtidega peetud arutelude k\u00e4igus on selgunud vajadus lastega peredele suunatud teenuste j\u00e4rele. Saar \u2013 Polli uuring 2012 toob v\u00e4lja vallaelanike ootused koolide ja lasteaedade j\u00e4rele.<br \/>\nTiskre-Harkuj\u00e4rve kandis peetakse ennek\u00f5ike oluliseks kahe valdkonna arendamist: \u00fchistransport ning koolid ja lasteaiad. Ka Suurupis, Murastes ja V\u00e4\u00e4nas toovad elanikud esile lastele suunatud teenuste vajadused. Noorsoot\u00f6\u00f6 osas peetakse probleemiks, et ei ole piisavalt tegevust noortele (mainitakse vanusevahemikke 8-18, 11-15 ja 13-17), noored peavad vaba aja sisustamiseks s\u00f5itma Tallinna ning puudub noortekeskus. Laste hoolekandega seotud teenuste (lastehoid, lastekaitse, eestkoste, hooldus) puhul on enim mainitud probleemiks lastes\u00f5ime puudumine, mist\u00f5ttu ei ole alla 3-aastastele lastele hoiuv\u00f5imalust. Kuna lastehoius on n\u00f5udlus pakkumisest suurem ja k\u00f5igile ei jagu kohti, siis soovitab \u00fcks vastajaist t\u00f5sta lastehoiutoetusi. Tiskre \u2013 Harkuj\u00e4rve kandi elanikest soovib 54% osaleda \u00fchistegevustes, kui seda korraldaks m\u00f5ni selts v\u00f5i kogukonnakeskus. K\u00f5ige enam tuntakse huvi kontsertide vastu: koguni 57% vastanuist nimetab \u00fchena huvipakkuvatest tegevustest k\u00fclamajas toimuvaid kontserte. Teisteks sagedamini huvi pakkuvateks tegevusteks on koolitused (41%), meisterdamisringid (37%) ja liikumisringid (31%). (AS Saar \u2013 Poll, Harku valla elanikkonna uuring 2012.)<!--:--><\/p>\n","protected":false},"excerpt":{"rendered":"<p>Harku valda, Harkuj\u00e4rve k\u00fclas t\u00fchjana seisvasse kirikuhoonesse rajatakse kogukonnakeskus. Aastal 2020 on Harkuj\u00e4rve kirikus toimiv kogukonnakeskus, mis pakub Harkuj\u00e4rve, \u00d5ism\u00e4e, Laabi ja Tiskre peredele vajalikke sotsiaalteenuseid ning vaba aja veetmise v\u00f5imalusi. V\u00e4ike, aga aktiivne kogudus on usaldusv\u00e4\u00e4rseks partneriks seltsidele ja omavalitsustele. Elanikke on Harku vallas (159,7 km2) 12 979 , Harkuj\u00e4rve \u2013 Tiskre kandis (Harkuj\u00e4rve,&hellip; <br \/> <a class=\"read-more\" href=\"https:\/\/inglitiib.eu\/harkujarve-kirik-ja-kogukonnakeskus\/visioon\/\">Read more<\/a><\/p>\n","protected":false},"author":1,"featured_media":0,"parent":0,"menu_order":0,"comment_status":"closed","ping_status":"closed","template":"","meta":{"cybocfi_hide_featured_image":"","footnotes":""},"class_list":["post-878","page","type-page","status-publish","hentry"],"_links":{"self":[{"href":"https:\/\/inglitiib.eu\/harkujarve-kirik-ja-kogukonnakeskus\/wp-json\/wp\/v2\/pages\/878","targetHints":{"allow":["GET"]}}],"collection":[{"href":"https:\/\/inglitiib.eu\/harkujarve-kirik-ja-kogukonnakeskus\/wp-json\/wp\/v2\/pages"}],"about":[{"href":"https:\/\/inglitiib.eu\/harkujarve-kirik-ja-kogukonnakeskus\/wp-json\/wp\/v2\/types\/page"}],"author":[{"embeddable":true,"href":"https:\/\/inglitiib.eu\/harkujarve-kirik-ja-kogukonnakeskus\/wp-json\/wp\/v2\/users\/1"}],"replies":[{"embeddable":true,"href":"https:\/\/inglitiib.eu\/harkujarve-kirik-ja-kogukonnakeskus\/wp-json\/wp\/v2\/comments?post=878"}],"version-history":[{"count":3,"href":"https:\/\/inglitiib.eu\/harkujarve-kirik-ja-kogukonnakeskus\/wp-json\/wp\/v2\/pages\/878\/revisions"}],"predecessor-version":[{"id":2392,"href":"https:\/\/inglitiib.eu\/harkujarve-kirik-ja-kogukonnakeskus\/wp-json\/wp\/v2\/pages\/878\/revisions\/2392"}],"wp:attachment":[{"href":"https:\/\/inglitiib.eu\/harkujarve-kirik-ja-kogukonnakeskus\/wp-json\/wp\/v2\/media?parent=878"}],"curies":[{"name":"wp","href":"https:\/\/api.w.org\/{rel}","templated":true}]}}