{"id":94,"date":"2013-12-14T18:38:17","date_gmt":"2013-12-14T16:38:17","guid":{"rendered":"http:\/\/inglitiib.eu\/harkujarve-kiriku-taastamise-selts\/?page_id=94-old"},"modified":"2023-12-18T14:21:51","modified_gmt":"2023-12-18T12:21:51","slug":"anneta","status":"publish","type":"page","link":"https:\/\/inglitiib.eu\/harkujarve-kirik-ja-kogukonnakeskus\/toetajad\/anneta\/","title":{"rendered":"Anneta ja annetused"},"content":{"rendered":"<p><!--:et--><\/p>\n<form accept-charset=\"ISO-8859-15\" action=\"https:\/\/www.paypal.com\/cgi-bin\/webscr\" method=\"post\" target=\"_top\"><em><strong>V\u00e4ike heategu toetab kogukonnakiriku tegevust.<\/strong><\/em><\/p>\n<p style=\"text-align: left;\"><strong>MT\u00dc Harkuj\u00e4rve Kogukonnakeskus<\/strong><br \/>\nIBAN: EE791010220110326017<br \/>\nSEB pank<\/p>\n<p><strong>EESTI EVANGEELSE LUTERLIKU KIRIKU Harkuj\u00e4rve Kogudus<\/strong><br \/>\nIBAN: EE031010220272707228<br \/>\nSEB Pank<\/p>\n<p style=\"text-align: left;\"><img loading=\"lazy\" decoding=\"async\" class=\"alignnone wp-image-599 alignright\" src=\"http:\/\/inglitiib.eu\/harkujarve-kiriku-taastamise-selts\/wp-content\/uploads\/2013\/12\/Olete-oodatud-200x300.jpg\" alt=\"Olete oodatud!\" width=\"232\" height=\"348\" \/><\/p>\n<p><input style=\"width: 164px; height: 70px;\" alt=\"PayPal - The safer, easier way to pay online!\" name=\"submit\" size=\"22\" src=\"https:\/\/www.paypalobjects.com\/en_US\/i\/btn\/btn_donateCC_LG.gif\" type=\"image\" \/><img loading=\"lazy\" decoding=\"async\" src=\"https:\/\/www.paypalobjects.com\/en_US\/i\/scr\/pixel.gif\" alt=\"\" width=\"1\" height=\"1\" border=\"0\" \/><\/p>\n<\/form>\n<p><!--:--><\/p>\n","protected":false},"excerpt":{"rendered":"<p>V\u00e4ike heategu toetab kogukonnakiriku tegevust. MT\u00dc Harkuj\u00e4rve Kogukonnakeskus IBAN: EE791010220110326017 SEB pank EESTI EVANGEELSE LUTERLIKU KIRIKU Harkuj\u00e4rve Kogudus IBAN: EE031010220272707228 SEB Pank<\/p>\n","protected":false},"author":1,"featured_media":0,"parent":416,"menu_order":2,"comment_status":"closed","ping_status":"open","template":"","meta":{"cybocfi_hide_featured_image":"","footnotes":""},"class_list":["post-94","page","type-page","status-publish","hentry"],"_links":{"self":[{"href":"https:\/\/inglitiib.eu\/harkujarve-kirik-ja-kogukonnakeskus\/wp-json\/wp\/v2\/pages\/94","targetHints":{"allow":["GET"]}}],"collection":[{"href":"https:\/\/inglitiib.eu\/harkujarve-kirik-ja-kogukonnakeskus\/wp-json\/wp\/v2\/pages"}],"about":[{"href":"https:\/\/inglitiib.eu\/harkujarve-kirik-ja-kogukonnakeskus\/wp-json\/wp\/v2\/types\/page"}],"author":[{"embeddable":true,"href":"https:\/\/inglitiib.eu\/harkujarve-kirik-ja-kogukonnakeskus\/wp-json\/wp\/v2\/users\/1"}],"replies":[{"embeddable":true,"href":"https:\/\/inglitiib.eu\/harkujarve-kirik-ja-kogukonnakeskus\/wp-json\/wp\/v2\/comments?post=94"}],"version-history":[{"count":3,"href":"https:\/\/inglitiib.eu\/harkujarve-kirik-ja-kogukonnakeskus\/wp-json\/wp\/v2\/pages\/94\/revisions"}],"predecessor-version":[{"id":2271,"href":"https:\/\/inglitiib.eu\/harkujarve-kirik-ja-kogukonnakeskus\/wp-json\/wp\/v2\/pages\/94\/revisions\/2271"}],"up":[{"embeddable":true,"href":"https:\/\/inglitiib.eu\/harkujarve-kirik-ja-kogukonnakeskus\/wp-json\/wp\/v2\/pages\/416"}],"wp:attachment":[{"href":"https:\/\/inglitiib.eu\/harkujarve-kirik-ja-kogukonnakeskus\/wp-json\/wp\/v2\/media?parent=94"}],"curies":[{"name":"wp","href":"https:\/\/api.w.org\/{rel}","templated":true}]}}