{"id":119,"date":"2014-01-11T09:01:40","date_gmt":"2014-01-11T07:01:40","guid":{"rendered":"http:\/\/inglitiib.eu\/inglitiib\/?page_id=119"},"modified":"2014-10-01T19:06:05","modified_gmt":"2014-10-01T17:06:05","slug":"teated","status":"publish","type":"page","link":"https:\/\/inglitiib.eu\/inglitiib\/teated\/","title":{"rendered":"Teated"},"content":{"rendered":"<p><a href=\"http:\/\/inglitiib.eu\/inglitiib\/wp-content\/uploads\/2014\/01\/k\u00fcsk-logo-e1389425956220.jpg\"><img decoding=\"async\" loading=\"lazy\" class=\"alignnone  wp-image-124\" style=\"width: 242px;\" src=\"http:\/\/inglitiib.eu\/inglitiib\/wp-content\/uploads\/2014\/01\/k\u00fcsk-logo-300x162.jpg\" alt=\"k\u00fcsk logo\" width=\"209\" height=\"113\" \/><\/a><\/p>\n<p>Harkuj\u00e4rve kirikus olev lastehoid <em>Inglitiib <\/em>osales 2013.a. l\u00f5pus Kodaniku\u00fchiskonna Sihtkapitali \u0160veitsi V\u00dcF`i suurprojektide taotlusvoorus ja sai toetuse lastehoiuteenuse v\u00e4ljaarendamiseks ning laiendamiseks.<br \/>\n<strong>Lapsehoiuteenus Harkuj\u00e4rve kirikus<\/strong><br \/>\nTeenuse otsene sihtr\u00fchm on Harku j\u00e4rve \u00fcmbruse asumite pered, kes kasvatavad 1-6. aastaseid lapsi, kaudselt ka lapsevanemate t\u00f6\u00f6andjad, teised pereliikmed ja kohalik omavalitsus. Projekti kaudu arendatakse v\u00e4lja lapsehoiuteenus ja selle osutamiseks vajalikud tingimused 18 lapsehoiu koha mahus, teenuse k\u00e4ivitamisel viiakse l\u00e4bi koost\u00f6\u00f6partnerite vahelised koost\u00f6\u00f6\u00fcmarlauad, koostatakse lapsehoiuteenuse k\u00e4ivitamist ja arendamist k\u00e4sitlev abimaterjal kogudustele ja kiriklikele organisatsioonidele, seel\u00e4bi suureneb EELK koguduste ja nende partner\u00fchenduste suutlikkus kodaniku\u00fchiskonnas osalemisel ja avalike teenuste osutamisel.<br \/>\n\u00dcldeesm\u00e4rk: kvaliteetse, j\u00e4tkusuutliku ja kristlikel v\u00e4\u00e4rtustel p\u00f5hineva lapsehoiuteenuse k\u00e4ttesaadavuse suurendamine Harku j\u00e4rve \u00fcmbruses olevates asumites (Tiskre, Harkuj\u00e4rve, Laabi, \u00d5ism\u00e4e, Kakum\u00e4e)<br \/>\nToetussumma, 23389,80<br \/>\nProjekti rahastab Eesti-\u0160veitsi koost\u00f6\u00f6programmi Vaba\u00fchenduste Fond ja Kodaniku\u00fchiskonna Sihtkapital.<\/p>\n<p><strong>26.juuli 2013 perep\u00e4ev<\/strong><\/p>\n<p>Harkuj\u00e4rve Kiriku Taastamise Selts ja MT\u00dc Igale Lapsele Pere korraldasid 26 juulil Harkuj\u00e4rve kogukonnakeskuses \u00fchise perep\u00e4eva millega t\u00e4histati kogukonnakeskuse taastamist ning heade m\u00f5tete koost\u00f6\u00f6 algust.<\/p>\n<p>Kuulati vaimulikke laule ja vaskpilli ansamblit, m\u00e4ngiti, lauldi ja suup\u00e4rase l\u00f5kkekohvi k\u00f5rval arutati h\u00e4id m\u00f5tteid.<\/p>\n<p><a href=\"http:\/\/inglitiib.eu\/inglitiib\/wp-content\/uploads\/2014\/08\/Perep\u00e4ev-Harku\u00e4rvel-e1408737783271.jpg\"><img decoding=\"async\" loading=\"lazy\" class=\"alignnone size-medium wp-image-293\" src=\"http:\/\/inglitiib.eu\/inglitiib\/wp-content\/uploads\/2014\/08\/Perep\u00e4ev-Harku\u00e4rvel-300x169.jpg\" alt=\"Perep\u00e4ev Harku\u00e4rvel\" width=\"300\" height=\"169\" \/><\/a><\/p>\n<p><a href=\"http:\/\/inglitiib.eu\/inglitiib\/wp-content\/uploads\/2014\/01\/Perep\u00e4eval-e1408816470837.jpg\"><img decoding=\"async\" loading=\"lazy\" class=\"alignnone size-medium wp-image-298\" src=\"http:\/\/inglitiib.eu\/inglitiib\/wp-content\/uploads\/2014\/01\/Perep\u00e4eval-300x199.jpg\" alt=\"Perep\u00e4eval\" width=\"300\" height=\"199\" \/><\/a><\/p>\n<p>&nbsp;<\/p>\n<p><strong>Mai 2014<br \/>\n<\/strong>K\u00dcSK ja \u0160veitsi Vaba\u00fchenduste Fond\u00a0projekti raames on korraldatud mitmeid partneritega kohtumisi. Osalemine Harku K\u00fclade P\u00e4eval. Koost\u00f6\u00f6arutelu abivallavanem Erik Sandla, noorte- ja spordit\u00f6\u00f6 juht Karin Pops, Alasniidu seltsi, Tabasalu kammerkoori esindajatega.<\/p>\n<p>Arutelu Harkuj\u00e4rve kirikus koos valla noortekeskuse delegatsiooniga Kadri Pihelo, Triinu Laas ja MT\u00dc Igale Lapsele Oma Pere esindajatega (Jane Snaith ja Karmen Kuill) ja Soome Luterliku Evangeelse Misjoni\u00fchenduse (SLEY) esindajatega Sakari Pihlaja. Avo \u00dcprus, Fea \u00dcprus, Risto Abel, Keili Kollamaa, Remet Rander. Kokku lepitud koost\u00f6\u00f6 noortekeskusega, \u00fchine ruumikasutus, kliendibaas, ringit\u00f6\u00f6 korraldamine. Valla Noortekeskus soovib keldriruume kasutada noortega t\u00f6\u00f6ks. SLEY aitab kaasa ruumide n\u00f5uetele vastavusse viimisel, toob ka maalrid, Risto Abel tegeleb ehituspakkumistega. Olulisim on p\u00e4\u00e4steameti ettekirjutuste t\u00e4itmine, varuv\u00e4ljap\u00e4\u00e4su tekitamine ning keerdtrepi paigaldamine, et t\u00f6\u00f6le saab hakata hoiu II korrus ja et vastu v\u00f5tta kuni 18 last.<\/p>\n<p><strong>Juuni 2014<br \/>\n<\/strong>Toimus Harkuj\u00e4rve Kiriku Lapsehoid Inglitiivas lapsehoidjate t\u00e4iendkoolitus. Koolitajaks oli Kristi S\u00e4\u00e4sk. Kokku osales koolitusel 5 osalejat. Kohale oli tuldud Tartust, Viljandist ja \u00fcks osaleja soovib avada ise lapsehoidu. Koolituse tagasiside oli valdavalt positiivne. Meeldisid koolitaja Piibli interpreteeringud, mis valgustasid seni veidi \u00e4hmaseks j\u00e4\u00e4nud tahke m\u00f5nede t\u00e4htsate piiblilugude juures. Ka ei teadnud enne koolitust m\u00f5nede oluliste kalendrit\u00e4htp\u00e4evade tegelikku m\u00f5tet ja sisu, v\u00f5i et millisest ajaloos\u00fcndmusest see alguse on saanud (kuigi lugu v\u00f5i s\u00fcndmus ise v\u00f5isid tuttavad olla). Uudne ja huvitav m\u00f5te oli siduda juba v\u00e4ga v\u00e4ikeste laste kunstiline tegevus liturgiliste v\u00e4rvidega, mis seotud parasjagu k\u00e4esoleva kirikliku t\u00e4htp\u00e4eva v\u00f5i p\u00fchaga. Koolituse l\u00e4biviimist rahastas\u00a0K\u00dcSK ja \u0160veitsi Vaba\u00fchenduste Fond.<\/p>\n<p><strong>Juuli 2014<br \/>\n<\/strong>Valmis koost\u00f6\u00f6s EELK Viljandi Jaani koguduse Jaani Lastemaja koordinaatori Maarja Niinepuu ja Tallinna P\u00fcha Vaimu kiriku lastehoid Pesake abi\u00f5petaja Eha Kraftiga abimaterjal lapsehoiuteenust alustavatele kogudustele. Abimaterjaliga saab tutvuda : <a href=\"http:\/\/inglitiib.eu\/inglitiib\/wp-content\/uploads\/2014\/01\/Abimaterjal-lapsehoiuteenuse-k\u00e4ivitamiseks.pdf\" target=\"_blank\">Abimaterjal lapsehoiuteenuse k\u00e4ivitamiseks<\/a>. Abimaterjalide v\u00e4ljat\u00f6\u00f6tamist rahastas\u00a0K\u00dcSK ja \u0160veitsi Vaba\u00fchenduste Fond.<\/p>\n","protected":false},"excerpt":{"rendered":"<p>Harkuj\u00e4rve kirikus olev lastehoid Inglitiib osales 2013.a. l\u00f5pus Kodaniku\u00fchiskonna Sihtkapitali \u0160veitsi V\u00dcF`i suurprojektide taotlusvoorus ja sai toetuse lastehoiuteenuse v\u00e4ljaarendamiseks ning laiendamiseks. Lapsehoiuteenus Harkuj\u00e4rve kirikus Teenuse otsene sihtr\u00fchm on Harku j\u00e4rve \u00fcmbruse asumite pered, kes kasvatavad 1-6. aastaseid lapsi, kaudselt ka &hellip; <a href=\"https:\/\/inglitiib.eu\/inglitiib\/teated\/\">Continue reading <span class=\"meta-nav\">&rarr;<\/span><\/a><\/p>\n","protected":false},"author":1,"featured_media":0,"parent":0,"menu_order":3,"comment_status":"closed","ping_status":"closed","template":"sidebar-page.php","meta":[],"_links":{"self":[{"href":"https:\/\/inglitiib.eu\/inglitiib\/wp-json\/wp\/v2\/pages\/119"}],"collection":[{"href":"https:\/\/inglitiib.eu\/inglitiib\/wp-json\/wp\/v2\/pages"}],"about":[{"href":"https:\/\/inglitiib.eu\/inglitiib\/wp-json\/wp\/v2\/types\/page"}],"author":[{"embeddable":true,"href":"https:\/\/inglitiib.eu\/inglitiib\/wp-json\/wp\/v2\/users\/1"}],"replies":[{"embeddable":true,"href":"https:\/\/inglitiib.eu\/inglitiib\/wp-json\/wp\/v2\/comments?post=119"}],"version-history":[{"count":0,"href":"https:\/\/inglitiib.eu\/inglitiib\/wp-json\/wp\/v2\/pages\/119\/revisions"}],"wp:attachment":[{"href":"https:\/\/inglitiib.eu\/inglitiib\/wp-json\/wp\/v2\/media?parent=119"}],"curies":[{"name":"wp","href":"https:\/\/api.w.org\/{rel}","templated":true}]}}