{"id":13,"date":"2013-01-29T16:16:01","date_gmt":"2013-01-29T14:16:01","guid":{"rendered":"http:\/\/inglitiib.eu\/?page_id=13"},"modified":"2014-02-10T15:59:22","modified_gmt":"2014-02-10T13:59:22","slug":"paevakava","status":"publish","type":"page","link":"https:\/\/inglitiib.eu\/inglitiib\/paevakava\/","title":{"rendered":"P\u00e4evakava"},"content":{"rendered":"<p><b>08.00<\/b> \u2013 Tulen hoidu, kus mind ootavad toredad s\u00f5brad<\/p>\n<p><b>09.00<\/b> \u2013 S\u00f6\u00f6n k\u00f5hu maitsvat putru t\u00e4is<\/p>\n<p><b>10.00<\/b> \u2013 M\u00e4ngin ja \u00f5pin uusi p\u00f5nevaid asju<\/p>\n<p><b>11.00<\/b> \u2013 Hullan \u00f5ues\u00a0<img decoding=\"async\" loading=\"lazy\" class=\"alignright size-full wp-image-223\" style=\"border: 0px;\" alt=\"biohazardman_riding_his_scooter_md_wht\" src=\"http:\/\/inglitiib.eu\/inglitiib\/wp-content\/uploads\/2013\/01\/biohazardman_riding_his_scooter_md_wht.gif\" width=\"86\" height=\"105\" \/><\/p>\n<p><b>12.30<\/b> \u2013 Laual ootab tervislik l\u00f5unas\u00f6\u00f6k<\/p>\n<p><b>13.00 <\/b>\u2013 Kuulan unejuttu ja puhkan<\/p>\n<p><b>15.30<\/b> \u2013 \u00c4rkan r\u00f5\u00f5msalt, t\u00f5ttan m\u00e4ngima<\/p>\n<p><b>15.45<\/b> \u2013 Einestan, sest t\u00fchja k\u00f5huga ei jaksa tegutseda<\/p>\n<p><b>16.00<\/b> \u2013 M\u00e4ngin toas v\u00f5i \u00f5ues ja ootan emmet-issit<\/p>\n<p><b>18.00<\/b> \u2013 L\u00e4hen koju, et homme j\u00e4lle r\u00f5\u00f5muga tulla<\/p>\n","protected":false},"excerpt":{"rendered":"<p>08.00 \u2013 Tulen hoidu, kus mind ootavad toredad s\u00f5brad 09.00 \u2013 S\u00f6\u00f6n k\u00f5hu maitsvat putru t\u00e4is 10.00 \u2013 M\u00e4ngin ja \u00f5pin uusi p\u00f5nevaid asju 11.00 \u2013 Hullan \u00f5ues\u00a0 12.30 \u2013 Laual ootab tervislik l\u00f5unas\u00f6\u00f6k 13.00 \u2013 Kuulan unejuttu ja puhkan &hellip; <a href=\"https:\/\/inglitiib.eu\/inglitiib\/paevakava\/\">Continue reading <span class=\"meta-nav\">&rarr;<\/span><\/a><\/p>\n","protected":false},"author":1,"featured_media":0,"parent":0,"menu_order":4,"comment_status":"closed","ping_status":"closed","template":"sidebar-page.php","meta":[],"_links":{"self":[{"href":"https:\/\/inglitiib.eu\/inglitiib\/wp-json\/wp\/v2\/pages\/13"}],"collection":[{"href":"https:\/\/inglitiib.eu\/inglitiib\/wp-json\/wp\/v2\/pages"}],"about":[{"href":"https:\/\/inglitiib.eu\/inglitiib\/wp-json\/wp\/v2\/types\/page"}],"author":[{"embeddable":true,"href":"https:\/\/inglitiib.eu\/inglitiib\/wp-json\/wp\/v2\/users\/1"}],"replies":[{"embeddable":true,"href":"https:\/\/inglitiib.eu\/inglitiib\/wp-json\/wp\/v2\/comments?post=13"}],"version-history":[{"count":0,"href":"https:\/\/inglitiib.eu\/inglitiib\/wp-json\/wp\/v2\/pages\/13\/revisions"}],"wp:attachment":[{"href":"https:\/\/inglitiib.eu\/inglitiib\/wp-json\/wp\/v2\/media?parent=13"}],"curies":[{"name":"wp","href":"https:\/\/api.w.org\/{rel}","templated":true}]}}