{"id":14,"date":"2013-01-29T16:16:28","date_gmt":"2013-01-29T14:16:28","guid":{"rendered":"http:\/\/inglitiib.eu\/?page_id=14"},"modified":"2014-02-10T16:00:48","modified_gmt":"2014-02-10T14:00:48","slug":"tegevused","status":"publish","type":"page","link":"https:\/\/inglitiib.eu\/inglitiib\/tegevused\/","title":{"rendered":"Tegevused"},"content":{"rendered":"<p><span style=\"text-decoration: underline;\">N\u00e4dala \u00f5ppetegevuste plaan:<\/span><\/p>\n<table summary=\"\" border=\"0\" cellspacing=\"0\" cellpadding=\"0\">\n<tbody>\n<tr>\n<td>\n<table width=\"200\" border=\"1\" cellspacing=\"1\" cellpadding=\"0\">\n<tbody>\n<tr>\n<td><b>Esmasp\u00e4ev<\/b><\/td>\n<td>MUUSIKA ja LIIKUMINE<\/td>\n<\/tr>\n<tr>\n<td><b>Teisip\u00e4ev<\/b><\/td>\n<td>KUNST\/MAALIMINE<\/td>\n<\/tr>\n<tr>\n<td><b>Kolmap\u00e4ev<\/b><\/td>\n<td>MATEMAATIKA\/ETTELUGEMINE<\/td>\n<\/tr>\n<tr>\n<td><b>Neljap\u00e4ev<\/b><\/td>\n<td>KUNST\/VOOLIMINE\/KLEEPIMINE<\/td>\n<\/tr>\n<tr>\n<td><b>Reede<\/b><\/td>\n<td>MUUSIKA ja LIIKUMINE<\/td>\n<\/tr>\n<\/tbody>\n<\/table>\n<p>Voolimine ja kleepet\u00f6\u00f6 vahelduvad\u00a0\u00fcle\u00a0n\u00e4dala.<\/td>\n<td>\u00a0<img decoding=\"async\" loading=\"lazy\" class=\"alignright size-full wp-image-245\" style=\"border: 0px;\" alt=\"woman_paint_sunset_md_wht\" src=\"http:\/\/inglitiib.eu\/inglitiib\/wp-content\/uploads\/2014\/02\/woman_paint_sunset_md_wht.gif\" width=\"130\" height=\"150\" \/>&nbsp;<\/p>\n<p><img decoding=\"async\" loading=\"lazy\" class=\"alignright size-full wp-image-246\" style=\"border: 0px;\" alt=\"prof_finny_reading_md_wht\" src=\"http:\/\/inglitiib.eu\/inglitiib\/wp-content\/uploads\/2014\/02\/prof_finny_reading_md_wht.gif\" width=\"124\" height=\"120\" \/><\/td>\n<\/tr>\n<\/tbody>\n<\/table>\n","protected":false},"excerpt":{"rendered":"<p>N\u00e4dala \u00f5ppetegevuste plaan: Esmasp\u00e4ev MUUSIKA ja LIIKUMINE Teisip\u00e4ev KUNST\/MAALIMINE Kolmap\u00e4ev MATEMAATIKA\/ETTELUGEMINE Neljap\u00e4ev KUNST\/VOOLIMINE\/KLEEPIMINE Reede MUUSIKA ja LIIKUMINE Voolimine ja kleepet\u00f6\u00f6 vahelduvad\u00a0\u00fcle\u00a0n\u00e4dala. \u00a0&nbsp;<\/p>\n","protected":false},"author":1,"featured_media":0,"parent":0,"menu_order":5,"comment_status":"closed","ping_status":"closed","template":"sidebar-page.php","meta":[],"_links":{"self":[{"href":"https:\/\/inglitiib.eu\/inglitiib\/wp-json\/wp\/v2\/pages\/14"}],"collection":[{"href":"https:\/\/inglitiib.eu\/inglitiib\/wp-json\/wp\/v2\/pages"}],"about":[{"href":"https:\/\/inglitiib.eu\/inglitiib\/wp-json\/wp\/v2\/types\/page"}],"author":[{"embeddable":true,"href":"https:\/\/inglitiib.eu\/inglitiib\/wp-json\/wp\/v2\/users\/1"}],"replies":[{"embeddable":true,"href":"https:\/\/inglitiib.eu\/inglitiib\/wp-json\/wp\/v2\/comments?post=14"}],"version-history":[{"count":0,"href":"https:\/\/inglitiib.eu\/inglitiib\/wp-json\/wp\/v2\/pages\/14\/revisions"}],"wp:attachment":[{"href":"https:\/\/inglitiib.eu\/inglitiib\/wp-json\/wp\/v2\/media?parent=14"}],"curies":[{"name":"wp","href":"https:\/\/api.w.org\/{rel}","templated":true}]}}