{"id":17,"date":"2013-01-29T16:17:15","date_gmt":"2013-01-29T14:17:15","guid":{"rendered":"http:\/\/inglitiib.eu\/?page_id=17"},"modified":"2022-11-23T18:55:06","modified_gmt":"2022-11-23T16:55:06","slug":"kontakt","status":"publish","type":"page","link":"https:\/\/inglitiib.eu\/inglitiib\/kontakt\/","title":{"rendered":"Kontakt"},"content":{"rendered":"<p>Harkuj\u00e4rve k\u00fcla,<br \/>\nKiriku tee 2, Harku vald, 76912<\/p>\n<p>Tallinna linna \u00fchistranspordi liin nr.<strong>27<\/strong><br \/>\ns\u00f5iduplaan\u00a0 <a href=\"http:\/\/soiduplaan.tallinn.ee\/#bus\/27\/a-b\/47007-1\">http:\/\/soiduplaan.tallinn.ee\/#bus\/27\/a-b\/47007-1<\/a><\/p>\n<p><strong>Lapsehoiuteenusele saamiseks v\u00f5tke \u00fchendust:<\/strong><br \/>\ntel. 5275731; e-mail:\u00a0<a href=\"mailto:remet@crimeless.eu\">remet@crimeless.eu<\/a><\/p>\n<p><iframe loading=\"lazy\" src=\"https:\/\/maps.google.com\/maps?q=Harju+County,+Kiriku+tee+2,+Harkuj%C3%A4rve,+Harku+Parish,+Estonia&amp;layer=c&amp;sll=59.416169,24.601479&amp;cbp=11,328.27,,0,-3.57&amp;cbll=59.415886,24.602149&amp;hl=en&amp;ie=UTF8&amp;hq=&amp;hnear=Kiriku+tee+2,+Harkuj%C3%A4rve,+76912,+Estonia&amp;t=m&amp;panoid=lat5Kmn0AvSNpj9qkAKBtQ&amp;source=embed&amp;ll=59.407399,24.611177&amp;spn=0.026209,0.077248&amp;z=14&amp;output=svembed\" width=\"900\" height=\"600\" frameborder=\"0\" marginwidth=\"0\" marginheight=\"0\" scrolling=\"no\"><\/iframe><br \/>\n<small><a style=\"color: #0000ff; text-align: left;\" href=\"https:\/\/maps.google.com\/maps?q=Harju+County,+Kiriku+tee+2,+Harkuj%C3%A4rve,+Harku+Parish,+Estonia&amp;layer=c&amp;sll=59.416169,24.601479&amp;cbp=11,328.27,,0,-3.57&amp;cbll=59.415886,24.602149&amp;hl=en&amp;ie=UTF8&amp;hq=&amp;hnear=Kiriku+tee+2,+Harkuj%C3%A4rve,+76912,+Estonia&amp;t=m&amp;panoid=lat5Kmn0AvSNpj9qkAKBtQ&amp;source=embed&amp;ll=59.407399,24.611177&amp;spn=0.026209,0.077248&amp;z=14\">Vaata suuremat kaarti<\/a><\/small><\/p>\n","protected":false},"excerpt":{"rendered":"<p>Harkuj\u00e4rve k\u00fcla, Kiriku tee 2, Harku vald, 76912 Tallinna linna \u00fchistranspordi liin nr.27 s\u00f5iduplaan\u00a0 http:\/\/soiduplaan.tallinn.ee\/#bus\/27\/a-b\/47007-1 Lapsehoiuteenusele saamiseks v\u00f5tke \u00fchendust: tel. 5275731; e-mail:\u00a0remet@crimeless.eu Vaata suuremat kaarti<\/p>\n","protected":false},"author":1,"featured_media":0,"parent":0,"menu_order":15,"comment_status":"closed","ping_status":"closed","template":"sidebar-page.php","meta":[],"_links":{"self":[{"href":"https:\/\/inglitiib.eu\/inglitiib\/wp-json\/wp\/v2\/pages\/17"}],"collection":[{"href":"https:\/\/inglitiib.eu\/inglitiib\/wp-json\/wp\/v2\/pages"}],"about":[{"href":"https:\/\/inglitiib.eu\/inglitiib\/wp-json\/wp\/v2\/types\/page"}],"author":[{"embeddable":true,"href":"https:\/\/inglitiib.eu\/inglitiib\/wp-json\/wp\/v2\/users\/1"}],"replies":[{"embeddable":true,"href":"https:\/\/inglitiib.eu\/inglitiib\/wp-json\/wp\/v2\/comments?post=17"}],"version-history":[{"count":2,"href":"https:\/\/inglitiib.eu\/inglitiib\/wp-json\/wp\/v2\/pages\/17\/revisions"}],"predecessor-version":[{"id":628,"href":"https:\/\/inglitiib.eu\/inglitiib\/wp-json\/wp\/v2\/pages\/17\/revisions\/628"}],"wp:attachment":[{"href":"https:\/\/inglitiib.eu\/inglitiib\/wp-json\/wp\/v2\/media?parent=17"}],"curies":[{"name":"wp","href":"https:\/\/api.w.org\/{rel}","templated":true}]}}