{"id":282,"date":"2014-02-15T20:06:19","date_gmt":"2014-02-15T18:06:19","guid":{"rendered":"http:\/\/inglitiib.eu\/inglitiib\/?page_id=282"},"modified":"2016-11-30T11:13:33","modified_gmt":"2016-11-30T09:13:33","slug":"dokumendid","status":"publish","type":"page","link":"https:\/\/inglitiib.eu\/inglitiib\/dokumendid\/","title":{"rendered":"Dokumendid"},"content":{"rendered":"<ul>\n<li><a href=\"http:\/\/inglitiib.eu\/inglitiib\/wp-content\/uploads\/2016\/11\/Harju-Maavalitsuse-tegevusluba.pdf\" target=\"_blank\">Maavalitsuse luba<\/a><\/li>\n<li><a href=\"http:\/\/inglitiib.eu\/inglitiib\/wp-content\/uploads\/2016\/11\/P\u00e4\u00e4steameti-luba.pdf\" target=\"_blank\">P\u00e4\u00e4steameti luba<\/a><\/li>\n<li><a href=\"http:\/\/inglitiib.eu\/inglitiib\/wp-content\/uploads\/2016\/11\/Terviseameti-luba.pdf\" target=\"_blank\">Terviseameti luba<\/a><\/li>\n<\/ul>\n<p><strong><span style=\"color: #993300;\">NB!<\/span><\/strong><\/p>\n<p>Koolitusluba omavad lasteaiad tegutsevad riikliku \u00f5ppekava alusel ja l\u00e4heb lasteaia kohatasu arvesse koolituskuluna, mille pealt riik tagastab lapsevanemale tulumaksu.<\/p>\n<p><strong>Lastehoid<\/strong> on aga riigi silmis <strong>sotsiaalteenus<\/strong>, mille eest makstud tasu ei ole koolituskulu. Lapsehoid <strong><em>Inglitiib<\/em><\/strong> ei oma koolitusluba.<\/p>\n","protected":false},"excerpt":{"rendered":"<p>Maavalitsuse luba P\u00e4\u00e4steameti luba Terviseameti luba NB! Koolitusluba omavad lasteaiad tegutsevad riikliku \u00f5ppekava alusel ja l\u00e4heb lasteaia kohatasu arvesse koolituskuluna, mille pealt riik tagastab lapsevanemale tulumaksu. Lastehoid on aga riigi silmis sotsiaalteenus, mille eest makstud tasu ei ole koolituskulu. Lapsehoid &hellip; <a href=\"https:\/\/inglitiib.eu\/inglitiib\/dokumendid\/\">Continue reading <span class=\"meta-nav\">&rarr;<\/span><\/a><\/p>\n","protected":false},"author":1,"featured_media":0,"parent":0,"menu_order":8,"comment_status":"closed","ping_status":"closed","template":"sidebar-page.php","meta":[],"_links":{"self":[{"href":"https:\/\/inglitiib.eu\/inglitiib\/wp-json\/wp\/v2\/pages\/282"}],"collection":[{"href":"https:\/\/inglitiib.eu\/inglitiib\/wp-json\/wp\/v2\/pages"}],"about":[{"href":"https:\/\/inglitiib.eu\/inglitiib\/wp-json\/wp\/v2\/types\/page"}],"author":[{"embeddable":true,"href":"https:\/\/inglitiib.eu\/inglitiib\/wp-json\/wp\/v2\/users\/1"}],"replies":[{"embeddable":true,"href":"https:\/\/inglitiib.eu\/inglitiib\/wp-json\/wp\/v2\/comments?post=282"}],"version-history":[{"count":0,"href":"https:\/\/inglitiib.eu\/inglitiib\/wp-json\/wp\/v2\/pages\/282\/revisions"}],"wp:attachment":[{"href":"https:\/\/inglitiib.eu\/inglitiib\/wp-json\/wp\/v2\/media?parent=282"}],"curies":[{"name":"wp","href":"https:\/\/api.w.org\/{rel}","templated":true}]}}