{"id":391,"date":"2015-11-29T22:02:09","date_gmt":"2015-11-29T20:02:09","guid":{"rendered":"http:\/\/inglitiib.eu\/inglitiib\/?page_id=391"},"modified":"2016-09-22T22:12:59","modified_gmt":"2016-09-22T20:12:59","slug":"detsember","status":"publish","type":"page","link":"https:\/\/inglitiib.eu\/inglitiib\/kuukava\/detsember\/","title":{"rendered":"Detsember"},"content":{"rendered":"<p><strong>P\u00e4kapikud piiluvad<\/strong><br \/>\nR\u00e4\u00e4gime, kes on p\u00e4kapikud, mida nad teevad ja vaatleme pilte p\u00e4kapikkudest. 1,5-3 aastased maalivad p\u00e4kapiku m\u00fctsi, 4-6 aastased p\u00e4kapiku. Tutvume m\u00f5istega j\u00f5uluvana. Kuulame ja laulame laule p\u00e4kapikkudest. Loeme jutte p\u00e4kapikkudest ja j\u00f5uluvanast. Meisterdame p\u00e4kapikke. R\u00e4\u00e4gime advendiajast.<\/p>\n<p>&nbsp;<\/p>\n<p><strong>J\u00f5ulumuinasjutt<\/strong><br \/>\nR\u00e4\u00e4gime erinevatest j\u00f5ulukommetest. R\u00e4\u00e4gime kuusest, selle tuppa toomisest ja ehtimisest. Vaatleme erinevaid kuuse ehteid. Valmistame paberist kette, mida saab kuusele riputada. Tutvume j\u00f5ulukaunistustega (j\u00f5ulukroon, j\u00f5ulup\u00e4rg). Vaatleme pilte j\u00f5ulutoitudest. Voolime piparkooke ja j\u00f5ulusaiu. Loeme j\u00f5uluteemalisi muinasjutte ja \u00f5pime j\u00f5ulusalme. Meisterdame j\u00f5ulukaarte. Kuulame ja laulame laule j\u00f5uludest ja p\u00e4kapikkudest. \u00d5pime hulki ja hulkadesse jaotamist kujundite j\u00e4rgi (jaotame paberist piparkooke kujundite j\u00e4rgi hulkadeks).<\/p>\n<p>&nbsp;<\/p>\n<p><strong>Vanaaja j\u00f5ulukombed<\/strong><br \/>\nR\u00e4\u00e4gime, kuidas t\u00e4histati j\u00f5ulusid vanasti. Tutvume erinevate j\u00f5uluv\u00e4rvidega. M\u00e4ngime rahvam\u00e4nge. R\u00e4\u00e4gime j\u00f5ululoomast (lambast). Meisterdame lamba. Maalime kuusele ehteid. Kuulame ja laulame j\u00f5ululaule.<\/p>\n<p>&nbsp;<\/p>\n<p><strong>Toomap\u00e4ev. J\u00f5ulud varsti k\u00e4es<\/strong><br \/>\nR\u00e4\u00e4gime toomap\u00e4evast. Kaunistame paberist piparkooke. Kuulame ja laulame j\u00f5ululaule. Kordame j\u00f5ulusalme. R\u00e4\u00e4gime j\u00f5uluvana t\u00f6\u00f6dest ja tegemistest. Loeme muinasjutte j\u00f5uludest.<\/p>\n<p>&nbsp;<\/p>\n<p><strong>Talv. Head vana aasta l\u00f5ppu ja head uut aastat!<\/strong><br \/>\nKuulame ja laulame talvelaule. Vaatleme talvepilte ja r\u00e4\u00e4gime, mida me talvel teha saame. Maalime lumememme. Loendame mitmest pallist lumememm koosneb ja \u00f5pime m\u00f5isteid suurem, v\u00e4iksem ja k\u00f5ige v\u00e4iksem. Voolime lumepalli. R\u00e4\u00e4gime vana aasta \u00e4rasaatmisest, vanaaasta\u00f5htust ja uue aasta vastuv\u00f5tmisest.<\/p>\n","protected":false},"excerpt":{"rendered":"<p>P\u00e4kapikud piiluvad R\u00e4\u00e4gime, kes on p\u00e4kapikud, mida nad teevad ja vaatleme pilte p\u00e4kapikkudest. 1,5-3 aastased maalivad p\u00e4kapiku m\u00fctsi, 4-6 aastased p\u00e4kapiku. Tutvume m\u00f5istega j\u00f5uluvana. Kuulame ja laulame laule p\u00e4kapikkudest. Loeme jutte p\u00e4kapikkudest ja j\u00f5uluvanast. Meisterdame p\u00e4kapikke. R\u00e4\u00e4gime advendiajast. &nbsp; J\u00f5ulumuinasjutt &hellip; <a href=\"https:\/\/inglitiib.eu\/inglitiib\/kuukava\/detsember\/\">Continue reading <span class=\"meta-nav\">&rarr;<\/span><\/a><\/p>\n","protected":false},"author":1,"featured_media":0,"parent":400,"menu_order":0,"comment_status":"closed","ping_status":"closed","template":"sidebar-page.php","meta":[],"_links":{"self":[{"href":"https:\/\/inglitiib.eu\/inglitiib\/wp-json\/wp\/v2\/pages\/391"}],"collection":[{"href":"https:\/\/inglitiib.eu\/inglitiib\/wp-json\/wp\/v2\/pages"}],"about":[{"href":"https:\/\/inglitiib.eu\/inglitiib\/wp-json\/wp\/v2\/types\/page"}],"author":[{"embeddable":true,"href":"https:\/\/inglitiib.eu\/inglitiib\/wp-json\/wp\/v2\/users\/1"}],"replies":[{"embeddable":true,"href":"https:\/\/inglitiib.eu\/inglitiib\/wp-json\/wp\/v2\/comments?post=391"}],"version-history":[{"count":0,"href":"https:\/\/inglitiib.eu\/inglitiib\/wp-json\/wp\/v2\/pages\/391\/revisions"}],"up":[{"embeddable":true,"href":"https:\/\/inglitiib.eu\/inglitiib\/wp-json\/wp\/v2\/pages\/400"}],"wp:attachment":[{"href":"https:\/\/inglitiib.eu\/inglitiib\/wp-json\/wp\/v2\/media?parent=391"}],"curies":[{"name":"wp","href":"https:\/\/api.w.org\/{rel}","templated":true}]}}