{"id":419,"date":"2016-03-06T11:08:15","date_gmt":"2016-03-06T09:08:15","guid":{"rendered":"http:\/\/inglitiib.eu\/inglitiib\/?page_id=419"},"modified":"2016-09-22T21:58:51","modified_gmt":"2016-09-22T19:58:51","slug":"marts","status":"publish","type":"page","link":"https:\/\/inglitiib.eu\/inglitiib\/kuukava\/marts\/","title":{"rendered":"M\u00e4rts"},"content":{"rendered":"<p><strong>P\u00f5hjamaa ja l\u00f5unamaa loomad<br \/>\n<\/strong>R\u00e4\u00e4gime l\u00f5unamaa ja p\u00f5hjamaa loomadest. V\u00f5rdleme: pruunkaru ja j\u00e4\u00e4karu ning l\u00f5vi ja tiigrit. R\u00e4\u00e4gime ka kaelkirjakust, elevandist ja ahvist. Loeme jutte loomadest. Kleebime tiigrile v\u00f6\u00f6did. Maalime elevanti. Tutvume m\u00f5istega loomaaed. M\u00e4ngime erinevaid liikumism\u00e4nge ja kuulame laule loomadest.<\/p>\n<p>&nbsp;<\/p>\n<p><strong>Naistep\u00e4ev. Erinevad elukutsed<br \/>\n<\/strong>R\u00e4\u00e4gime ja vaatleme pilte erinevatest elukutsetest. Kuulame laule erinevatest elukutsetest. M\u00e4ngime erinevaid liikumism\u00e4nge. R\u00e4\u00e4gime naistep\u00e4evast ja naistep\u00e4evakommetest. Maalime lilli. Voolime kooki. \u00d5pime m\u00f5isteid t\u00fcdruk ja poiss. Loeme raamatut \u201eLaura lood\u201d. \u00d5pime m\u00f5isteid: hommik, p\u00e4ev ja \u00f5htu. Kuulame laule hommikust p\u00e4evast ja \u00f5htust.<\/p>\n<p>&nbsp;<\/p>\n<p><strong>Emakeelep\u00e4ev. Varsti algab kevad<br \/>\n<\/strong>Kuulame laule kevadest. M\u00e4ngime liikumism\u00e4nge. R\u00e4\u00e4gime kevade tunnustest. Paneme pungadega puuoksad vaasi ja j\u00e4lgime nende arengut. Maalime kevadist pilti. R\u00e4\u00e4gime emakeelep\u00e4evast. Loeme luuletusi ja erinevaid muinasjutte. \u00d5pime ja kordame muinasjuttude abiga m\u00f5isteid suur- v\u00e4ike; lai- kitsas; pikk- l\u00fchike; all- peal; ees- taga. P\u00fc\u00fcame osasid muinasjutte ka l\u00e4bi m\u00e4ngida.<\/p>\n<p>&nbsp;<\/p>\n<p><strong>\u00dclest\u00f5usmisp\u00fchad. Kevad<br \/>\n<\/strong>Kuulame laule kevadest. R\u00e4\u00e4gime \u00fclest\u00f5usmisp\u00fchadest. Kuulame laule j\u00e4nesest. M\u00e4ngime m\u00e4ngu: \u201eTibu, tibu \u00e4ra n\u00e4ita\u201d. M\u00e4ngime ka erinevaid liikumism\u00e4nge ja m\u00e4nge palliga. Maalime (paberist) munadele mustreid. Loeme jutte \u201eMuna\u201d J.Oro. ja \u201eSipsik ja kevadised h\u00e4\u00e4led\u201d (Eno Raud). Voolime j\u00e4nest. Kuulame, kas kuuleme \u00f5ues olles kevade h\u00e4\u00e4li.<\/p>\n<p>&nbsp;<\/p>\n<p><strong>Linnud kevadel<br \/>\n<\/strong>Kuulame laule lindudest. Kuulame lindude laule. R\u00e4\u00e4gime, millised linnud tulevad l\u00f5unamaalt tagasi. R\u00e4\u00e4gime, mida linnud kevadel teevad. M\u00e4ngime lindude teemalisi liikumism\u00e4nge. Loeme jutte lindudest. \u00d5pime lindude kehaosi. Voolime linnupesa. Maalime linde. Kuulatame \u00f5ues olles, kas kuuleme lindude laule.<\/p>\n","protected":false},"excerpt":{"rendered":"<p>P\u00f5hjamaa ja l\u00f5unamaa loomad R\u00e4\u00e4gime l\u00f5unamaa ja p\u00f5hjamaa loomadest. V\u00f5rdleme: pruunkaru ja j\u00e4\u00e4karu ning l\u00f5vi ja tiigrit. R\u00e4\u00e4gime ka kaelkirjakust, elevandist ja ahvist. Loeme jutte loomadest. Kleebime tiigrile v\u00f6\u00f6did. Maalime elevanti. Tutvume m\u00f5istega loomaaed. M\u00e4ngime erinevaid liikumism\u00e4nge ja kuulame laule &hellip; <a href=\"https:\/\/inglitiib.eu\/inglitiib\/kuukava\/marts\/\">Continue reading <span class=\"meta-nav\">&rarr;<\/span><\/a><\/p>\n","protected":false},"author":1,"featured_media":0,"parent":400,"menu_order":0,"comment_status":"closed","ping_status":"closed","template":"sidebar-page.php","meta":[],"_links":{"self":[{"href":"https:\/\/inglitiib.eu\/inglitiib\/wp-json\/wp\/v2\/pages\/419"}],"collection":[{"href":"https:\/\/inglitiib.eu\/inglitiib\/wp-json\/wp\/v2\/pages"}],"about":[{"href":"https:\/\/inglitiib.eu\/inglitiib\/wp-json\/wp\/v2\/types\/page"}],"author":[{"embeddable":true,"href":"https:\/\/inglitiib.eu\/inglitiib\/wp-json\/wp\/v2\/users\/1"}],"replies":[{"embeddable":true,"href":"https:\/\/inglitiib.eu\/inglitiib\/wp-json\/wp\/v2\/comments?post=419"}],"version-history":[{"count":0,"href":"https:\/\/inglitiib.eu\/inglitiib\/wp-json\/wp\/v2\/pages\/419\/revisions"}],"up":[{"embeddable":true,"href":"https:\/\/inglitiib.eu\/inglitiib\/wp-json\/wp\/v2\/pages\/400"}],"wp:attachment":[{"href":"https:\/\/inglitiib.eu\/inglitiib\/wp-json\/wp\/v2\/media?parent=419"}],"curies":[{"name":"wp","href":"https:\/\/api.w.org\/{rel}","templated":true}]}}