{"id":424,"date":"2016-03-28T16:09:52","date_gmt":"2016-03-28T14:09:52","guid":{"rendered":"http:\/\/inglitiib.eu\/inglitiib\/?page_id=424"},"modified":"2016-09-22T22:01:02","modified_gmt":"2016-09-22T20:01:02","slug":"aprill","status":"publish","type":"page","link":"https:\/\/inglitiib.eu\/inglitiib\/kuukava\/aprill\/","title":{"rendered":"Aprill"},"content":{"rendered":"<p><strong>Linnud kevadel. Naljap\u00e4ev. Karjalaskep\u00e4ev<br \/>\n<\/strong>R\u00e4\u00e4gime, mida me sel n\u00e4dalal uut teada saime. Kuulame laule lindudest ja lindude laule. M\u00e4ngime liikumism\u00e4nge. R\u00e4\u00e4gime esimesest aprillist ehk naljap\u00e4evast. R\u00e4\u00e4gime ka karjalaskep\u00e4eva t\u00e4hendusest ja tegevustest sel p\u00e4eval.<\/p>\n<p>&nbsp;<\/p>\n<p><strong>T\u00f6\u00f6d ja tegemised kevadel. N\u00e4dalap\u00e4evad<br \/>\n<\/strong>R\u00e4\u00e4gime kevadt\u00f6\u00f6dest p\u00f5llul ja aias ning aiat\u00f6\u00f6riistadest. R\u00e4\u00e4gime, mida saab aiat\u00f6\u00f6riistadega teha. (Labidaga kaevame, kastekannuga kastame jne.). Voolime labidat.\u00a0Maalime kastekannu. R\u00e4\u00e4gime n\u00e4dalap\u00e4evadest. Loeme raamatut \u201eJussikese seitse s\u00f5pra\u201d. Kuulame laule kevadest ja m\u00e4ngime liikumism\u00e4nge.<\/p>\n<p>&nbsp;<\/p>\n<p><strong>Metsloomad kevadel. K\u00fcnnip\u00e4ev<br \/>\n<\/strong>R\u00e4\u00e4gime, millised metsloomad \u00e4rkavad kevadel talveunest. Loeme jutte metsloomadest. V\u00f5rdleme erinevaid metsloomi. Kleebime karu. Voolime siili. Loendame metsloomi piltidel. R\u00e4\u00e4gime, mida v\u00f5i keda metsloomad s\u00f6\u00f6vad. M\u00e4ngime erinevaid liikumism\u00e4nge, mis kinnistavad metsloomade liikumisviiside ja h\u00e4\u00e4lte tundmist. Kuulame laule metsloomadest. R\u00e4\u00e4gime k\u00fcnnip\u00e4evast.<\/p>\n<p>&nbsp;<\/p>\n<p><strong>Kevadlilled ja liblikad. J\u00fcrip\u00e4ev<br \/>\n<\/strong>R\u00e4\u00e4gime erinevatest kevadlilledest. Vaatame pilte kevadlilledest. Kleebime sinilille. Kuulame luuletusi kevadlilledest. Kuulame laule kevadlilledest. Maalime v\u00f5ilille. Vaatleme pilte liblikatest ja r\u00e4\u00e4gime, kuidas saab t\u00f5ugust liblikas. R\u00e4\u00e4gime j\u00fcrip\u00e4evast. \u00d5pime ja kordame m\u00f5isteid pikem, l\u00fchem, v\u00e4iksem, suurem ja \u00fchepikkused. M\u00e4ngime erinevaid liikumism\u00e4nge.<\/p>\n<p>&nbsp;<\/p>\n<p><strong>Erinevad veekogud ja kes veekogudes elavad?<br \/>\n<\/strong>R\u00e4\u00e4gime erinevatest veekogudest ja loomadest, kes veekogudes ning veekogude \u00fcmbruses elavad. R\u00e4\u00e4gime, mida nad s\u00f6\u00f6vad ja mida teevad. Loeme nendest jutte. Kordame v\u00e4rve. R\u00e4\u00e4gime kala kehaosadest. Teeme mullikiletr\u00fckki. Voolime kalu. Kuulame laule kaladest, kalap\u00fc\u00fcdmisest ja merest. M\u00e4ngime erinevaid liikumism\u00e4nge.<\/p>\n","protected":false},"excerpt":{"rendered":"<p>Linnud kevadel. Naljap\u00e4ev. Karjalaskep\u00e4ev R\u00e4\u00e4gime, mida me sel n\u00e4dalal uut teada saime. Kuulame laule lindudest ja lindude laule. M\u00e4ngime liikumism\u00e4nge. R\u00e4\u00e4gime esimesest aprillist ehk naljap\u00e4evast. R\u00e4\u00e4gime ka karjalaskep\u00e4eva t\u00e4hendusest ja tegevustest sel p\u00e4eval. &nbsp; T\u00f6\u00f6d ja tegemised kevadel. N\u00e4dalap\u00e4evad R\u00e4\u00e4gime &hellip; <a href=\"https:\/\/inglitiib.eu\/inglitiib\/kuukava\/aprill\/\">Continue reading <span class=\"meta-nav\">&rarr;<\/span><\/a><\/p>\n","protected":false},"author":1,"featured_media":0,"parent":400,"menu_order":0,"comment_status":"closed","ping_status":"closed","template":"sidebar-page.php","meta":[],"_links":{"self":[{"href":"https:\/\/inglitiib.eu\/inglitiib\/wp-json\/wp\/v2\/pages\/424"}],"collection":[{"href":"https:\/\/inglitiib.eu\/inglitiib\/wp-json\/wp\/v2\/pages"}],"about":[{"href":"https:\/\/inglitiib.eu\/inglitiib\/wp-json\/wp\/v2\/types\/page"}],"author":[{"embeddable":true,"href":"https:\/\/inglitiib.eu\/inglitiib\/wp-json\/wp\/v2\/users\/1"}],"replies":[{"embeddable":true,"href":"https:\/\/inglitiib.eu\/inglitiib\/wp-json\/wp\/v2\/comments?post=424"}],"version-history":[{"count":0,"href":"https:\/\/inglitiib.eu\/inglitiib\/wp-json\/wp\/v2\/pages\/424\/revisions"}],"up":[{"embeddable":true,"href":"https:\/\/inglitiib.eu\/inglitiib\/wp-json\/wp\/v2\/pages\/400"}],"wp:attachment":[{"href":"https:\/\/inglitiib.eu\/inglitiib\/wp-json\/wp\/v2\/media?parent=424"}],"curies":[{"name":"wp","href":"https:\/\/api.w.org\/{rel}","templated":true}]}}