{"id":429,"date":"2016-04-28T22:59:17","date_gmt":"2016-04-28T20:59:17","guid":{"rendered":"http:\/\/inglitiib.eu\/inglitiib\/?page_id=429"},"modified":"2016-09-22T22:03:42","modified_gmt":"2016-09-22T20:03:42","slug":"mai","status":"publish","type":"page","link":"https:\/\/inglitiib.eu\/inglitiib\/kuukava\/mai\/","title":{"rendered":"Mai"},"content":{"rendered":"<p><strong>Emadep\u00e4ev<br \/>\n<\/strong>Kuulame laule emadest. R\u00e4\u00e4gime emadep\u00e4evast. Loeme jutte emadep\u00e4evast. Teeme emadep\u00e4eva kaarte. Teeme kooki emadele. R\u00e4\u00e4gime, kuidas saame ema aidata. Loendame asju. \u00d5pime ja kordame m\u00f5isteid k\u00f5rval, peal ja paar. M\u00e4ngime m\u00e4ngu: \u201eLeia samasugune\u201d.<\/p>\n<p>&nbsp;<\/p>\n<p><strong>Loomad koduaias<br \/>\n<\/strong>Kordame koduloomi ja r\u00e4\u00e4gime, milliseid loomi v\u00f5ime peale koduloomade veel koduaias kohata? R\u00e4\u00e4gime mutist, vihmaussist ja teost. Voolime tigu. Loeme jutte mutist, vihmaussist ja teost. Tr\u00fckime l\u00f5ngajuppidega mustrit. Kuulame laule koduloomadest. M\u00e4ngime erinevaid liikumism\u00e4nge.<\/p>\n<p>&nbsp;<\/p>\n<p><strong>Putukad koduaias<br \/>\n<\/strong>R\u00e4\u00e4gime lepatriinust, sipelgatest ja mesilastest. Kuulame nendest laule. Tantsime lepatriinude tantsu. Maalime lepatriinut. Kleebime sipelgapesa. Loeme jutte lepatriinust, sipelgatest ja mesilastest. M\u00e4ngime ka erinevaid liikumism\u00e4nge.<\/p>\n<p>&nbsp;<\/p>\n<p><strong>Mets ja aas<br \/>\n<\/strong>V\u00f5rdleme metsa ja aasa. Maalime ja kleebime aasa. Kuulame laule metsast. M\u00e4ngime liikumism\u00e4nge ja teeme v\u00f5imlemisharjutusi. Loeme jutte puudest ja metsast. Vaatame erinevate puude pilte. Kui ilm v\u00f5imaldab joonistame ka \u00f5ues.<\/p>\n<p>&nbsp;<\/p>\n<p><strong>Ilm<br \/>\n<\/strong>Kuulame laule ilmastikun\u00e4htustest ja ilmast. M\u00e4ngime liikumism\u00e4nge. Maalime vikerkaart ning r\u00e4\u00e4gime, miks ja millal vikerkaar tekib.<\/p>\n","protected":false},"excerpt":{"rendered":"<p>Emadep\u00e4ev Kuulame laule emadest. R\u00e4\u00e4gime emadep\u00e4evast. Loeme jutte emadep\u00e4evast. Teeme emadep\u00e4eva kaarte. Teeme kooki emadele. R\u00e4\u00e4gime, kuidas saame ema aidata. Loendame asju. \u00d5pime ja kordame m\u00f5isteid k\u00f5rval, peal ja paar. M\u00e4ngime m\u00e4ngu: \u201eLeia samasugune\u201d. &nbsp; Loomad koduaias Kordame koduloomi ja &hellip; <a href=\"https:\/\/inglitiib.eu\/inglitiib\/kuukava\/mai\/\">Continue reading <span class=\"meta-nav\">&rarr;<\/span><\/a><\/p>\n","protected":false},"author":1,"featured_media":0,"parent":400,"menu_order":0,"comment_status":"closed","ping_status":"closed","template":"sidebar-page.php","meta":[],"_links":{"self":[{"href":"https:\/\/inglitiib.eu\/inglitiib\/wp-json\/wp\/v2\/pages\/429"}],"collection":[{"href":"https:\/\/inglitiib.eu\/inglitiib\/wp-json\/wp\/v2\/pages"}],"about":[{"href":"https:\/\/inglitiib.eu\/inglitiib\/wp-json\/wp\/v2\/types\/page"}],"author":[{"embeddable":true,"href":"https:\/\/inglitiib.eu\/inglitiib\/wp-json\/wp\/v2\/users\/1"}],"replies":[{"embeddable":true,"href":"https:\/\/inglitiib.eu\/inglitiib\/wp-json\/wp\/v2\/comments?post=429"}],"version-history":[{"count":0,"href":"https:\/\/inglitiib.eu\/inglitiib\/wp-json\/wp\/v2\/pages\/429\/revisions"}],"up":[{"embeddable":true,"href":"https:\/\/inglitiib.eu\/inglitiib\/wp-json\/wp\/v2\/pages\/400"}],"wp:attachment":[{"href":"https:\/\/inglitiib.eu\/inglitiib\/wp-json\/wp\/v2\/media?parent=429"}],"curies":[{"name":"wp","href":"https:\/\/api.w.org\/{rel}","templated":true}]}}