{"id":43,"date":"2013-01-29T17:11:46","date_gmt":"2013-01-29T15:11:46","guid":{"rendered":"http:\/\/inglitiib.eu\/?page_id=43"},"modified":"2014-02-12T14:54:20","modified_gmt":"2014-02-12T12:54:20","slug":"kodukord","status":"publish","type":"page","link":"https:\/\/inglitiib.eu\/inglitiib\/kodukord\/","title":{"rendered":"Kodukord"},"content":{"rendered":"<p align=\"center\"><strong>Lapsehoid Inglitiib kodukord<\/strong><\/p>\n<p><strong><i>1. Lapse lapsehoidu toomine ja koju viimine.<\/i><\/strong><\/p>\n<p>1.1. Lapsehoid on avatud E-R 8:00-18:00. Riigip\u00fchadel on p\u00e4evahoid suletud.<\/p>\n<p>1.2. Lapsehoiu \u00f5ppekeel on eesti keel.<\/p>\n<p>1.2. Eelistatud aeg lapse lapsehoidu toomiseks on enne tegevuste algust, kell 9:00.<\/p>\n<p>1.3. Lapsevanemal on \u00f5igus tuua last lapsehoidu ja viia \u00e4ra endale sobival ajal, kuid arvestusega, et see ei sega r\u00fchma tegevusplaani.<\/p>\n<p>1.4. Lapsevanem teavitab hoidjat, kui laps haigestub v\u00f5i mingil muul p\u00f5hjusel ei tule lapsehoidu (enne kella 8.15 hommikul) telefoni teel: 56 72 0008.<\/p>\n<p>1.5. Lapsevanem annab isiklikult lapse \u00fcle hoidjale ning j\u00e4rele tulles v\u00f5tab isiklikult lapse vastu hoidjalt. Hoidjatel on \u00f5igus laps \u00fcle anda ka vanemate poolt eelnevalt tutvustatud ja volitatud esindajatele. Lapsevanem teavitab hoidjat eelnevalt, kes lapsele j\u00e4rgi tuleb.<\/p>\n<p>1.6.Lapsehoiu lepingu saab s\u00f5lmida lapsehoiuga lapsevanem (ema\/isa) v\u00f5i lapse ametlik hooldaja, kes esitab lepingu s\u00f5lmimisel passi\/ID kaardi koopia.<\/p>\n<p>1.7.Lapsevanem peab esitama lapse toomisel esmakordselt lastehoidu s\u00fcnnitunnistuse koopia ning terviset\u00f5endi, mille v\u00e4ljastab lapsevanemale lapse perearst (terviset\u00f5endil palume \u00e4ra m\u00e4rkida lapse tervislik seisund, allergiad, kroonilised haigused, lapse pikkus ja kaal).<\/p>\n<p><strong><i>2. Riietus<\/i><\/strong><\/p>\n<p>2.1. Lapsevanem varustab lapse ilmastikule vastava riietusega (kaasa kindlasti kindad v.a. suvekuudel) ja kontrollib regulaarselt nende korrashoidu.<\/p>\n<p>2.2. Lapse heaolu arvestades on lapsel m\u00f5istlik hulk tagavarariideid (n\u00e4iteks: T-s\u00e4rk, l\u00fchikesed p\u00fcksid, seelik, sokid jne.)<\/p>\n<p>2.3. Et \u00e4ra hoida riiete ja jalan\u00f5ude kadumist ning vahetusse minemist on lapse riided ja jalan\u00f5ud varustatud lapse ees-ja perekonnanimega.<\/p>\n<p>2.4. Lapse \u00f5ueriided asuvad garderoobis ja isiklikud h\u00fcgieenitarbed ning vahetusriided lapse isiklikus kotis.<\/p>\n<p>2.5. Toas on vajalikud vahetusjalan\u00f5ud (soovitav on kand kinni kingad). Eelistatult sellised vahetusjalan\u00f5ud, mille jalga panekuga ja jalast \u00e4rav\u00f5tmisega saab laps ise hakkama.<\/p>\n<p>2.6. Lapsehoius puhkamiseks on lapsel vajalik magamise riided (pid\u017eaama v\u00f5i \u00f6\u00f6s\u00e4rk).<\/p>\n<p>2.7. Lapsel on lapsehoius vajalik 1 k\u00e4ter\u00e4tik, juhul kui laps, kasutab m\u00e4hkmeid, kamm v\u00f5i hari, \u00fchekordsed salvr\u00e4tikud ning noorematel lastel ka teised isikliku h\u00fcgieeni tarbed (m\u00e4hkmed, niisked salvr\u00e4tikud).<\/p>\n<p>2.8.S\u00f6\u00f6miseks kaasa panna lapsele pudip\u00f5ll (v\u00f5imalusel 2 tk).<\/p>\n<p><strong><i>3. S\u00f6\u00f6mine<\/i><\/strong><\/p>\n<p>3.1. Lapsehoius on kolm toidukorda (hommiku-, l\u00f5una- ja \u00f5htus\u00f6\u00f6k).<\/p>\n<p>3.2 Lapsevanem teavitab hoidjat, kui laps on m\u00f5ne toiduaine suhtes allergiline.<\/p>\n<p><strong><i>4. M\u00e4nguasjad<\/i><\/strong><\/p>\n<p>4.1. Laps v\u00f5ib lastehoidu kaasa tuua oma kaisum\u00e4nguasja, raamatu v\u00f5i m\u00f5ne muu lapsele v\u00e4ga olulise lelu.<\/p>\n<p>4.2. Kaasatoodud m\u00e4nguasja puhul kehtib reegel: \u201cluban m\u00e4nguasja ka s\u00f5brale\u201c.<\/p>\n<p>4.3. M\u00e4nguasjale on lisatud mingi tunnusm\u00e4rk, mille j\u00e4rgi saab kindlaks teha selle omaniku.<\/p>\n<p>4.4. Hoidja ei vastuta m\u00e4nguasja kadumise v\u00f5i katkimineku eest.<\/p>\n<p>4.5. Lapsehoidu ei ole soovitav tuua militaarseid ja lapse tervisele ohtlikke m\u00e4nguasju.<\/p>\n<p><strong><i>5. Haigused<\/i><\/strong><\/p>\n<p>5.1. Lapsehoidu tuleb terve laps. Haigena ei jaksa laps teiste laste hulgas olla, samuti on oht nakatada teisi lapsi.<\/p>\n<p>5.2. Hoidja ei anna lapsele lapsehoius vanema poolt kaasa pandud ravimeid ega luba ka lapsel neid v\u00f5tta.<\/p>\n<p>5.3. Kui laps haigestub lapsehoius, v\u00f5tab hoidja vanemaga kohe \u00fchendust.<\/p>\n<p>5.4. Kui laps vajab mingis osas erihoolt v\u00f5i t\u00e4helepanu, \u00f6elge palun seda kindlasti hoidjale.<\/p>\n<p><strong><i>6. Koost\u00f6\u00f6<\/i><\/strong><\/p>\n<p>6.1. Lapsevanemad on oodatud kaasa l\u00f6\u00f6ma hoiu igap\u00e4evastes t\u00f6\u00f6des ja tegemistes.<\/p>\n<p>6.2. Soovi korral on v\u00f5imalik kokku leppida perevestluse aeg.<\/p>\n<p>6.3. Inglitiib lapsehoius toimuv kajastub lapsehoiu kodulehel www.inglitiib.eu ja ooteruumis oleval infostendil.<\/p>\n<p>6.4. Laste s\u00fcnnip\u00e4evade t\u00e4histamine lepitakse lapsevanematega kokku.<\/p>\n<p><strong><i>7. Muu<\/i><\/strong><\/p>\n<p>7.1. Usaldage lapse hoidjat, palun r\u00e4\u00e4kige kodustest juhtumistest, mis v\u00f5ivad m\u00f5jutada teie lapse p\u00e4eva (n\u00e4it. halvasti magatud \u00f6\u00f6, probleemid tervisega), siis suudame paremini m\u00f5ista Teie last. Tundke huvi lapsehoius toimuva vastu.<\/p>\n<p>7.2. Parkimine toimub ainult lapsehoiu maja taga, maja ees asuvasse bussipeatusesse ei pargita.<\/p>\n","protected":false},"excerpt":{"rendered":"<p>Lapsehoid Inglitiib kodukord 1. Lapse lapsehoidu toomine ja koju viimine. 1.1. Lapsehoid on avatud E-R 8:00-18:00. Riigip\u00fchadel on p\u00e4evahoid suletud. 1.2. Lapsehoiu \u00f5ppekeel on eesti keel. 1.2. Eelistatud aeg lapse lapsehoidu toomiseks on enne tegevuste algust, kell 9:00. 1.3. Lapsevanemal &hellip; <a href=\"https:\/\/inglitiib.eu\/inglitiib\/kodukord\/\">Continue reading <span class=\"meta-nav\">&rarr;<\/span><\/a><\/p>\n","protected":false},"author":1,"featured_media":0,"parent":0,"menu_order":3,"comment_status":"closed","ping_status":"closed","template":"sidebar-page.php","meta":[],"_links":{"self":[{"href":"https:\/\/inglitiib.eu\/inglitiib\/wp-json\/wp\/v2\/pages\/43"}],"collection":[{"href":"https:\/\/inglitiib.eu\/inglitiib\/wp-json\/wp\/v2\/pages"}],"about":[{"href":"https:\/\/inglitiib.eu\/inglitiib\/wp-json\/wp\/v2\/types\/page"}],"author":[{"embeddable":true,"href":"https:\/\/inglitiib.eu\/inglitiib\/wp-json\/wp\/v2\/users\/1"}],"replies":[{"embeddable":true,"href":"https:\/\/inglitiib.eu\/inglitiib\/wp-json\/wp\/v2\/comments?post=43"}],"version-history":[{"count":0,"href":"https:\/\/inglitiib.eu\/inglitiib\/wp-json\/wp\/v2\/pages\/43\/revisions"}],"wp:attachment":[{"href":"https:\/\/inglitiib.eu\/inglitiib\/wp-json\/wp\/v2\/media?parent=43"}],"curies":[{"name":"wp","href":"https:\/\/api.w.org\/{rel}","templated":true}]}}