{"id":435,"date":"2016-05-30T21:59:50","date_gmt":"2016-05-30T19:59:50","guid":{"rendered":"http:\/\/inglitiib.eu\/inglitiib\/?page_id=435"},"modified":"2016-09-22T22:05:26","modified_gmt":"2016-09-22T20:05:26","slug":"juuni","status":"publish","type":"page","link":"https:\/\/inglitiib.eu\/inglitiib\/kuukava\/juuni\/","title":{"rendered":"Juuni"},"content":{"rendered":"<p><strong>Ilm. Lastekaitsep\u00e4ev<br \/>\n<\/strong>R\u00e4\u00e4gime ilmast ja ilmastikun\u00e4htustest. Loeme luuletusi ja jutte ilmast ning ilmastikun\u00e4htustest. R\u00e4\u00e4gime lastekaitsep\u00e4evast. Kuulame laule ilmastikun\u00e4htustest. M\u00e4ngime liikumism\u00e4nge.<\/p>\n<p>&nbsp;<\/p>\n<p><strong>\u00d5hk ja vesi<br \/>\n<\/strong>Loeme jutte ja luuletusi veest. Arutleme, miks on meil vett vaja? Puhume erinevaid esemeid (sulg, puuleht jne.). Vaatleme, kuidas need lendlevad. Kuulame laule tuulest. M\u00e4ngime liikumism\u00e4nge. Joonistame merelaineid. Kleebime kastekannu, veepiisad ja lille.<\/p>\n<p>&nbsp;<\/p>\n<p><strong>Varsti algab suvi. Mida saame suvel teha?<br \/>\n<\/strong>R\u00e4\u00e4gime, et varsti algab suvi. Kuulame laule suvest. R\u00e4\u00e4gime, mida saame suvel teha? Loeme jutte suvest ja suvetegevustest. Teeme v\u00f5imlemisharjutusi ja m\u00e4ngime liikumism\u00e4nge. Voolime palli ja maalime merd.<\/p>\n<p>&nbsp;<\/p>\n<p><strong>Suve algus. Jaanip\u00e4ev<br \/>\n<\/strong>R\u00e4\u00e4gime jaanip\u00e4eva kommetest ja suvest. Kuulame jaanip\u00e4eva teemalisi laule. Maalime l\u00f5ket. M\u00e4ngime liikumism\u00e4nge.<\/p>\n<p>&nbsp;<\/p>\n<p><strong>Suvi. Suvelilled<br \/>\n<\/strong>R\u00e4\u00e4gime suvel \u00f5itsevatest lilledest. Loeme luuletusi suvelilledest. Maalime suvel \u00f5itsevaid lilli. Kleebime suvelilli. Kuulame laule suvest ja suvelilledest ning m\u00e4ngime liikumism\u00e4nge. \u00d5pime ja kordame arve 1, 2 ja 3.<\/p>\n","protected":false},"excerpt":{"rendered":"<p>Ilm. Lastekaitsep\u00e4ev R\u00e4\u00e4gime ilmast ja ilmastikun\u00e4htustest. Loeme luuletusi ja jutte ilmast ning ilmastikun\u00e4htustest. R\u00e4\u00e4gime lastekaitsep\u00e4evast. Kuulame laule ilmastikun\u00e4htustest. M\u00e4ngime liikumism\u00e4nge. &nbsp; \u00d5hk ja vesi Loeme jutte ja luuletusi veest. Arutleme, miks on meil vett vaja? Puhume erinevaid esemeid (sulg, puuleht &hellip; <a href=\"https:\/\/inglitiib.eu\/inglitiib\/kuukava\/juuni\/\">Continue reading <span class=\"meta-nav\">&rarr;<\/span><\/a><\/p>\n","protected":false},"author":1,"featured_media":0,"parent":400,"menu_order":0,"comment_status":"closed","ping_status":"closed","template":"sidebar-page.php","meta":[],"_links":{"self":[{"href":"https:\/\/inglitiib.eu\/inglitiib\/wp-json\/wp\/v2\/pages\/435"}],"collection":[{"href":"https:\/\/inglitiib.eu\/inglitiib\/wp-json\/wp\/v2\/pages"}],"about":[{"href":"https:\/\/inglitiib.eu\/inglitiib\/wp-json\/wp\/v2\/types\/page"}],"author":[{"embeddable":true,"href":"https:\/\/inglitiib.eu\/inglitiib\/wp-json\/wp\/v2\/users\/1"}],"replies":[{"embeddable":true,"href":"https:\/\/inglitiib.eu\/inglitiib\/wp-json\/wp\/v2\/comments?post=435"}],"version-history":[{"count":0,"href":"https:\/\/inglitiib.eu\/inglitiib\/wp-json\/wp\/v2\/pages\/435\/revisions"}],"up":[{"embeddable":true,"href":"https:\/\/inglitiib.eu\/inglitiib\/wp-json\/wp\/v2\/pages\/400"}],"wp:attachment":[{"href":"https:\/\/inglitiib.eu\/inglitiib\/wp-json\/wp\/v2\/media?parent=435"}],"curies":[{"name":"wp","href":"https:\/\/api.w.org\/{rel}","templated":true}]}}