{"id":480,"date":"2016-09-19T21:10:06","date_gmt":"2016-09-19T19:10:06","guid":{"rendered":"http:\/\/inglitiib.eu\/inglitiib\/?page_id=480"},"modified":"2016-09-22T22:14:44","modified_gmt":"2016-09-22T20:14:44","slug":"august","status":"publish","type":"page","link":"https:\/\/inglitiib.eu\/inglitiib\/kuukava\/august\/","title":{"rendered":"August"},"content":{"rendered":"<p><strong>Marjad metsas<\/strong><br \/>\nR\u00e4\u00e4gime marjadest ja vaatame pilte metsas kasvavatest marjadest. Joonistame lemmik marja pildi. Vaatleme ja arutame, kus marjas kasvavad ja mida marjad kasvamiseks vajavad. Voolime marju. M\u00e4ngime liikumism\u00e4nge.<\/p>\n<p>&nbsp;<\/p>\n<p><strong>Vesi meie \u00fcmber<\/strong><br \/>\nLastele meeldib v\u00e4ga vees sulistamine. R\u00e4\u00e4gime erinevatest veekogudest (meri, j\u00f5gi, j\u00e4rv), kus saab ujumas k\u00e4ia. Joonistame veekogust pildi. Liivakastis ehitame liivalossi ja m\u00e4ngime liivavormidega.<\/p>\n<p>&nbsp;<\/p>\n<p><strong>Marjad aias<\/strong><br \/>\nR\u00e4\u00e4gime marjadest ja vaatame pilte aias kasvavatest marjadest. Joonistame lemmik marja pildi. Vaatleme ja arutame, kus marjas kasvavad ja mida marjad kasvamiseks vajavad. Voolime marju. M\u00e4ngime liikumism\u00e4nge.<\/p>\n","protected":false},"excerpt":{"rendered":"<p>Marjad metsas R\u00e4\u00e4gime marjadest ja vaatame pilte metsas kasvavatest marjadest. Joonistame lemmik marja pildi. Vaatleme ja arutame, kus marjas kasvavad ja mida marjad kasvamiseks vajavad. Voolime marju. M\u00e4ngime liikumism\u00e4nge. &nbsp; Vesi meie \u00fcmber Lastele meeldib v\u00e4ga vees sulistamine. R\u00e4\u00e4gime erinevatest &hellip; <a href=\"https:\/\/inglitiib.eu\/inglitiib\/kuukava\/august\/\">Continue reading <span class=\"meta-nav\">&rarr;<\/span><\/a><\/p>\n","protected":false},"author":1,"featured_media":0,"parent":400,"menu_order":8,"comment_status":"closed","ping_status":"closed","template":"sidebar-page.php","meta":[],"_links":{"self":[{"href":"https:\/\/inglitiib.eu\/inglitiib\/wp-json\/wp\/v2\/pages\/480"}],"collection":[{"href":"https:\/\/inglitiib.eu\/inglitiib\/wp-json\/wp\/v2\/pages"}],"about":[{"href":"https:\/\/inglitiib.eu\/inglitiib\/wp-json\/wp\/v2\/types\/page"}],"author":[{"embeddable":true,"href":"https:\/\/inglitiib.eu\/inglitiib\/wp-json\/wp\/v2\/users\/1"}],"replies":[{"embeddable":true,"href":"https:\/\/inglitiib.eu\/inglitiib\/wp-json\/wp\/v2\/comments?post=480"}],"version-history":[{"count":0,"href":"https:\/\/inglitiib.eu\/inglitiib\/wp-json\/wp\/v2\/pages\/480\/revisions"}],"up":[{"embeddable":true,"href":"https:\/\/inglitiib.eu\/inglitiib\/wp-json\/wp\/v2\/pages\/400"}],"wp:attachment":[{"href":"https:\/\/inglitiib.eu\/inglitiib\/wp-json\/wp\/v2\/media?parent=480"}],"curies":[{"name":"wp","href":"https:\/\/api.w.org\/{rel}","templated":true}]}}