{"id":483,"date":"2016-09-19T21:10:41","date_gmt":"2016-09-19T19:10:41","guid":{"rendered":"http:\/\/inglitiib.eu\/inglitiib\/?page_id=483"},"modified":"2016-09-22T22:07:43","modified_gmt":"2016-09-22T20:07:43","slug":"september","status":"publish","type":"page","link":"https:\/\/inglitiib.eu\/inglitiib\/kuukava\/september\/","title":{"rendered":"September"},"content":{"rendered":"<p><strong>Liiklus<\/strong><br \/>\nR\u00e4\u00e4gime autodest ja sellest, mis on helkur. Iga laps saab endale helkuri. Joonistame autosid ja v\u00e4rvime neid. R\u00e4\u00e4gime sellest, miks ei tohi auto teele jooksma minna ja mida tuleb liikluses t\u00e4hele panna.<\/p>\n<p>&nbsp;<\/p>\n<p><strong>S\u00fcgis aias<\/strong><br \/>\nR\u00e4\u00e4gime s\u00fcgisandidest ja sellest, mida on v\u00f5imalik aias ise kasvatada. Vaatleme pilte kartulitest, porganditest, \u00f5untest, marjadest jm.<\/p>\n<p>&nbsp;<\/p>\n<p><strong>S\u00fcgis metsas<\/strong><br \/>\nR\u00e4\u00e4gime sellest, kuidas suvi l\u00f5pu saab ja mis m\u00e4rke hakkab loodus n\u00e4itama, et s\u00fcgis hakkab tulema. V\u00e4rvime puulehte. Otsime \u00f5uest puulehti, mis on v\u00e4rvi muutnud. J\u00e4lgime puid ja p\u00f5\u00f5said ning v\u00e4rve nendel.<\/p>\n<p>&nbsp;<\/p>\n<p><strong>S\u00fcgis p\u00f5llul<\/strong><br \/>\nR\u00e4\u00e4gime sellest, mida annab meile p\u00f5ld. P\u00f5llul saab kasvatada vilja ja vaatleme erinevate viljade sorte (kaer, nisu, rukis) ja arutleme selle \u00fcle, mis sellest teha saab. Joonistame pilte leivast. Vaatleme pilte suurtest traktoritest, mis p\u00f5llul t\u00f6\u00f6d teevad.<\/p>\n","protected":false},"excerpt":{"rendered":"<p>Liiklus R\u00e4\u00e4gime autodest ja sellest, mis on helkur. Iga laps saab endale helkuri. Joonistame autosid ja v\u00e4rvime neid. R\u00e4\u00e4gime sellest, miks ei tohi auto teele jooksma minna ja mida tuleb liikluses t\u00e4hele panna. &nbsp; S\u00fcgis aias R\u00e4\u00e4gime s\u00fcgisandidest ja sellest, &hellip; <a href=\"https:\/\/inglitiib.eu\/inglitiib\/kuukava\/september\/\">Continue reading <span class=\"meta-nav\">&rarr;<\/span><\/a><\/p>\n","protected":false},"author":1,"featured_media":0,"parent":400,"menu_order":9,"comment_status":"closed","ping_status":"closed","template":"sidebar-page.php","meta":[],"_links":{"self":[{"href":"https:\/\/inglitiib.eu\/inglitiib\/wp-json\/wp\/v2\/pages\/483"}],"collection":[{"href":"https:\/\/inglitiib.eu\/inglitiib\/wp-json\/wp\/v2\/pages"}],"about":[{"href":"https:\/\/inglitiib.eu\/inglitiib\/wp-json\/wp\/v2\/types\/page"}],"author":[{"embeddable":true,"href":"https:\/\/inglitiib.eu\/inglitiib\/wp-json\/wp\/v2\/users\/1"}],"replies":[{"embeddable":true,"href":"https:\/\/inglitiib.eu\/inglitiib\/wp-json\/wp\/v2\/comments?post=483"}],"version-history":[{"count":0,"href":"https:\/\/inglitiib.eu\/inglitiib\/wp-json\/wp\/v2\/pages\/483\/revisions"}],"up":[{"embeddable":true,"href":"https:\/\/inglitiib.eu\/inglitiib\/wp-json\/wp\/v2\/pages\/400"}],"wp:attachment":[{"href":"https:\/\/inglitiib.eu\/inglitiib\/wp-json\/wp\/v2\/media?parent=483"}],"curies":[{"name":"wp","href":"https:\/\/api.w.org\/{rel}","templated":true}]}}