{"id":488,"date":"2016-09-19T21:11:52","date_gmt":"2016-09-19T19:11:52","guid":{"rendered":"http:\/\/inglitiib.eu\/inglitiib\/?page_id=488"},"modified":"2016-09-22T22:10:33","modified_gmt":"2016-09-22T20:10:33","slug":"november","status":"publish","type":"page","link":"https:\/\/inglitiib.eu\/inglitiib\/kuukava\/november\/","title":{"rendered":"November"},"content":{"rendered":"<p><strong>Isad<\/strong><br \/>\nR\u00e4\u00e4gime isadest. Iga\u00fcks v\u00f5tab kaasa pildi enda isast. Joonistame isadest pildi ja valmistame isadep\u00e4evaks isadele kaardi. Isadep\u00e4eval kutsume isad \u00fchisele istumisele ja s\u00f6\u00f6me isevalmistatud k\u00fcpsisetorti. K\u00fcpsisetordi valmistame koost\u00f6\u00f6s \u00f5petajate ja teiste lastega.<\/p>\n<p>&nbsp;<\/p>\n<p><strong>Mardip\u00e4ev<\/strong><br \/>\nR\u00e4\u00e4gime mardip\u00e4eva traditsioonidest l\u00e4bi ajaloo. Kuulame ja laulame mardip\u00e4eva laule. Valmistame n\u00e4o maski. Tantsime mardi laule. Mardip\u00e4evast algas vanasti talveaeg. Inimesed hakkasid tegema rohkem t\u00f6\u00f6d toas. V\u00e4lit\u00f6\u00f6d pidid olema l\u00f5petatud. Mardilaup\u00e4eval k\u00e4ivad ringi mardisandid. Mardilaup\u00e4ev on 9. novembril. See on \u00fcks p\u00e4ev enne mardip\u00e4eva. Mardisandid k\u00e4ivad \u00f5htul perest peresse. Vanasti olid mardisantideks ainult mehed. T\u00e4nap\u00e4eval maskeerivad ennast martideks nii poisid kui t\u00fcdrukud. Mardisandid panevad selga tumedad riided v\u00f5i pahupidi p\u00f6\u00f6ratud kasukad. Mardid laulavad ja m\u00e4ngivad pilli.<\/p>\n<p>&nbsp;<\/p>\n<p><strong>Eesti talurahvas ja rahvakombed<\/strong><br \/>\nVaatleme fotosid vanadest aegadest, et kuidas ja kus elasid taludes inimesed. R\u00e4\u00e4gime sellest, mis toitu nad s\u00f5id ja mis jooke nad j\u00f5id ja kas nad said neid asju osta kauplustest. Joonistame foto talu majast ja seal elavatest loomadest.<\/p>\n<p>&nbsp;<\/p>\n<p><strong>Kadrip\u00e4ev<\/strong><br \/>\nKadrilaup\u00e4eval k\u00e4ivad ringi kadrisandid. Kadrilaup\u00e4ev on 24. novembril. See on \u00fcks p\u00e4ev enne kadrip\u00e4eva. Kadrid k\u00e4ivad \u00f5htul perest peresse. Vanasti olid kadrisantideks ainult naised. T\u00e4nap\u00e4eval maskeerivad ennast kadrideks nii t\u00fcdrukud kui poisid. Kadrid panevad selga valged riided. Nad maskeerivad \u00e4ra ka oma n\u00e4o. Kadrid laulavad ja m\u00e4ngivad pilli. Kadrid alustavad laulmist juba ukse taga. Oma lauluga paluvad nad tuppa laskmist. Seal nad t\u00e4navad pererahvast tuppa saamise eest.<\/p>\n","protected":false},"excerpt":{"rendered":"<p>Isad R\u00e4\u00e4gime isadest. Iga\u00fcks v\u00f5tab kaasa pildi enda isast. Joonistame isadest pildi ja valmistame isadep\u00e4evaks isadele kaardi. Isadep\u00e4eval kutsume isad \u00fchisele istumisele ja s\u00f6\u00f6me isevalmistatud k\u00fcpsisetorti. K\u00fcpsisetordi valmistame koost\u00f6\u00f6s \u00f5petajate ja teiste lastega. &nbsp; Mardip\u00e4ev R\u00e4\u00e4gime mardip\u00e4eva traditsioonidest l\u00e4bi ajaloo. &hellip; <a href=\"https:\/\/inglitiib.eu\/inglitiib\/kuukava\/november\/\">Continue reading <span class=\"meta-nav\">&rarr;<\/span><\/a><\/p>\n","protected":false},"author":1,"featured_media":0,"parent":400,"menu_order":11,"comment_status":"closed","ping_status":"closed","template":"sidebar-page.php","meta":[],"_links":{"self":[{"href":"https:\/\/inglitiib.eu\/inglitiib\/wp-json\/wp\/v2\/pages\/488"}],"collection":[{"href":"https:\/\/inglitiib.eu\/inglitiib\/wp-json\/wp\/v2\/pages"}],"about":[{"href":"https:\/\/inglitiib.eu\/inglitiib\/wp-json\/wp\/v2\/types\/page"}],"author":[{"embeddable":true,"href":"https:\/\/inglitiib.eu\/inglitiib\/wp-json\/wp\/v2\/users\/1"}],"replies":[{"embeddable":true,"href":"https:\/\/inglitiib.eu\/inglitiib\/wp-json\/wp\/v2\/comments?post=488"}],"version-history":[{"count":0,"href":"https:\/\/inglitiib.eu\/inglitiib\/wp-json\/wp\/v2\/pages\/488\/revisions"}],"up":[{"embeddable":true,"href":"https:\/\/inglitiib.eu\/inglitiib\/wp-json\/wp\/v2\/pages\/400"}],"wp:attachment":[{"href":"https:\/\/inglitiib.eu\/inglitiib\/wp-json\/wp\/v2\/media?parent=488"}],"curies":[{"name":"wp","href":"https:\/\/api.w.org\/{rel}","templated":true}]}}