{"id":85,"date":"2013-04-11T17:05:18","date_gmt":"2013-04-11T15:05:18","guid":{"rendered":"http:\/\/inglitiib.eu\/?page_id=85"},"modified":"2014-02-15T20:07:54","modified_gmt":"2014-02-15T18:07:54","slug":"eetikakoodeks","status":"publish","type":"page","link":"https:\/\/inglitiib.eu\/inglitiib\/eetikakoodeks\/","title":{"rendered":"Eetikakoodeks"},"content":{"rendered":"<p><a href=\"http:\/\/inglitiib.eu\/inglitiib\/wp-content\/uploads\/2013\/04\/VABAUHENDUSTE_TEGEVUSE_EETILISED_POHIMOTTED.pdf\" target=\"_blank\">Vaba\u00fchenduste tegevuse eetilised p\u00f5him\u00f5tted<\/a> (PDF)<br \/>\n<a href=\"http:\/\/inglitiib.eu\/inglitiib\/wp-content\/uploads\/2013\/04\/sotsiaaltoo_eetikakoodeks.pdf\" target=\"_blank\">Sotsiaalt\u00f6\u00f6 eetikakoodeks<\/a> (PDF)<\/p>\n","protected":false},"excerpt":{"rendered":"<p>Vaba\u00fchenduste tegevuse eetilised p\u00f5him\u00f5tted (PDF) Sotsiaalt\u00f6\u00f6 eetikakoodeks (PDF)<\/p>\n","protected":false},"author":1,"featured_media":0,"parent":0,"menu_order":9,"comment_status":"closed","ping_status":"closed","template":"sidebar-page.php","meta":[],"_links":{"self":[{"href":"https:\/\/inglitiib.eu\/inglitiib\/wp-json\/wp\/v2\/pages\/85"}],"collection":[{"href":"https:\/\/inglitiib.eu\/inglitiib\/wp-json\/wp\/v2\/pages"}],"about":[{"href":"https:\/\/inglitiib.eu\/inglitiib\/wp-json\/wp\/v2\/types\/page"}],"author":[{"embeddable":true,"href":"https:\/\/inglitiib.eu\/inglitiib\/wp-json\/wp\/v2\/users\/1"}],"replies":[{"embeddable":true,"href":"https:\/\/inglitiib.eu\/inglitiib\/wp-json\/wp\/v2\/comments?post=85"}],"version-history":[{"count":0,"href":"https:\/\/inglitiib.eu\/inglitiib\/wp-json\/wp\/v2\/pages\/85\/revisions"}],"wp:attachment":[{"href":"https:\/\/inglitiib.eu\/inglitiib\/wp-json\/wp\/v2\/media?parent=85"}],"curies":[{"name":"wp","href":"https:\/\/api.w.org\/{rel}","templated":true}]}}